{"id":1972,"date":"2025-10-09T01:03:53","date_gmt":"2025-10-09T01:03:53","guid":{"rendered":"http:\/\/zaharascents.me\/?post_type=product&#038;p=1972"},"modified":"2026-04-25T17:39:22","modified_gmt":"2026-04-25T17:39:22","slug":"swiss-arabian-shaghaf-oud-aswad","status":"publish","type":"product","link":"http:\/\/zaharascents.me\/me\/shop\/swiss-arabian-shaghaf-oud-aswad\/","title":{"rendered":"Swiss Arabian Shaghaf Oud Aswad"},"content":{"rendered":"<h5>Zagonetni mirisni pe\u010dat tamne ru\u017ee i ouda<\/h5>\n<p class=\"translation-block\"><strong>Swiss Arabian Shaghaf Oud Aswad<\/strong> je o\u010daravaju\u0107a parfemska voda koja istra\u017euje duboke i misteriozne aspekte amber parfimerije. Smje\u0161ten u upe\u010datljivu crno-zlatnu bo\u010dicu, ovo je kompleksna, strastvena kompozicija koja majstorski balansira nje\u017enu cvjetnu eleganciju sa sirovom snagom tamnog drveta i za\u010dina. Kreiran je za odva\u017ene poznavaoce koji tra\u017ee visoko sofisticiran, zagonetan mirisni pe\u010dat koji privla\u010di pa\u017enju i ostavlja auru apsolutne misterije.<\/p>\n<h5>Mirisni profil i kompozicija<\/h5>\n<p>Parfem se otvara zadivljuju\u0107im i duboko aromati\u010dnim uvodom. Ko\u017ena, zlatna toplina dragocjenog \u0161afrana prelijepo se stapa sa biljnim karakterom maj\u010dine du\u0161ice i bezvremenskom romantikom procvjetale ru\u017ee. Ovo zadivljuju\u0107e otvaranje gradi osje\u0107aj i\u0161\u010dekivanja, postavljaju\u0107i luksuzan i pomalo nepredvidiv ton od prve kapi.<\/p>\n<p>Kako se po\u010detna blistavost razvija na ko\u017ei, srce otkriva zadivljuju\u0107e kompleksnu i sna\u017eno za\u010dinjenu sr\u017e. Nje\u017eni buket jasmina i drugi sloj ru\u017ee briljantno su u kontrastu sa o\u0161trom, zemljanom toplinom korijandera i kumina. Ova sofisticirana srednja faza djeluje kao most, gdje se \u010dista elegancija cvije\u0107a stapa sa tamnim, drvenastim intenzitetom pa\u010dulija i prvim mo\u0107nim talasima ouda.<\/p>\n<p>U svojim zavr\u0161nim fazama, kompozicija prelazi u izuzetno bogatu, senzualnu i beskrajno postojanu bazu. Veli\u010danstveno prisustvo \u010distog ouda majstorski je obavijeno umiruju\u0107om toplinom zlatnog ambera i slatke vanile. Defini\u0161u\u0107i dodir glatke, bogate ko\u017ee i \u010distog mo\u0161usa pru\u017ea \u010dvrst, sofisticiran temelj, osiguravaju\u0107i dugotrajan, bar\u0161unast mirisni trag koji u potpunosti obavija svog nosioca aurom \u010distog, beskompromisnog luksuza.<\/p>","protected":false},"excerpt":{"rendered":"<p><strong>SHAGHAF KOLEKCIJA<\/strong><\/p>\n<p><strong>Unisex \/ Eau de Parfum \/ 75ml<\/strong><\/p>\n<p><strong>Mirisni profil: <\/strong>Amberni, Drvenasti<\/p>\n<p><strong>Gornje note: <\/strong>\u0160afran, Maj\u010dina du\u0161ica, Ru\u017ea<br \/>\n<strong>Srednje note: <\/strong>Korijander, Kumin, Ru\u017ea, Jasmin, Pa\u010duli, Oud<br \/>\n<strong>Bazne note: <\/strong>Mo\u0161us, Sandalovina, Ko\u017ea, Oud, Amber, Vanila<\/p>","protected":false},"featured_media":8287,"template":"","meta":[],"product_brand":[84],"product_cat":[90,85,105],"product_tag":[88,87],"class_list":{"0":"post-1972","1":"product","2":"type-product","3":"status-publish","4":"has-post-thumbnail","6":"product_brand-swiss-arabian","7":"product_cat-eau-de-parfum","8":"product_cat-perfumes","9":"product_cat-unisex","10":"product_tag-shaghaf-collection","11":"product_tag-swiss-arabian","13":"first","14":"instock","15":"taxable","16":"shipping-taxable","17":"purchasable","18":"product-type-variable"},"_links":{"self":[{"href":"http:\/\/zaharascents.me\/me\/wp-json\/wp\/v2\/product\/1972","targetHints":{"allow":["GET"]}}],"collection":[{"href":"http:\/\/zaharascents.me\/me\/wp-json\/wp\/v2\/product"}],"about":[{"href":"http:\/\/zaharascents.me\/me\/wp-json\/wp\/v2\/types\/product"}],"wp:featuredmedia":[{"embeddable":true,"href":"http:\/\/zaharascents.me\/me\/wp-json\/wp\/v2\/media\/8287"}],"wp:attachment":[{"href":"http:\/\/zaharascents.me\/me\/wp-json\/wp\/v2\/media?parent=1972"}],"wp:term":[{"taxonomy":"product_brand","embeddable":true,"href":"http:\/\/zaharascents.me\/me\/wp-json\/wp\/v2\/product_brand?post=1972"},{"taxonomy":"product_cat","embeddable":true,"href":"http:\/\/zaharascents.me\/me\/wp-json\/wp\/v2\/product_cat?post=1972"},{"taxonomy":"product_tag","embeddable":true,"href":"http:\/\/zaharascents.me\/me\/wp-json\/wp\/v2\/product_tag?post=1972"}],"curies":[{"name":"wp","href":"https:\/\/api.w.org\/{rel}","templated":true}]}}