{"id":2031,"date":"2025-10-09T01:09:09","date_gmt":"2025-10-09T01:09:09","guid":{"rendered":"http:\/\/zaharascents.me\/?post_type=product&#038;p=2031"},"modified":"2026-04-25T17:41:03","modified_gmt":"2026-04-25T17:41:03","slug":"swiss-arabian-shaghaf-vanilija-toffee","status":"publish","type":"product","link":"http:\/\/zaharascents.me\/me\/shop\/swiss-arabian-shaghaf-vanilla-toffee\/","title":{"rendered":"Swiss Arabian Shaghaf Vanilija Toffee"},"content":{"rendered":"<h5>Veli\u010danstvena simfonija karamele i urmi<\/h5>\n<p class=\"translation-block\"><strong>Swiss Arabian Shaghaf Vanilla Toffee<\/strong> je zadivljuju\u0107a parfemska voda koja redefini\u0161e umjetnost gurmanske parfimerije. Ovaj miris je maestralan u\u017eitak, koji stapa umiruju\u0107u toplinu tradicionalnih poslastica sa sofisticiranom dubinom orijentalnih za\u010dina i drveta. Dizajniran je za one koji cijene visoko zavisni\u010dki, neodoljiv mirisni pe\u010dat koji odi\u0161e \u010distom rasko\u0161i, primamljivim \u0161armom i neospornim luksuzom.<\/p>\n<h5>Mirisni profil i kompozicija<\/h5>\n<p>Parfem se otvara nevjerovatno dekadentnim i energi\u010dnim naletom slatko\u0107e. Bogata, zlatna toplina puteraste karamele majstorski je u kontrastu sa tamnim, pr\u017eenim intenzitetom autenti\u010dne arapske kafe. Ovaj dinami\u010dni uvod pru\u017ea trenutni osje\u0107aj luksuzne udobnosti, momentalno o\u010daravaju\u0107i \u010dula svojim rasko\u0161nim i hrabrim karakterom od prve kapi.<\/p>\n<p>Kako se po\u010detno bogatstvo razvija na ko\u017ei, srce otkriva veli\u010danstvenu i egzoti\u010dnu gurmansku sr\u017e. Ukusna, ora\u0161asta aroma peciva od oraha besprekorno je pomije\u0161ana sa bar\u0161unastom glatko\u0107om kremastog mlijeka od urmi. Izda\u0161an dodir slatke vanile i sofisticirani, aromati\u010dni za\u010din kardamoma provla\u010de se kroz ovaj rasko\u0161ni centar, stvaraju\u0107i srednju fazu koja budi nostalgiju, a istovremeno zvu\u010di apsolutno veli\u010danstveno.<\/p>\n<p>U svojim zavr\u0161nim fazama, kompozicija prelazi u duboko toplu, smolastu i izuzetno postojanu bazu. Rasko\u0161na slatko\u0107a kavijara madagaskarske vanile i tamnog sme\u0111eg \u0161e\u0107era majstorski je obavijena kremastom, bademastom privla\u010dno\u0161\u0107u zrna tonke i toplog benzoina. Prefinjen spoj mekih drvenastih nota i \u010distog mo\u0161usa pru\u017ea \u010dvrst, sofisticiran oslonac, ostavljaju\u0107i zavodljiv, o\u010daravaju\u0107i trag koji se satima prelijepo zadr\u017eava na ko\u017ei.<\/p>","protected":false},"excerpt":{"rendered":"<p><strong>SHAGHAF KOLEKCIJA<\/strong><\/p>\n<p><strong>Unisex \/ Eau de Parfum \/ 75ml<\/strong><\/p>\n<p><strong>Mirisni profil: <\/strong>Gurmanski, Amberni, Drvenasti<\/p>\n<p><strong>Gornje note: <\/strong>Puterasta karamela (Toffee), Arapska kafa<br \/>\n<strong>Srednje note: <\/strong>Pecivo od oraha, Mlijeko od urmi, Vanila, Kardamom<br \/>\n<strong>Bazne note: <\/strong>Madagaskarska vanila, Kavijar, Sme\u0111i \u0161e\u0107er, Benzoin, Tonka, Mo\u0161us, Drvenaste note<\/p>","protected":false},"featured_media":2032,"template":"","meta":[],"product_brand":[84],"product_cat":[90,85,105],"product_tag":[88,87],"class_list":{"0":"post-2031","1":"product","2":"type-product","3":"status-publish","4":"has-post-thumbnail","6":"product_brand-swiss-arabian","7":"product_cat-eau-de-parfum","8":"product_cat-perfumes","9":"product_cat-unisex","10":"product_tag-shaghaf-collection","11":"product_tag-swiss-arabian","13":"first","14":"instock","15":"taxable","16":"shipping-taxable","17":"purchasable","18":"product-type-variable"},"_links":{"self":[{"href":"http:\/\/zaharascents.me\/me\/wp-json\/wp\/v2\/product\/2031","targetHints":{"allow":["GET"]}}],"collection":[{"href":"http:\/\/zaharascents.me\/me\/wp-json\/wp\/v2\/product"}],"about":[{"href":"http:\/\/zaharascents.me\/me\/wp-json\/wp\/v2\/types\/product"}],"wp:featuredmedia":[{"embeddable":true,"href":"http:\/\/zaharascents.me\/me\/wp-json\/wp\/v2\/media\/2032"}],"wp:attachment":[{"href":"http:\/\/zaharascents.me\/me\/wp-json\/wp\/v2\/media?parent=2031"}],"wp:term":[{"taxonomy":"product_brand","embeddable":true,"href":"http:\/\/zaharascents.me\/me\/wp-json\/wp\/v2\/product_brand?post=2031"},{"taxonomy":"product_cat","embeddable":true,"href":"http:\/\/zaharascents.me\/me\/wp-json\/wp\/v2\/product_cat?post=2031"},{"taxonomy":"product_tag","embeddable":true,"href":"http:\/\/zaharascents.me\/me\/wp-json\/wp\/v2\/product_tag?post=2031"}],"curies":[{"name":"wp","href":"https:\/\/api.w.org\/{rel}","templated":true}]}}