{"id":2104,"date":"2025-10-09T03:01:03","date_gmt":"2025-10-09T03:01:03","guid":{"rendered":"http:\/\/zaharascents.me\/?post_type=product&#038;p=2104"},"modified":"2026-04-20T18:04:52","modified_gmt":"2026-04-20T18:04:52","slug":"swiss-arabian-passion-of-venice","status":"publish","type":"product","link":"http:\/\/zaharascents.me\/me\/shop\/swiss-arabian-passion-of-venice\/","title":{"rendered":"Swiss Arabian Passion of Venice"},"content":{"rendered":"<h5>Drvenasti eho romanti\u010dne Venecije<\/h5>\n<p class=\"translation-block\"><strong>Swiss Arabian Passion of Venice<\/strong> je vrhunski drvenasto-mo\u0161usni *Extrait de Parfum* koji lijepo obuhva\u0107a tajanstvenu privla\u010dnost ovog jedinstvenog, povijesnog grada. Pripadaju\u0107i cijenjenoj kolekciji Cities, predstavlja elegantno mirisno putovanje na mjesto koje su dugo obo\u017eavali umjetnici i pjesnici. Ovaj miris je zauvijek uhva\u0107eno bla\u017eeno sje\u0107anje, dizajniran za one koji tra\u017ee odva\u017ean luksuz i bezvremensku sofisticiranost.<\/p>\n<h5>Mirisni profil i kompozicija<\/h5>\n<p>Parfem se otvara intrigantnim i dinami\u010dnim uvodom. O\u0161tar, osvje\u017eavaju\u0107i povjetarac zelenog li\u0161\u0107a momentalno je zagrijan i uzdignut sofisticiranim za\u010dinom crnog bibera i suptilno vo\u0107nom, blistavom iskrom ru\u017ei\u010dastog bibera. Ovaj besprekoran spoj prirodne svje\u017eine i blage topline stvara privla\u010dan veo od prvog spreja.<\/p>\n<p>Kako se mirisno putovanje nastavlja, srce otkriva hrabar i duboko luksuzan karakter. Bezvremenska, romanti\u010dna elegancija jasmina majstorski se isprepli\u0107e sa \u010dvrstom, drvenastom dubinom kedra i zemljanim bogatstvom pa\u010dulija. Ova kompleksna srednja faza pru\u017ea duboko sofisticiranu strukturu, prelijepo do\u010daravaju\u0107i grandioznu arhitekturu i skrivene, misteriozne kanale Venecije.<\/p>\n<p>U svojim zavr\u0161nim fazama, kompozicija prelazi u umiruju\u0107i, strastveni i dugotrajni zagrljaj. Kremasta, glatka tekstura sandalovine i slatka, senzualna privla\u010dnost vanile savr\u0161eno su izbalansirane postojanom toplinom suvog ambera i mekog mo\u0161usa. Ovaj veli\u010danstveni zavr\u0161etak osigurava dugotrajan, luksuzan trag koji ostaje na ko\u017ei kao duboko njegovana uspomena.<\/p>","protected":false},"excerpt":{"rendered":"<p><strong>CITIES KOLEKCIJA<\/strong><\/p>\n<p><strong>Unisex \/ Extrait De Parfum \/ 100ml<\/strong><\/p>\n<p><strong>Mirisni profil: <\/strong>Drvenasti, Mo\u0161usni, Amberni<\/p>\n<p><strong>Gornje note: <\/strong>Zeleno li\u0161\u0107e, Crni biber, Ru\u017ei\u010dasti biber<br \/>\n<strong>Srednje note: <\/strong>Jasmin, Kedar, Pa\u010duli<br \/>\n<strong>Bazne note: <\/strong>Sandalovina, Vanila, Suvi amber, Mo\u0161us<\/p>","protected":false},"featured_media":2105,"template":"","meta":[],"product_brand":[84],"product_cat":[91,85,105],"product_tag":[92,87],"class_list":{"0":"post-2104","1":"product","2":"type-product","3":"status-publish","4":"has-post-thumbnail","6":"product_brand-swiss-arabian","7":"product_cat-extrait-de-parfum","8":"product_cat-perfumes","9":"product_cat-unisex","10":"product_tag-cities-collection","11":"product_tag-swiss-arabian","13":"first","14":"instock","15":"taxable","16":"shipping-taxable","17":"purchasable","18":"product-type-variable"},"_links":{"self":[{"href":"http:\/\/zaharascents.me\/me\/wp-json\/wp\/v2\/product\/2104","targetHints":{"allow":["GET"]}}],"collection":[{"href":"http:\/\/zaharascents.me\/me\/wp-json\/wp\/v2\/product"}],"about":[{"href":"http:\/\/zaharascents.me\/me\/wp-json\/wp\/v2\/types\/product"}],"wp:featuredmedia":[{"embeddable":true,"href":"http:\/\/zaharascents.me\/me\/wp-json\/wp\/v2\/media\/2105"}],"wp:attachment":[{"href":"http:\/\/zaharascents.me\/me\/wp-json\/wp\/v2\/media?parent=2104"}],"wp:term":[{"taxonomy":"product_brand","embeddable":true,"href":"http:\/\/zaharascents.me\/me\/wp-json\/wp\/v2\/product_brand?post=2104"},{"taxonomy":"product_cat","embeddable":true,"href":"http:\/\/zaharascents.me\/me\/wp-json\/wp\/v2\/product_cat?post=2104"},{"taxonomy":"product_tag","embeddable":true,"href":"http:\/\/zaharascents.me\/me\/wp-json\/wp\/v2\/product_tag?post=2104"}],"curies":[{"name":"wp","href":"https:\/\/api.w.org\/{rel}","templated":true}]}}