{"id":2113,"date":"2025-10-09T03:02:54","date_gmt":"2025-10-09T03:02:54","guid":{"rendered":"http:\/\/zaharascents.me\/?post_type=product&#038;p=2113"},"modified":"2026-04-20T18:04:37","modified_gmt":"2026-04-20T18:04:37","slug":"swiss-arabian-spirit-of-valencia","status":"publish","type":"product","link":"http:\/\/zaharascents.me\/me\/shop\/swiss-arabian-spirit-of-valencia\/","title":{"rendered":"Swiss Arabian Spirit of Valencia"},"content":{"rendered":"<h5>Sun\u010dana du\u0161a Valensije<\/h5>\n<p class=\"translation-block\"><strong>Swiss Arabian Spirit of Valencia<\/strong> je premium <em>Extrait de Parfum<\/em> inspirisan bezvremenskom ljepotom i vibrantnom energijom ovog \u0161panskog grada. Pripadaju\u0107i cijenjenoj Cities kolekciji, ovaj izuzetni parfem hvata \u010disto uzbu\u0111enje dolaska na novu destinaciju koja oduzima dah. To je slavljeni\u010dka i luksuzna kompozicija dizajnirana za one koji \u017eele da nose uzbu\u0111enje, slobodu i klasi\u010dnu eleganciju grada iz snova.<\/p>\n<h5>Mirisni profil i kompozicija<\/h5>\n<p>Parfem se otvara zadivljuju\u0107e energi\u010dnim i uzdi\u017eu\u0107im uvodom. Svje\u017ei, so\u010dni nalet svje\u017ee jabuke majstorski je pomije\u0161an sa iskri\u010davom citrusnom vibracijom limuna i bergamota. Ovaj energi\u010dni po\u010detak pru\u017ea veli\u010danstvenu dobrodo\u0161licu, ispunjavaju\u0107i \u010dula uzbu\u0111enjem i vrtoglavim povjetarcem apsolutne slobode od prve kapi.<\/p>\n<p>Kako se po\u010detna blistavost razvija na ko\u017ei, srce otkriva buket cvije\u0107a koji slavi \u017eivot. Romanti\u010dna elegancija mirisnih ru\u017ea i klasi\u010dnog jasmina besprekorno se isprepli\u0107e sa rasko\u0161nim, kremastim bogatstvom gardenije i delikatnim \u0161armom rozog bo\u017eura. Ova opojna srednja faza uvla\u010di vas dublje u svoju klasi\u010dnu ljepotu, odjekuju\u0107i \u017eivopisnim, suncem okupanim pejza\u017eima Valensije.<\/p>\n<p>U svojim zavr\u0161nim fazama, kompozicija prelazi u duboko senzualnu i umiruju\u0107u osnovu. Glatko, zlatno bogatstvo sandalovine i topli, blistavi sjaj ambera savr\u0161eno su upotpunjeni privla\u010dnom meko\u0107om bijelog mo\u0161usa. Ovaj veli\u010danstveni zavr\u0161etak daje savr\u0161en pe\u010dat, obavijaju\u0107i onoga ko ga nosi dugotrajnim, luksuznim zagrljajem, daju\u0107i osje\u0107aj kao da vas je grad prisvojio kao svog.<\/p>","protected":false},"excerpt":{"rendered":"<p><strong>CITIES KOLEKCIJA<\/strong><\/p>\n<p><strong>Unisex \/ Extrait De Parfum \/ 100ml<\/strong><\/p>\n<p><strong>Mirisni profil: <\/strong>Cvjetni, Citrusni, Drvenasti<\/p>\n<p><strong>Gornje note: <\/strong>Jabuka, Limun, Bergamot<br \/>\n<strong>Srednje note: <\/strong>Ru\u017ea, Jasmin, Gardenija, Rozi bo\u017eur<br \/>\n<strong>Bazne note: <\/strong>Sandalovina, Amber, Bijeli mo\u0161us<\/p>","protected":false},"featured_media":2114,"template":"","meta":[],"product_brand":[84],"product_cat":[91,85,105],"product_tag":[92,87],"class_list":{"0":"post-2113","1":"product","2":"type-product","3":"status-publish","4":"has-post-thumbnail","6":"product_brand-swiss-arabian","7":"product_cat-extrait-de-parfum","8":"product_cat-perfumes","9":"product_cat-unisex","10":"product_tag-cities-collection","11":"product_tag-swiss-arabian","13":"first","14":"instock","15":"taxable","16":"shipping-taxable","17":"purchasable","18":"product-type-variable"},"_links":{"self":[{"href":"http:\/\/zaharascents.me\/me\/wp-json\/wp\/v2\/product\/2113","targetHints":{"allow":["GET"]}}],"collection":[{"href":"http:\/\/zaharascents.me\/me\/wp-json\/wp\/v2\/product"}],"about":[{"href":"http:\/\/zaharascents.me\/me\/wp-json\/wp\/v2\/types\/product"}],"wp:featuredmedia":[{"embeddable":true,"href":"http:\/\/zaharascents.me\/me\/wp-json\/wp\/v2\/media\/2114"}],"wp:attachment":[{"href":"http:\/\/zaharascents.me\/me\/wp-json\/wp\/v2\/media?parent=2113"}],"wp:term":[{"taxonomy":"product_brand","embeddable":true,"href":"http:\/\/zaharascents.me\/me\/wp-json\/wp\/v2\/product_brand?post=2113"},{"taxonomy":"product_cat","embeddable":true,"href":"http:\/\/zaharascents.me\/me\/wp-json\/wp\/v2\/product_cat?post=2113"},{"taxonomy":"product_tag","embeddable":true,"href":"http:\/\/zaharascents.me\/me\/wp-json\/wp\/v2\/product_tag?post=2113"}],"curies":[{"name":"wp","href":"https:\/\/api.w.org\/{rel}","templated":true}]}}