{"id":2129,"date":"2025-10-09T03:04:45","date_gmt":"2025-10-09T03:04:45","guid":{"rendered":"http:\/\/zaharascents.me\/?post_type=product&#038;p=2129"},"modified":"2026-04-20T18:01:10","modified_gmt":"2026-04-20T18:01:10","slug":"swiss-arabian-opulence-of-dubai","status":"publish","type":"product","link":"http:\/\/zaharascents.me\/me\/shop\/swiss-arabian-opulence-of-dubai\/","title":{"rendered":"Swiss Arabian Opulence of Dubai"},"content":{"rendered":"<h5>Blistava su\u0161tina zlatnog grada<\/h5>\n<p class=\"translation-block\"><strong>Swiss Arabian Opulence of Dubai<\/strong> je premium <em>Extrait de Parfum<\/em> koji besprekorno hvata jedinstvenu i blistavu su\u0161tinu samog zlatnog grada. Pripadaju\u0107i cijenjenoj Cities kolekciji, ovaj parfem odra\u017eava glamur dalekih destinacija i modernu sofisticiranost. To je remek-djelo kontrasta, koje prelijepo spaja drevnu pustinjsku misteriju sa savremenim luksuzom, dizajnirano za one koji tra\u017ee nezaboravan i visoko opijaju\u0107i mirisni pe\u010dat.<\/p>\n<h5>Mirisni profil i kompozicija<\/h5>\n<p>Parfem se otvara svijetlim, dinami\u010dnim uvodom koji budi du\u0161u. Iskri\u010dava citrusna vibracija italijanskog bergamota savr\u0161eno je poja\u010dana toplim, za\u010dinskim udarom nigerijskog \u0111umbira i suptilno balzami\u010dnom, svje\u017eom o\u0161tricom elemija. Ovaj blistavi, globalno inspirisani spoj stvara privla\u010dnu i o\u010daravaju\u0107u auru od prve kapi.<\/p>\n<p>Kako se po\u010detna blistavost smiri na ko\u017ei, srce otkriva duboko bogatu i primamljivu kompoziciju. Kraljevska elegancija Damask ru\u017ee \u2013 apsolutne Kraljice cvije\u0107a \u2013 blistavo cvjeta pored vibrantne topline kardamoma i ru\u017ei\u010dastog bibera. Ova sofisticirana za\u010dinsko-cvjetna elegancija neprimjetno je isprepletena sa so\u010dnim, neodoljivim dodirom \u010dokolade, stvaraju\u0107i istinski luksuznu sr\u017e koja izaziva zavisnost.<\/p>\n<p>U svojim zavr\u0161nim fazama, parfem se spu\u0161ta u duboko kompleksnu i dugotrajnu osnovu. Bogata, drvenasta dubina Atlas kedra, vetivalona i cipriola daje mirisu zemljanu, drevnu rezonancu. Ova sna\u017ena baza majstorski je obavijena slatkom toplinom burbon vanile i zlatnog ambera, dok dimljeni tamjan i prepoznatljivo, tamno bogatstvo Caf\u00e9 Santosa ostavljaju o\u010daravaju\u0107i, sofisticiran trag koji je nezaboravan kao i grad koji slavi.<\/p>","protected":false},"excerpt":{"rendered":"<p><strong>CITIES KOLEKCIJA<\/strong><\/p>\n<p><strong>Unisex \/ Extrait De Parfum \/ 100ml<\/strong><\/p>\n<p><strong>Mirisni profil: <\/strong>Ambery, Floral, Gourmand<\/p>\n<p><strong>Gornje note: <\/strong>Italijanski bergamot, Nigerijski \u0111umbir, Elemi<br \/>\n<strong>Srednje note: <\/strong>Damask ru\u017ea, Kardamom, Ru\u017ei\u010dasti biber, \u010cokolada<br \/>\n<strong>Bazne note: <\/strong>Kedar Atlas, Vetivalon, Cipriol, Burbon Vanila, Amber, Tamjan, Kafa Santos<\/p>","protected":false},"featured_media":2130,"template":"","meta":[],"product_brand":[84],"product_cat":[91,85,105],"product_tag":[92,87],"class_list":{"0":"post-2129","1":"product","2":"type-product","3":"status-publish","4":"has-post-thumbnail","6":"product_brand-swiss-arabian","7":"product_cat-extrait-de-parfum","8":"product_cat-perfumes","9":"product_cat-unisex","10":"product_tag-cities-collection","11":"product_tag-swiss-arabian","13":"first","14":"instock","15":"taxable","16":"shipping-taxable","17":"purchasable","18":"product-type-variable"},"_links":{"self":[{"href":"http:\/\/zaharascents.me\/me\/wp-json\/wp\/v2\/product\/2129","targetHints":{"allow":["GET"]}}],"collection":[{"href":"http:\/\/zaharascents.me\/me\/wp-json\/wp\/v2\/product"}],"about":[{"href":"http:\/\/zaharascents.me\/me\/wp-json\/wp\/v2\/types\/product"}],"wp:featuredmedia":[{"embeddable":true,"href":"http:\/\/zaharascents.me\/me\/wp-json\/wp\/v2\/media\/2130"}],"wp:attachment":[{"href":"http:\/\/zaharascents.me\/me\/wp-json\/wp\/v2\/media?parent=2129"}],"wp:term":[{"taxonomy":"product_brand","embeddable":true,"href":"http:\/\/zaharascents.me\/me\/wp-json\/wp\/v2\/product_brand?post=2129"},{"taxonomy":"product_cat","embeddable":true,"href":"http:\/\/zaharascents.me\/me\/wp-json\/wp\/v2\/product_cat?post=2129"},{"taxonomy":"product_tag","embeddable":true,"href":"http:\/\/zaharascents.me\/me\/wp-json\/wp\/v2\/product_tag?post=2129"}],"curies":[{"name":"wp","href":"https:\/\/api.w.org\/{rel}","templated":true}]}}