{"id":2137,"date":"2025-10-09T03:05:05","date_gmt":"2025-10-09T03:05:05","guid":{"rendered":"http:\/\/zaharascents.me\/?post_type=product&#038;p=2137"},"modified":"2026-04-20T18:00:53","modified_gmt":"2026-04-20T18:00:53","slug":"swiss-arabian-soul-of-bali","status":"publish","type":"product","link":"http:\/\/zaharascents.me\/me\/shop\/swiss-arabian-soul-of-bali\/","title":{"rendered":"Swiss Arabian Du\u0161a Balija"},"content":{"rendered":"<h5>Blistava du\u0161a ostrva<\/h5>\n<p class=\"translation-block\"><strong>Swiss Arabian Soul of Bali<\/strong> je premium <em>Extrait de Parfum<\/em> koji prelijepo di\u0161e vibrantnim ritmom, svje\u017einom i \u017eivotom ostrva koje predstavlja. Pripadaju\u0107i cijenjenoj Cities kolekciji, ovaj parfem je vi\u0161e od samog mirisa; to je osje\u0107aj, puls i \u0161aputana uspomena zarobljena u bo\u010dici. To je vodeno i drvenasto remek-djelo dizajnirano za one koji tra\u017ee \u010distu, divlju eleganciju i mirnu slobodu egzoti\u010dnog bijega.<\/p>\n<h5>Mirisni profil i kompozicija<\/h5>\n<p>Parfem se otvara vibrantnom, suncem okupanom eksplozijom tropskih i za\u010dinskih nota. Iskri\u010dava citrusna vibracija bergamota poja\u010dana je pikantnom, pucketavom vrelinom ru\u017ei\u010dastog bibera i \u0111umbira. Ovaj dinami\u010dni uvod je majstorski zasla\u0111en so\u010dnom fuzijom zrelog manga, ananasa i trpke rabarbare, stvaraju\u0107i bu\u0111enje koje oduzima dah i podsje\u0107a na blistavi izlazak sunca na ostrvu.<\/p>\n<p>Kako se po\u010detna tropska blistavost razvija, srce otkriva duboko kompleksnu i osvje\u017eavaju\u0107u sr\u017e. Delikatna, slana vodena nota prelijepo opona\u0161a hladni poljubac okeanske magle, provla\u010de\u0107i se kroz bogatu, za\u010dinsku toplinu kardamoma, mu\u0161katnog ora\u0161\u010di\u0107a i dragocjenog \u0161afrana. Ovaj sofisticirani aromati\u010dni spoj elegantno je utemeljen drvenastom rezonancom ru\u017einog drveta i suptilno smolastim dodirom olibanuma, savr\u0161eno do\u010daravaju\u0107i bujne, suncem okupane terase i blagi ostrvski povjetarac.<\/p>\n<p>U svojim zavr\u0161nim fazama, kompozicija se graciozno stapa u beskrajno, umiruju\u0107e i duboko senzualno utemeljenje. Glatko, kremasto bogatstvo sandalovine neprimjetno se isprepli\u0107e sa zemljanom dubinom cipriola. Ova topla baza majstorski je obavijena privla\u010dnom, okeanskom misterijom ambergisa i mekog mo\u0161usa, ostavljaju\u0107i dugotrajan, luksuzan trag koji polako blijedi, ba\u0161 kao i sumrak na ostrvu gdje se nebo spaja s morem.<\/p>","protected":false},"excerpt":{"rendered":"<p><strong>CITIES KOLEKCIJA<\/strong><\/p>\n<p><strong>Unisex \/ Extrait De Parfum \/ 100ml<\/strong><\/p>\n<p><strong>Mirisni profil: <\/strong>Akvati\u010dni, Drvenasti, Tropski<\/p>\n<p><strong>Gornje note: <\/strong>Bergamot, Ru\u017ei\u010dasti biber, \u0110umbir, Mango, Ananas, Rabarbara<br \/>\n<strong>Srednje note: <\/strong>Morske note, Kardamom, Mu\u0161katni ora\u0161\u010di\u0107, \u0160afran, Ru\u017eino drvo, Olibanum<br \/>\n<strong>Bazne note: <\/strong>Sandalovina, Cipriol, Ambergis, Mo\u0161us<\/p>","protected":false},"featured_media":2138,"template":"","meta":[],"product_brand":[84],"product_cat":[91,85,105],"product_tag":[92,87],"class_list":{"0":"post-2137","1":"product","2":"type-product","3":"status-publish","4":"has-post-thumbnail","6":"product_brand-swiss-arabian","7":"product_cat-extrait-de-parfum","8":"product_cat-perfumes","9":"product_cat-unisex","10":"product_tag-cities-collection","11":"product_tag-swiss-arabian","13":"first","14":"instock","15":"taxable","16":"shipping-taxable","17":"purchasable","18":"product-type-variable"},"_links":{"self":[{"href":"http:\/\/zaharascents.me\/me\/wp-json\/wp\/v2\/product\/2137","targetHints":{"allow":["GET"]}}],"collection":[{"href":"http:\/\/zaharascents.me\/me\/wp-json\/wp\/v2\/product"}],"about":[{"href":"http:\/\/zaharascents.me\/me\/wp-json\/wp\/v2\/types\/product"}],"wp:featuredmedia":[{"embeddable":true,"href":"http:\/\/zaharascents.me\/me\/wp-json\/wp\/v2\/media\/2138"}],"wp:attachment":[{"href":"http:\/\/zaharascents.me\/me\/wp-json\/wp\/v2\/media?parent=2137"}],"wp:term":[{"taxonomy":"product_brand","embeddable":true,"href":"http:\/\/zaharascents.me\/me\/wp-json\/wp\/v2\/product_brand?post=2137"},{"taxonomy":"product_cat","embeddable":true,"href":"http:\/\/zaharascents.me\/me\/wp-json\/wp\/v2\/product_cat?post=2137"},{"taxonomy":"product_tag","embeddable":true,"href":"http:\/\/zaharascents.me\/me\/wp-json\/wp\/v2\/product_tag?post=2137"}],"curies":[{"name":"wp","href":"https:\/\/api.w.org\/{rel}","templated":true}]}}