{"id":2482,"date":"2025-11-05T01:01:55","date_gmt":"2025-11-05T01:01:55","guid":{"rendered":"http:\/\/zaharascents.me\/?post_type=product&#038;p=2482"},"modified":"2026-05-10T01:04:26","modified_gmt":"2026-05-10T01:04:26","slug":"rasasi-la-yuqawam-pour-homme","status":"publish","type":"product","link":"http:\/\/zaharascents.me\/me\/shop\/rasasi-la-yuqawam-pour-homme\/","title":{"rendered":"Rasasi La Yuqawam Pour Homme"},"content":{"rendered":"<h5>Bezvremenski ko\u017eni potpis<\/h5>\n<p class=\"translation-block\"><strong>Rasasi La Yuqawam<\/strong>, \u0161to na arapskom zna\u010di \"Neodoljiv\", pru\u017ea klasi\u010dan, ali moderan osje\u0107aj pun elegancije, prefinjenosti i presti\u017ea u svijetu ambernih parfema. Ova serija je postala internacionalni klasik, obo\u017eavana od strane poznavalaca koji tra\u017ee sofisticirano i uzbudljivo olfaktorno iskustvo. To je parfem koji prevazilazi granice, dizajniran za one koji tra\u017ee potpis koji nikada ne izlazi iz mode.<\/p>\n<h5>Mirisni profil i kompozicija<\/h5>\n<p>Parfem se otvara zemljanim, za\u010dinskim i gorko-slatkim ko\u017enim uvodom. Indijski \u0161afran donosi meku i prefinjenu intimnost otvaranju, dok slatko\u0107a maline i biljni dodir maj\u010dine du\u0161ice diktiraju tempo za zaista senzualno iskustvo. Ovaj vibrantni po\u010detak odmah uspostavlja auru luksuza i kompleksne sofisticiranosti.<\/p>\n<p>As the perfume evolves, it meanders into a rich and resinous heart of Yemen olibanum, French jasmine, and artemisia. This floral and balsamic core adds a layer of depth and mystery, beautifully balancing the initial spiciness with a touch of timeless elegance. It is a masterful transition that prepares the senses for the fragrance\u2019s powerful and iconic foundation.<\/p>\n<p>U svojim zavr\u0161nim fazama, kompozicija buja senzualno\u0161\u0107u, spu\u0161taju\u0107i se u kompleksnu, animalisti\u010dku bazu italijanske ko\u017ee i indijskog ouda. Ove duboke note su zasla\u0111ene toplim, zemljanim i opojnim tonom ambera, stvaraju\u0107i hipnoti\u0161u\u0107i trag. Ovaj prepoznatljivi fini\u0161 osigurava trajan i presti\u017ean utisak, u\u010dvr\u0161\u0107uju\u0107i La Yuqawam kao remek-djelo moderne parfimerije.<\/p>","protected":false},"excerpt":{"rendered":"<p><strong>LA YUQAWAM KOLEKCIJA<\/strong><\/p>\n<p><strong>Za njega \/ Eau De Parfum \/ 75ml<\/strong><\/p>\n<p><strong>Inspiracija: <\/strong>Tom Ford Tuscan Leather<\/p>\n<p><strong>Mirisni profil: <\/strong>Amberni, Ko\u017eni<\/p>\n<p><strong>Gornje note: <\/strong>Malina, Indijski \u0161afran, Maj\u010dina du\u0161ica<br \/>\n<strong>Srednje note: <\/strong>Jemenski olibanum, Francuski jasmin, Pelin (Artemizija)<br \/>\n<strong>Bazne note: <\/strong>Italijanska ko\u017ea, Indijski oud, Amber<\/p>","protected":false},"featured_media":2483,"template":"","meta":[],"product_brand":[112],"product_cat":[90,103,85],"product_tag":[115,114],"class_list":{"0":"post-2482","1":"product","2":"type-product","3":"status-publish","4":"has-post-thumbnail","6":"product_brand-rasasi","7":"product_cat-eau-de-parfum","8":"product_cat-for-him","9":"product_cat-perfumes","10":"product_tag-la-yuqawam-collection","11":"product_tag-rasasi","13":"first","14":"instock","15":"taxable","16":"shipping-taxable","17":"purchasable","18":"product-type-variable"},"_links":{"self":[{"href":"http:\/\/zaharascents.me\/me\/wp-json\/wp\/v2\/product\/2482","targetHints":{"allow":["GET"]}}],"collection":[{"href":"http:\/\/zaharascents.me\/me\/wp-json\/wp\/v2\/product"}],"about":[{"href":"http:\/\/zaharascents.me\/me\/wp-json\/wp\/v2\/types\/product"}],"wp:featuredmedia":[{"embeddable":true,"href":"http:\/\/zaharascents.me\/me\/wp-json\/wp\/v2\/media\/2483"}],"wp:attachment":[{"href":"http:\/\/zaharascents.me\/me\/wp-json\/wp\/v2\/media?parent=2482"}],"wp:term":[{"taxonomy":"product_brand","embeddable":true,"href":"http:\/\/zaharascents.me\/me\/wp-json\/wp\/v2\/product_brand?post=2482"},{"taxonomy":"product_cat","embeddable":true,"href":"http:\/\/zaharascents.me\/me\/wp-json\/wp\/v2\/product_cat?post=2482"},{"taxonomy":"product_tag","embeddable":true,"href":"http:\/\/zaharascents.me\/me\/wp-json\/wp\/v2\/product_tag?post=2482"}],"curies":[{"name":"wp","href":"https:\/\/api.w.org\/{rel}","templated":true}]}}