{"id":2489,"date":"2025-11-05T01:02:00","date_gmt":"2025-11-05T01:02:00","guid":{"rendered":"http:\/\/zaharascents.me\/?post_type=product&#038;p=2489"},"modified":"2026-05-10T01:04:43","modified_gmt":"2026-05-10T01:04:43","slug":"rasasi-la-yuqawam-pour-femme","status":"publish","type":"product","link":"http:\/\/zaharascents.me\/me\/shop\/rasasi-la-yuqawam-pour-femme\/","title":{"rendered":"Rasasi La Yuqawam Pour Femme"},"content":{"rendered":"<h5>Neodoljivi \u0161arm moderne \u017eenstvenosti<\/h5>\n<p class=\"translation-block\"><strong>Rasasi La Yuqawam Pour Femme<\/strong> slu\u017ei kao duboko senzualna oda \u017eenskoj eleganciji i \u0161armu. Ostaju\u0107i vjeran imenu kolekcije\u2014koje se prevodi kao \"Neodoljiv\" na arapskom\u2014ovaj parfem pru\u017ea klasi\u010dan, ali moderan osje\u0107aj pun prefinjenosti i presti\u017ea u svijetu ambernih parfema. Dizajniran za internacionalne poznavaoce finih parfema, nudi sofisticirano i uzbudljivo iskustvo koje prevazilazi granice i nikada ne izlazi iz mode.<\/p>\n<h5>Mirisni profil i kompozicija<\/h5>\n<p>Parfem se otvara svijetlim i duboko intrigantnim uvodom. Iskri\u010dava, citrusna vibrantnost bergamota i limuna predivno je isprepletena sa bogatom, zadimljenom elegancijom tamjana. Ovaj blago smolast i osvje\u017eavaju\u0107i po\u010detak trenutno osvaja \u010dula, postavljaju\u0107i luksuzan i veli\u010danstven ton od prve kapi.<\/p>\n<p>Kako se po\u010detna svjetlost razvija, gornje note se stapaju u vrelu, za\u010dinsku i senzualno gorko-slatku sredinu. Topli talasi cimeta i vibrantnog brazilskog ru\u017ei\u010dastog bibera duboko su oboga\u0107eni bogatim, egzoti\u010dnim podtonovima ylang-ylanga. Ova kompleksna srednja faza stvara hipnoti\u0161u\u0107e i duboko romanti\u010dno jezgro koje zra\u010di samopouzdanjem i privla\u010dno\u0161\u0107u.<\/p>\n<p>U svojim zavr\u0161nim fazama, kompozicija se graciozno sti\u0161ava u glatku, kremastu i izuzetno ugodnu osnovu. Luksuzni dodir bogate indijske sandalovine obavijen je jedinstvenom, laktonskom meko\u0107om mlijeka i nje\u017enom toplinom mo\u0161usa. Ovaj veli\u010danstveni trag osigurava bar\u0161unast i duboko intiman fini\u0161 koji se predivno zadr\u017eava na ko\u017ei.<\/p>","protected":false},"excerpt":{"rendered":"<p><strong>LA YUQAWAM KOLEKCIJA<\/strong><\/p>\n<p><strong>For Her \/ Eau De Parfum \/ 75ml<\/strong><\/p>\n<p><strong>Inspiracija: <\/strong>Tom Ford Black Orchid<\/p>\n<p><strong>Mirisni profil: <\/strong>Amberni, Drveni, Cvjetni<\/p>\n<p><strong>Gornje note: <\/strong>Bergamot, Tamjan, Limun<br \/>\n<strong>Srednje note: <\/strong>Cimet, Ylang-Ylang, Brazilski ru\u017ei\u010dasti biber<br \/>\n<strong>Bazne note: <\/strong>Indijska sandalovina, Mlijeko, Mo\u0161us<\/p>","protected":false},"featured_media":2490,"template":"","meta":[],"product_brand":[112],"product_cat":[90,104,85],"product_tag":[115,114],"class_list":{"0":"post-2489","1":"product","2":"type-product","3":"status-publish","4":"has-post-thumbnail","6":"product_brand-rasasi","7":"product_cat-eau-de-parfum","8":"product_cat-for-her","9":"product_cat-perfumes","10":"product_tag-la-yuqawam-collection","11":"product_tag-rasasi","13":"first","14":"instock","15":"taxable","16":"shipping-taxable","17":"purchasable","18":"product-type-variable"},"_links":{"self":[{"href":"http:\/\/zaharascents.me\/me\/wp-json\/wp\/v2\/product\/2489","targetHints":{"allow":["GET"]}}],"collection":[{"href":"http:\/\/zaharascents.me\/me\/wp-json\/wp\/v2\/product"}],"about":[{"href":"http:\/\/zaharascents.me\/me\/wp-json\/wp\/v2\/types\/product"}],"wp:featuredmedia":[{"embeddable":true,"href":"http:\/\/zaharascents.me\/me\/wp-json\/wp\/v2\/media\/2490"}],"wp:attachment":[{"href":"http:\/\/zaharascents.me\/me\/wp-json\/wp\/v2\/media?parent=2489"}],"wp:term":[{"taxonomy":"product_brand","embeddable":true,"href":"http:\/\/zaharascents.me\/me\/wp-json\/wp\/v2\/product_brand?post=2489"},{"taxonomy":"product_cat","embeddable":true,"href":"http:\/\/zaharascents.me\/me\/wp-json\/wp\/v2\/product_cat?post=2489"},{"taxonomy":"product_tag","embeddable":true,"href":"http:\/\/zaharascents.me\/me\/wp-json\/wp\/v2\/product_tag?post=2489"}],"curies":[{"name":"wp","href":"https:\/\/api.w.org\/{rel}","templated":true}]}}