{"id":2513,"date":"2025-11-05T01:04:51","date_gmt":"2025-11-05T01:04:51","guid":{"rendered":"http:\/\/zaharascents.me\/?post_type=product&#038;p=2513"},"modified":"2026-05-10T01:05:27","modified_gmt":"2026-05-10T01:05:27","slug":"rasasi-la-yuqawam-orchid-prairie","status":"publish","type":"product","link":"http:\/\/zaharascents.me\/me\/shop\/rasasi-la-yuqawam-orchid-prairie\/","title":{"rendered":"Rasasi La Yuqawam Orchid Prairie"},"content":{"rendered":"<h5>Poeti\u010dna simfonija ru\u017ee i ambernog drveta<\/h5>\n<p class=\"translation-block\"><strong>Rasasi La Yuqawam Orchid Prairie<\/strong> je romanti\u010dan i duboko senzualan moderan amberni parfem dizajniran za savremenu \u017eenu. Ostaju\u0107i vjeran imenu kolekcije\u2014koje se prevodi kao \"Neodoljiv\" na arapskom\u2014ovaj parfem pru\u017ea klasi\u010dan, ali moderan osje\u0107aj pun elegancije, prefinjenosti i presti\u017ea. Donosi sofisticirano i uzbudljivo iskustvo, osvajaju\u0107i internacionalne poznavaoce koji tra\u017ee zaista nezaboravan parfemski potpis.<\/p>\n<h5>Mirisni profil i kompozicija<\/h5>\n<p>Parfem se otvara nevjerovatnom i senzacionalnom bujno\u0161\u0107u hiljadu rascvjetalih cvjetova. Bogat, vibrantan buket klasi\u010dne ru\u017ee i elegantnog geranijuma graciozno je obavijen nizom delikatnih cvjetnih nota. Ovaj svje\u017e i duboko romanti\u010dan uvod trenutno osvaja \u010dula, postavljaju\u0107i predivno \u017eenstven i rasko\u0161an ton od prvog susreta.<\/p>\n<p>As the initial floral brightness evolves upon the skin, the heart reveals a sweet, warm, and highly sophisticated core. The unique, sultry texture of cashmeran blends seamlessly with the smooth, subtly sweet nuances of coumarin. This mesmerizing middle stage is further deepened by the introduction of rich oud, adding a dark, woody complexity that elevates the composition\u2019s majestic character.<\/p>\n<p>U svojim zavr\u0161nim fazama, parfem kulminira u intenzivnoj, mra\u010dnoj i luksuzno bogatoj osnovi. Duboka i egzoti\u010dna rezonanca indone\u017eanskog ouda majstorski je ubla\u017eena so\u010dnom, slatkom senzualno\u0161\u0107u vanile i toplog ambera. Meki mo\u0161us obavija ovu zemljanu igru, stvaraju\u0107i gladak, bar\u0161unast trag koji ostavlja veli\u010danstven i trajan pe\u010dat \u010distog ambernog presti\u017ea.<\/p>","protected":false},"excerpt":{"rendered":"<p><strong>LA YUQAWAM KOLEKCIJA<\/strong><\/p>\n<p><strong>For Her \/ Eau De Parfum \/ 75ml<\/strong><\/p>\n<p><strong>Mirisni profil: <\/strong>Amberni, Cvjetni<\/p>\n<p><strong>Gornje note: <\/strong>Cvjetne note, Geranijum, Ru\u017ea<br \/>\n<strong>Srednje note: <\/strong>Ka\u0161miran, Kumarin, Oud<br \/>\n<strong>Bazne note: <\/strong>Amber, Indone\u017eanski oud, Mo\u0161us, Vanila<\/p>","protected":false},"featured_media":2514,"template":"","meta":[],"product_brand":[112],"product_cat":[90,104,85],"product_tag":[115,114],"class_list":{"0":"post-2513","1":"product","2":"type-product","3":"status-publish","4":"has-post-thumbnail","6":"product_brand-rasasi","7":"product_cat-eau-de-parfum","8":"product_cat-for-her","9":"product_cat-perfumes","10":"product_tag-la-yuqawam-collection","11":"product_tag-rasasi","13":"first","14":"instock","15":"taxable","16":"shipping-taxable","17":"purchasable","18":"product-type-variable"},"_links":{"self":[{"href":"http:\/\/zaharascents.me\/me\/wp-json\/wp\/v2\/product\/2513","targetHints":{"allow":["GET"]}}],"collection":[{"href":"http:\/\/zaharascents.me\/me\/wp-json\/wp\/v2\/product"}],"about":[{"href":"http:\/\/zaharascents.me\/me\/wp-json\/wp\/v2\/types\/product"}],"wp:featuredmedia":[{"embeddable":true,"href":"http:\/\/zaharascents.me\/me\/wp-json\/wp\/v2\/media\/2514"}],"wp:attachment":[{"href":"http:\/\/zaharascents.me\/me\/wp-json\/wp\/v2\/media?parent=2513"}],"wp:term":[{"taxonomy":"product_brand","embeddable":true,"href":"http:\/\/zaharascents.me\/me\/wp-json\/wp\/v2\/product_brand?post=2513"},{"taxonomy":"product_cat","embeddable":true,"href":"http:\/\/zaharascents.me\/me\/wp-json\/wp\/v2\/product_cat?post=2513"},{"taxonomy":"product_tag","embeddable":true,"href":"http:\/\/zaharascents.me\/me\/wp-json\/wp\/v2\/product_tag?post=2513"}],"curies":[{"name":"wp","href":"https:\/\/api.w.org\/{rel}","templated":true}]}}