{"id":2517,"date":"2025-11-05T01:05:56","date_gmt":"2025-11-05T01:05:56","guid":{"rendered":"http:\/\/zaharascents.me\/?post_type=product&#038;p=2517"},"modified":"2026-05-10T01:05:37","modified_gmt":"2026-05-10T01:05:37","slug":"rasasi-la-yuqawam-ambergris-showers","status":"publish","type":"product","link":"http:\/\/zaharascents.me\/me\/shop\/rasasi-la-yuqawam-ambergris-showers\/","title":{"rendered":"Rasasi La Yuqawam Ambergris Tu\u0161evi"},"content":{"rendered":"<h5>Kristalna vizija svje\u017ee ko\u017ee<\/h5>\n<p class=\"translation-block\"><strong>Rasasi La Yuqawam Ambergris Showers<\/strong> slu\u017ei kao duboko okrepljuju\u0107e remek-djelo mu\u0161ke svje\u017eine. Ostaju\u0107i vjeran imenu kolekcije\u2014koje na arapskom zna\u010di \"Neodoljiv\"\u2014ovaj parfem donosi klasi\u010dan, ali moderan osje\u0107aj pun elegancije, prefinjenosti i presti\u017ea u ambernoj parfimeriji. Slavi samopouzdanje i bezvremenski stil kroz visoko prepoznatljiv olfaktorni potpis, pru\u017eaju\u0107i podi\u017eu\u0107e i intenzivno iskustvo za modernog poznavaoca.<\/p>\n<h5>Mirisni profil i kompozicija<\/h5>\n<p>Parfem se otvara vibrantnim i okrepljuju\u0107im naletom o\u0161tre, zelene svje\u017eine. Zelena aroma listova ljubi\u010dice predivno je isprepletena sa iskri\u010davom citrusnom svjetlo\u0161\u0107u mandarine i o\u0161trim, smolastim zelenim dodirom galbanuma. Ovaj energi\u010dni uvod trenutno budi \u010dula, postavljaju\u0107i dinami\u010dan i kristalan ton od prve kapi.<\/p>\n<p>Kako se po\u010detna svjetlost razvija na ko\u017ei, srce otkriva duboko aromati\u010dno i biljno jezgro. Jedinstveno, blago zemljano i \u010dajasto bogatstvo matea besprekorno se stapa sa biljnim, aromati\u010dnim nijansama mu\u0161katne \u017ealfije. Ova sofisticirana srednja faza stvara osvje\u017eavaju\u0107i, ali intenzivno mu\u017eevan karakter, predivno balansiraju\u0107i zelenu vibrantnost sa prefinjenom dubinom.<\/p>\n<p>In its final stages, the composition settles into a profoundly rich and magnetic foundation. The collection\u2019s signature bold leather accord is masterfully elevated by the earthy resonance of vetiver and the warm, balsamic depth of styrax. A delicate touch of iris introduces a soft, powdery elegance to the base, ensuring a smooth, enduring, and utterly captivating dry-down.<\/p>","protected":false},"excerpt":{"rendered":"<p><strong>LA YUQAWAM KOLEKCIJA<\/strong><\/p>\n<p><strong>Za njega \/ Eau De Parfum \/ 75ml<\/strong><\/p>\n<p><strong>Inspiracija: <\/strong>Memo Paris Irish Leather<\/p>\n<p><strong>Mirisni profil: <\/strong>Ko\u017eni, Svje\u017ei<\/p>\n<p><strong>Gornje note: <\/strong>Listovi ljubi\u010dice, Mandarina (Tangerina), Galbanum<br \/>\n<strong>Srednje note: <\/strong>Mate, Mu\u0161katna \u017ealfija<br \/>\n<strong>Bazne note: <\/strong>Ko\u017ea, Stiraks, Vetiver, Iris<\/p>","protected":false},"featured_media":2518,"template":"","meta":[],"product_brand":[112],"product_cat":[90,103,85],"product_tag":[115,114],"class_list":{"0":"post-2517","1":"product","2":"type-product","3":"status-publish","4":"has-post-thumbnail","6":"product_brand-rasasi","7":"product_cat-eau-de-parfum","8":"product_cat-for-him","9":"product_cat-perfumes","10":"product_tag-la-yuqawam-collection","11":"product_tag-rasasi","13":"first","14":"instock","15":"taxable","16":"shipping-taxable","17":"purchasable","18":"product-type-variable"},"_links":{"self":[{"href":"http:\/\/zaharascents.me\/me\/wp-json\/wp\/v2\/product\/2517","targetHints":{"allow":["GET"]}}],"collection":[{"href":"http:\/\/zaharascents.me\/me\/wp-json\/wp\/v2\/product"}],"about":[{"href":"http:\/\/zaharascents.me\/me\/wp-json\/wp\/v2\/types\/product"}],"wp:featuredmedia":[{"embeddable":true,"href":"http:\/\/zaharascents.me\/me\/wp-json\/wp\/v2\/media\/2518"}],"wp:attachment":[{"href":"http:\/\/zaharascents.me\/me\/wp-json\/wp\/v2\/media?parent=2517"}],"wp:term":[{"taxonomy":"product_brand","embeddable":true,"href":"http:\/\/zaharascents.me\/me\/wp-json\/wp\/v2\/product_brand?post=2517"},{"taxonomy":"product_cat","embeddable":true,"href":"http:\/\/zaharascents.me\/me\/wp-json\/wp\/v2\/product_cat?post=2517"},{"taxonomy":"product_tag","embeddable":true,"href":"http:\/\/zaharascents.me\/me\/wp-json\/wp\/v2\/product_tag?post=2517"}],"curies":[{"name":"wp","href":"https:\/\/api.w.org\/{rel}","templated":true}]}}