{"id":2521,"date":"2025-11-05T01:06:02","date_gmt":"2025-11-05T01:06:02","guid":{"rendered":"http:\/\/zaharascents.me\/?post_type=product&#038;p=2521"},"modified":"2026-05-10T01:05:57","modified_gmt":"2026-05-10T01:05:57","slug":"rasasi-la-yuqawam-jasmine-wisp","status":"publish","type":"product","link":"http:\/\/zaharascents.me\/me\/shop\/rasasi-la-yuqawam-jasmine-wisp\/","title":{"rendered":"Rasasi La Yuqawam Jasmine Wisp"},"content":{"rendered":"<h5>Vibrantna simfonija egzoti\u010dne \u017eenstvenosti<\/h5>\n<p class=\"translation-block\"><strong>Rasasi La Yuqawam Jasmine Wisp<\/strong> odaje po\u010dast poznatoj bliskoisto\u010dnoj tradiciji elegantnog, opojnog parfemskog traga. Ostaju\u0107i vjeran imenu kolekcije\u2014koje se prevodi kao \"Neodoljiv\" na arapskom\u2014ovaj parfem slavi samopouzdanje i bezvremensku eleganciju kroz visoko prepoznatljiv olfaktorni potpis. To je parfem dizajniran za modernu \u017eenu koja \u017eeli zadivljuju\u0107e prisustvo koje najavljuje njen dolazak i ostavlja misterioznu auru dugo u no\u0107.<\/p>\n<h5>Mirisni profil i kompozicija<\/h5>\n<p>Parfem se otvara briljantnim i energizuju\u0107im naletom suncem okupanih citrusa. Iskri\u010dava vibrantnost mandarine majstorski je pomije\u0161ana sa o\u0161trom svje\u017einom grejpfruta i \u010distom, podi\u017eu\u0107om energijom limuna. Ovaj \u017eivahni uvod trenutno budi \u010dula, postavljaju\u0107i blistav i vibrantan ton od prve kapi.<\/p>\n<p>Kako se po\u010detna citrusna svjetlost razvija na ko\u017ei, srce otkriva bujno, egzoti\u010dno i duboko neodoljivo jezgro. Fuzija od koje ide voda na usta\u2014marakuja, so\u010dna breskva i kremasti kokos\u2014prepli\u0107e se sa slatkim nektarom kru\u0161ke. Ova tropska simfonija je graciozno izbalansirana delikatnom infuzijom netaknutog bijelog cvije\u0107a, dodaju\u0107i prefinjenu, \u017eensku eleganciju vibrantnom vo\u0107nom centru.<\/p>\n<p>U svojim zavr\u0161nim fazama, kompozicija se sti\u0161ava u toplu, ugodnu i apsolutno zavisnu osnovu. Bogata, luksuzna slatko\u0107a vanile i Tonke besprekorno se spaja sa dubokom, zlatnom rezonancom ambera. Ovaj veli\u010danstveni trag osigurava gladak fini\u0161 koji naginje ka gurmanskom, ostavljaju\u0107i nezaboravan i senzualan potpis.<\/p>","protected":false},"excerpt":{"rendered":"<p><strong>LA YUQAWAM KOLEKCIJA<\/strong><\/p>\n<p><strong>For Her \/ Eau De Parfum \/ 75ml<\/strong><\/p>\n<p><strong>Mirisni profil: <\/strong>Vo\u0107ni, Gurmanski<\/p>\n<p><strong>Gornje note: <\/strong>Mandarina, Grejpfrut, Limun<br \/>\n<strong>Srednje note: <\/strong>Marakuja, Breskva, Kokos, Kru\u0161ka, Bijelo cvije\u0107e<br \/>\n<strong>Bazne note: <\/strong>Vanila, Amber, Tonka<\/p>","protected":false},"featured_media":2522,"template":"","meta":[],"product_brand":[112],"product_cat":[90,104,85],"product_tag":[115,114],"class_list":{"0":"post-2521","1":"product","2":"type-product","3":"status-publish","4":"has-post-thumbnail","6":"product_brand-rasasi","7":"product_cat-eau-de-parfum","8":"product_cat-for-her","9":"product_cat-perfumes","10":"product_tag-la-yuqawam-collection","11":"product_tag-rasasi","13":"first","14":"instock","15":"taxable","16":"shipping-taxable","17":"purchasable","18":"product-type-variable"},"_links":{"self":[{"href":"http:\/\/zaharascents.me\/me\/wp-json\/wp\/v2\/product\/2521","targetHints":{"allow":["GET"]}}],"collection":[{"href":"http:\/\/zaharascents.me\/me\/wp-json\/wp\/v2\/product"}],"about":[{"href":"http:\/\/zaharascents.me\/me\/wp-json\/wp\/v2\/types\/product"}],"wp:featuredmedia":[{"embeddable":true,"href":"http:\/\/zaharascents.me\/me\/wp-json\/wp\/v2\/media\/2522"}],"wp:attachment":[{"href":"http:\/\/zaharascents.me\/me\/wp-json\/wp\/v2\/media?parent=2521"}],"wp:term":[{"taxonomy":"product_brand","embeddable":true,"href":"http:\/\/zaharascents.me\/me\/wp-json\/wp\/v2\/product_brand?post=2521"},{"taxonomy":"product_cat","embeddable":true,"href":"http:\/\/zaharascents.me\/me\/wp-json\/wp\/v2\/product_cat?post=2521"},{"taxonomy":"product_tag","embeddable":true,"href":"http:\/\/zaharascents.me\/me\/wp-json\/wp\/v2\/product_tag?post=2521"}],"curies":[{"name":"wp","href":"https:\/\/api.w.org\/{rel}","templated":true}]}}