{"id":2698,"date":"2025-10-09T03:06:35","date_gmt":"2025-10-09T03:06:35","guid":{"rendered":"http:\/\/zaharascents.me\/?post_type=product&#038;p=2698"},"modified":"2026-04-20T18:00:39","modified_gmt":"2026-04-20T18:00:39","slug":"swiss-arabian-enigma-of-taif","status":"publish","type":"product","link":"http:\/\/zaharascents.me\/me\/shop\/swiss-arabian-enigma-of-taif\/","title":{"rendered":"Swiss Arabian Enigma of Taif"},"content":{"rendered":"<h5>Kraljevsko srce Taifa<\/h5>\n<p class=\"translation-block\"><strong>Swiss Arabian Enigma of Taif<\/strong> je hrabar, premium <em>Extrait de Parfum<\/em> koji obavija ko\u017eu aurom senzualne topline i tihe mo\u0107i. Pripadaju\u0107i cijenjenoj Cities kolekciji, ovaj parfem je lekcija u kraljevskoj misteriji. Dizajniran je za moderne poznavaoce koji tra\u017ee miris koji je istovremeno duboko umiruju\u0107i i veli\u010danstven, ostavljaju\u0107i dugotrajan utisak apsolutnog luksuza.<\/p>\n<h5>Mirisni profil i kompozicija<\/h5>\n<p>Parfem se otvara vibrantnim, naelektrisanim naletom izuzetnih za\u010dina. Dinami\u010dna toplina kardamoma, crnog bibera i ru\u017ei\u010dastog bibera prelijepo je izbalansirana suptilno smolastim dodirom elemija. Ovo blistavo, za\u010dinsko bu\u0111enje momentalno je ubla\u017eeno so\u010dnim, tamnim i vo\u0107nim bogatstvom zrele \u0161ljive, stvaraju\u0107i uvod koji budi \u010dula, a ostaje neodoljivo gladak i privla\u010dan.<\/p>\n<p>Kako se po\u010detni za\u010dini smiruju, srce otkriva svoj apsolutni centar: veli\u010danstvenu Taif ru\u017eu, koja cvjeta u punom, rasko\u0161nom sjaju. Ova rijetka i izuzetna cvjetna nota majstorski je slojevita zlatnom toplinom dragocjenog \u0161afrana i delikatnom, puderastom elegancijom ljubi\u010dice. Sveti, suptilno dimljeni eho olibanuma i slatki, kajsijasti sjaj osmanthusa provla\u010de se kroz ovaj bogati buket, stvaraju\u0107i duboko kraljevsku i misterioznu sr\u017e.<\/p>\n<p>U svojim zavr\u0161nim fazama, kompozicija se spu\u0161ta u spektakularno tamnu, toplu i visoko opijaju\u0107u osnovu. Jedinstveni dodir melase unosi duboko senzualnu, sirupastu slatko\u0107u, koja je elegantno utemeljena \u010dvrstom, zemljanom strukturom vetivera i hrastovog drveta. Toplina zlatnog ambera i bogatog labdanuma osigurava dugotrajan, dimljeni trag koji onoga ko ga nosi obavija u nezaboravnu zimsku dubinu.<\/p>","protected":false},"excerpt":{"rendered":"<p><strong>CITIES KOLEKCIJA<\/strong><\/p>\n<p><strong>Unisex \/ Extrait De Parfum \/ 100ml<\/strong><\/p>\n<p><strong>Mirisni profil: <\/strong>Amberni, Cvjetni, Drvenasti<\/p>\n<p><strong>Gornje note: <\/strong>Kardamom, Crni biber, Ru\u017ei\u010dasti biber, Elemi, \u0160ljiva<br \/>\n<strong>Srednje note: <\/strong>Taif ru\u017ea, \u0160afran, Ljubi\u010dica, Olibanum (Tamjan), Osmanthus<br \/>\n<strong>Bazne note: <\/strong>Hrastovo drvo, Melasa, Vetiver, Amber, Labdanum<\/p>","protected":false},"featured_media":2701,"template":"","meta":[],"product_brand":[84],"product_cat":[91,85,105],"product_tag":[92,87],"class_list":{"0":"post-2698","1":"product","2":"type-product","3":"status-publish","4":"has-post-thumbnail","6":"product_brand-swiss-arabian","7":"product_cat-extrait-de-parfum","8":"product_cat-perfumes","9":"product_cat-unisex","10":"product_tag-cities-collection","11":"product_tag-swiss-arabian","13":"first","14":"outofstock","15":"taxable","16":"shipping-taxable","17":"purchasable","18":"product-type-variable"},"_links":{"self":[{"href":"http:\/\/zaharascents.me\/me\/wp-json\/wp\/v2\/product\/2698","targetHints":{"allow":["GET"]}}],"collection":[{"href":"http:\/\/zaharascents.me\/me\/wp-json\/wp\/v2\/product"}],"about":[{"href":"http:\/\/zaharascents.me\/me\/wp-json\/wp\/v2\/types\/product"}],"wp:featuredmedia":[{"embeddable":true,"href":"http:\/\/zaharascents.me\/me\/wp-json\/wp\/v2\/media\/2701"}],"wp:attachment":[{"href":"http:\/\/zaharascents.me\/me\/wp-json\/wp\/v2\/media?parent=2698"}],"wp:term":[{"taxonomy":"product_brand","embeddable":true,"href":"http:\/\/zaharascents.me\/me\/wp-json\/wp\/v2\/product_brand?post=2698"},{"taxonomy":"product_cat","embeddable":true,"href":"http:\/\/zaharascents.me\/me\/wp-json\/wp\/v2\/product_cat?post=2698"},{"taxonomy":"product_tag","embeddable":true,"href":"http:\/\/zaharascents.me\/me\/wp-json\/wp\/v2\/product_tag?post=2698"}],"curies":[{"name":"wp","href":"https:\/\/api.w.org\/{rel}","templated":true}]}}