{"id":3091,"date":"2025-11-05T02:08:30","date_gmt":"2025-11-05T02:08:30","guid":{"rendered":"http:\/\/zaharascents.me\/?post_type=product&#038;p=3091"},"modified":"2026-03-14T02:32:05","modified_gmt":"2026-03-14T02:32:05","slug":"rasasi-hawas-pink","status":"publish","type":"product","link":"http:\/\/zaharascents.me\/me\/shop\/rasasi-hawas-pink\/","title":{"rendered":"Rasasi Hawas Pink"},"content":{"rendered":"<h5>Rasko\u0161na elegancija toplih i slatkih cvjetnih nota<\/h5>\n<p class=\"translation-block\"><strong>Rasasi Hawas Pink<\/strong> podi\u017ee kolekciju svojim izuzetno slatkim i \u017eenstvenim karakterom. Prelaze\u0107i sa tradicionalnih akvati\u010dnih profila u elegantno carstvo gurmanskog luksuza, savr\u0161eno odgovara onima koji tra\u017ee prepoznatljiv parfemski potpis. Ova kreacija predivno utjelovljuje i razigranost i kraljevsku rasko\u0161, majstorski spajaju\u0107i tople za\u010dine sa zadivljuju\u0107om, slasnom slatko\u0107om koja bez napora privla\u010di pa\u017enju.<\/p>\n<h5>Mirisni profil i kompozicija<\/h5>\n<p>Parfem se otvara za\u010dinskom toplinom gdje cimet i mu\u0161katni ora\u0161\u010di\u0107 pru\u017eaju sofisticiranu vrelinu, savr\u0161eno dopunjenu osvje\u017eavaju\u0107im citrusnim notama nerolija.<\/p>\n<p>Srce otkriva kremasto bogatstvo dok pahuljasti sljez obavija tuberozu i cvijet narand\u017ee, stvaraju\u0107i rasko\u0161nu auru bijelog cvije\u0107a koja satima zadr\u017eava svoj odva\u017eni karakter.<\/p>\n<p>Putovanje se zavr\u0161ava slasnim slatkim fini\u0161om; \u0161e\u0107erna vuna i vanila daju razigran kvalitet, dok Tonka doprinosi glatkoj dubini nalik bademu, ostavljaju\u0107i za sobom bar\u0161unast i nezaboravan trag.<\/p>","protected":false},"excerpt":{"rendered":"<p><strong>HAWAS KOLEKCIJA<\/strong><\/p>\n<p><strong>Za nju \/ Eau De Parfum \/ 100ml<\/strong><\/p>\n<p><strong>Mirisni profil: <\/strong>Cvjetni, Gurmanski<\/p>\n<p><strong>Gornje note: <\/strong>Cimet, Mu\u0161katni ora\u0161\u010di\u0107, Neroli<br \/>\n<strong>Srednje note: <\/strong>Sljez (Marshmallow), Tuberoza, Cvijet narand\u017ee<br \/>\n<strong>Bazne note: <\/strong>Vanila, \u0160e\u0107erna vuna, Tonka<\/p>","protected":false},"featured_media":3092,"template":"","meta":[],"product_brand":[112],"product_cat":[90,104,85],"product_tag":[128,114],"class_list":{"0":"post-3091","1":"product","2":"type-product","3":"status-publish","4":"has-post-thumbnail","6":"product_brand-rasasi","7":"product_cat-eau-de-parfum","8":"product_cat-for-her","9":"product_cat-perfumes","10":"product_tag-hawas-collection","11":"product_tag-rasasi","13":"first","14":"instock","15":"taxable","16":"shipping-taxable","17":"purchasable","18":"product-type-variable"},"_links":{"self":[{"href":"http:\/\/zaharascents.me\/me\/wp-json\/wp\/v2\/product\/3091","targetHints":{"allow":["GET"]}}],"collection":[{"href":"http:\/\/zaharascents.me\/me\/wp-json\/wp\/v2\/product"}],"about":[{"href":"http:\/\/zaharascents.me\/me\/wp-json\/wp\/v2\/types\/product"}],"wp:featuredmedia":[{"embeddable":true,"href":"http:\/\/zaharascents.me\/me\/wp-json\/wp\/v2\/media\/3092"}],"wp:attachment":[{"href":"http:\/\/zaharascents.me\/me\/wp-json\/wp\/v2\/media?parent=3091"}],"wp:term":[{"taxonomy":"product_brand","embeddable":true,"href":"http:\/\/zaharascents.me\/me\/wp-json\/wp\/v2\/product_brand?post=3091"},{"taxonomy":"product_cat","embeddable":true,"href":"http:\/\/zaharascents.me\/me\/wp-json\/wp\/v2\/product_cat?post=3091"},{"taxonomy":"product_tag","embeddable":true,"href":"http:\/\/zaharascents.me\/me\/wp-json\/wp\/v2\/product_tag?post=3091"}],"curies":[{"name":"wp","href":"https:\/\/api.w.org\/{rel}","templated":true}]}}