{"id":3101,"date":"2025-11-05T02:03:44","date_gmt":"2025-11-05T02:03:44","guid":{"rendered":"http:\/\/zaharascents.me\/?post_type=product&#038;p=3101"},"modified":"2026-05-11T22:59:55","modified_gmt":"2026-05-11T22:59:55","slug":"rasasi-hawas-eclat","status":"publish","type":"product","link":"http:\/\/zaharascents.me\/me\/shop\/rasasi-hawas-eclat\/","title":{"rendered":"Rasasi Hawas Eclat"},"content":{"rendered":"<h5>Vizija cvjetne elegancije<\/h5>\n<p class=\"translation-block\"><strong>Rasasi Hawas Eclat<\/strong> je uzvi\u0161ena cvjetna parfemska voda koja utjelovljuje privla\u010dnost i eleganciju moderne \u017eene. Dizajniran za one koji cijene idealan spoj slatko\u0107e, topline i senzualnosti, ovaj parfem slu\u017ei kao istinska reprezentacija \u010diste \u017eenstvenosti i prefinjenog stila.<\/p>\n<h5>Mirisni profil i kompozicija<\/h5>\n<p>Parfem se otvara predivnom kombinacijom svijetlog bergamota, so\u010dnog li\u010dija, nje\u017ene kru\u0161ke i glatkih pista\u0107a, trenutno uspostavljaju\u0107i vibrantnu i rasko\u0161nu atmosferu od prve kapi.<\/p>\n<p>Kako se parfem razvija na ko\u017ei, otkriva zadivljuju\u0107e srce gdje se meke, bar\u0161unaste note ru\u017ee isprepli\u0107u sa blagim tragovima tamjana, formiraju\u0107i o\u010daravaju\u0107e i duboko romanti\u010dno jezgro.<\/p>\n<p>Osnova se zavr\u0161ava luksuznim, svilenkastim spojem ambera, mo\u0161usa, vanile i dubokih drvenih podtonova. Ova topla kombinacija ostavlja za sobom umiruju\u0107u, ali neosporno intrigantnu esenciju sa predivnim, dugotrajnim tragom.<\/p>","protected":false},"excerpt":{"rendered":"<p><strong>HAWAS KOLEKCIJA<\/strong><\/p>\n<p><strong>Za nju \/ Eau De Parfum \/ 100ml<\/strong><\/p>\n<p><strong>Inspiracija: <\/strong>Parfums de Marly Delina Exclusif<\/p>\n<p><strong>Mirisni profil: <\/strong>Amberni, Cvjetni<\/p>\n<p><strong>Gornje note: <\/strong>Li\u010di, Bergamot, Kru\u0161ka, Pista\u0107i<br \/>\n<strong>Srednje note: <\/strong>Ru\u017ea, Tamjan<br \/>\n<strong>Bazne note: <\/strong>Vanila, Amber, Mo\u0161us, Drvene note<\/p>","protected":false},"featured_media":4447,"template":"","meta":[],"product_brand":[112],"product_cat":[90,104,85],"product_tag":[128,114],"class_list":{"0":"post-3101","1":"product","2":"type-product","3":"status-publish","4":"has-post-thumbnail","6":"product_brand-rasasi","7":"product_cat-eau-de-parfum","8":"product_cat-for-her","9":"product_cat-perfumes","10":"product_tag-hawas-collection","11":"product_tag-rasasi","13":"first","14":"instock","15":"taxable","16":"shipping-taxable","17":"purchasable","18":"product-type-variable"},"_links":{"self":[{"href":"http:\/\/zaharascents.me\/me\/wp-json\/wp\/v2\/product\/3101","targetHints":{"allow":["GET"]}}],"collection":[{"href":"http:\/\/zaharascents.me\/me\/wp-json\/wp\/v2\/product"}],"about":[{"href":"http:\/\/zaharascents.me\/me\/wp-json\/wp\/v2\/types\/product"}],"wp:featuredmedia":[{"embeddable":true,"href":"http:\/\/zaharascents.me\/me\/wp-json\/wp\/v2\/media\/4447"}],"wp:attachment":[{"href":"http:\/\/zaharascents.me\/me\/wp-json\/wp\/v2\/media?parent=3101"}],"wp:term":[{"taxonomy":"product_brand","embeddable":true,"href":"http:\/\/zaharascents.me\/me\/wp-json\/wp\/v2\/product_brand?post=3101"},{"taxonomy":"product_cat","embeddable":true,"href":"http:\/\/zaharascents.me\/me\/wp-json\/wp\/v2\/product_cat?post=3101"},{"taxonomy":"product_tag","embeddable":true,"href":"http:\/\/zaharascents.me\/me\/wp-json\/wp\/v2\/product_tag?post=3101"}],"curies":[{"name":"wp","href":"https:\/\/api.w.org\/{rel}","templated":true}]}}