{"id":3106,"date":"2025-11-05T02:07:58","date_gmt":"2025-11-05T02:07:58","guid":{"rendered":"http:\/\/zaharascents.me\/?post_type=product&#038;p=3106"},"modified":"2026-03-14T02:32:13","modified_gmt":"2026-03-14T02:32:13","slug":"rasasi-hawas-tropical","status":"publish","type":"product","link":"http:\/\/zaharascents.me\/me\/shop\/rasasi-hawas-tropical\/","title":{"rendered":"Rasasi Hawas Tropical"},"content":{"rendered":"<h5>Egzoti\u010dni zeleni bijeg<\/h5>\n<p class=\"translation-block\"><strong>Rasasi Hawas Tropical<\/strong> je savremen aromati\u010dno-zeleni parfem dizajniran za avanturisti\u010dkog i duhom bogatog mu\u0161karca. Savr\u0161eno izbalansiran za svako okru\u017eenje, ovaj parfem majstorski kombinuje svje\u017ee, slatke i drvene elemente kako bi stvorio zadivljuju\u0107i i trajan utisak. To je svestrana kompozicija prikladna za svaku priliku, koja bez napora prelazi sa dinami\u010dne dnevne varijante u sofisticiranu ve\u010dernju atmosferu.<\/p>\n<h5>Mirisni profil i kompozicija<\/h5>\n<p>Parfem se otvara okrepljuju\u0107im spojem osvje\u017eavaju\u0107e kokosove vode, za\u010dinjenog \u0111umbira i zelenih listova smokve. Ova jedinstvena kombinacija stvara delikatnu i egzoti\u010dnu gornju notu koja trenutno podi\u017ee \u010dula i postavlja vibrantan ton.<\/p>\n<p>Kako se parfem razvija, srce otkriva bujnu tropsku fuziju kremastog kokosa, zrele smokve i hladne mente. Ovo jezgro doprinosi o\u0161troj zelenoj svje\u017eini uparenoj sa mekom, prirodnom slatko\u0107om, evociraju\u0107i osje\u0107aj netaknutog ostrvskog raja.<\/p>\n<p>U zavr\u0161nim fazama, bazne note Tonke, sandalovine i mo\u0161usa pru\u017eaju gladak i kremast fini\u0161. Ova topla osnova dugo se zadr\u017eava na ko\u017ei, ostavljaju\u0107i trag koji je istovremeno sofisticiran i neosporno mu\u017eevan.<\/p>","protected":false},"excerpt":{"rendered":"<p><strong>HAWAS KOLEKCIJA<\/strong><\/p>\n<p><strong>Za njega \/ Eau De Parfum \/ 100ml<\/strong><\/p>\n<p><strong>Inspiracija: <\/strong>Jean Paul Gaultier Le Beau Paradise Garden<\/p>\n<p><strong>Mirisni profil: <\/strong>Aromati\u010dni, Zeleni<\/p>\n<p><strong>Gornje note: <\/strong>Kokosova voda, List smokve, \u0110umbir<br \/>\n<strong>Srednje note: <\/strong>Kokos, Smokva, Menta<br \/>\n<strong>Bazne note: <\/strong>Sandalovina, Tonka, Mo\u0161us<\/p>","protected":false},"featured_media":4445,"template":"","meta":[],"product_brand":[112],"product_cat":[90,103,85],"product_tag":[128,114],"class_list":{"0":"post-3106","1":"product","2":"type-product","3":"status-publish","4":"has-post-thumbnail","6":"product_brand-rasasi","7":"product_cat-eau-de-parfum","8":"product_cat-for-him","9":"product_cat-perfumes","10":"product_tag-hawas-collection","11":"product_tag-rasasi","13":"first","14":"instock","15":"taxable","16":"shipping-taxable","17":"purchasable","18":"product-type-variable"},"_links":{"self":[{"href":"http:\/\/zaharascents.me\/me\/wp-json\/wp\/v2\/product\/3106","targetHints":{"allow":["GET"]}}],"collection":[{"href":"http:\/\/zaharascents.me\/me\/wp-json\/wp\/v2\/product"}],"about":[{"href":"http:\/\/zaharascents.me\/me\/wp-json\/wp\/v2\/types\/product"}],"wp:featuredmedia":[{"embeddable":true,"href":"http:\/\/zaharascents.me\/me\/wp-json\/wp\/v2\/media\/4445"}],"wp:attachment":[{"href":"http:\/\/zaharascents.me\/me\/wp-json\/wp\/v2\/media?parent=3106"}],"wp:term":[{"taxonomy":"product_brand","embeddable":true,"href":"http:\/\/zaharascents.me\/me\/wp-json\/wp\/v2\/product_brand?post=3106"},{"taxonomy":"product_cat","embeddable":true,"href":"http:\/\/zaharascents.me\/me\/wp-json\/wp\/v2\/product_cat?post=3106"},{"taxonomy":"product_tag","embeddable":true,"href":"http:\/\/zaharascents.me\/me\/wp-json\/wp\/v2\/product_tag?post=3106"}],"curies":[{"name":"wp","href":"https:\/\/api.w.org\/{rel}","templated":true}]}}