{"id":3691,"date":"2025-12-08T03:06:26","date_gmt":"2025-12-08T03:06:26","guid":{"rendered":"https:\/\/zaharascents.me\/?post_type=product&#038;p=3691"},"modified":"2026-05-11T22:30:55","modified_gmt":"2026-05-11T22:30:55","slug":"armaf-club-de-nuit-untold","status":"publish","type":"product","link":"http:\/\/zaharascents.me\/me\/shop\/armaf-club-de-nuit-untold\/","title":{"rendered":"Armaf Club De Nuit Untold"},"content":{"rendered":"<h5>Remek-djelo blistave ljepote i magnetske privla\u010dnosti<\/h5>\n<p><strong>Armaf Club De Nuit Untold<\/strong> je o\u010daravaju\u0107i Eau de Parfum stvoren za pojedinca koji tra\u017ei miris koji je istovremeno eteri\u010dan i neporecivo sna\u017ean. Ovaj uniseks miris utjelovljuje pri\u010du o svjetlucavom luksuzu, mije\u0161aju\u0107i nje\u017enu slatko\u0107u cvije\u0107a s dubokom, mineralnom toplinom smola. Smje\u0161ten u upe\u010datljivoj, vi\u0161estrukoj bo\u010dici koja reflektira spektar zlata i crvene boje, Untold pru\u017ea mirisni potpis visokih performansi koji je istovremeno misteriozan i privla\u010dan. Dizajniran za one koji cijene izvrsnost, ostavlja trag tihe autoritativnosti i zra\u010de\u0107e elegancije, \u010dine\u0107i ga savr\u0161enim izborom i za sofisticirano dnevno no\u0161enje i za ekskluzivne ve\u010dernje susrete.<\/p>\n<h5>Mirisni profil i kompozicija<\/h5>\n<p>Putovanje zapo\u010dinje blistavo svjetlucavim i profinjenim uvodom. Egzoti\u010dna, metalna toplina \u0161afrana majstorski je spojena s nje\u017enom, medastom slatko\u0107om jasmina. Ovaj dinami\u010dni po\u010detak stvara trenutnu auru prozra\u010dne vitalnosti i luksuza visokog uloga od prvog prskanja, postavljaju\u0107i svijetli i zadivljuju\u0107i pozornicu za slojevitu pri\u010du koja \u0107e se odvijati.<\/p>\n<p>As the fragrance evolves, the heart reveals a mineral and intoxicating core of absolute elegance. The woody depth of amberwood is perfectly balanced by the salty, skin-like vibration of ambergris. This mesmerizing middle stage acts as a high-octane bridge, projecting an aura of confident, effortless grace and a modern, \u201cniche\u201d sensibility that feels both vast and intimate.<\/p>\n<p>U svojim zavr\u0161nim fazama, kompozicija se spu\u0161ta u izuzetno trajan i \u010dvrst temelj. Sna\u017ena mje\u0161avina smole balzami\u010dne jele lijepo je ukotvljena suhom, aromati\u010dnom dubinom cedrovine. Ovaj vi\u0161estruki dry-down osigurava dugotrajan, magnetski potpis koji pru\u017ea dodir neodoljivog \u0161arma i drvenkaste topline tijekom cijelog dana i no\u0107i.<\/p>","protected":false},"excerpt":{"rendered":"<p><strong>CLUB DE NUIT KOLEKCIJA<\/strong> <\/p>\n<p><strong>Unisex \/ Eau De Parfum \/ 105ml<\/strong> <\/p>\n<p><strong>Inspiracija: <\/strong>Maison Francis Kurkdjian Baccarat Rouge 540 <\/p>\n<p><strong>Mirisni profil: <\/strong>Amber, Cvjetni <\/p>\n<p><strong>Gornje note: <\/strong>\u0160afran, jasmin  <br \/>\n<strong>Srednje note: <\/strong>Amberwood, Ambergris <br \/>\n<strong>Bazne note: <\/strong>Borova smola, cedar <\/p>","protected":false},"featured_media":3692,"template":"","meta":[],"product_brand":[137],"product_cat":[90,85,105],"product_tag":[139,156],"class_list":{"0":"post-3691","1":"product","2":"type-product","3":"status-publish","4":"has-post-thumbnail","6":"product_brand-armaf","7":"product_cat-eau-de-parfum","8":"product_cat-perfumes","9":"product_cat-unisex","10":"product_tag-armaf","11":"product_tag-club-de-nuit-collection","13":"first","14":"instock","15":"taxable","16":"shipping-taxable","17":"purchasable","18":"product-type-variable"},"_links":{"self":[{"href":"http:\/\/zaharascents.me\/me\/wp-json\/wp\/v2\/product\/3691","targetHints":{"allow":["GET"]}}],"collection":[{"href":"http:\/\/zaharascents.me\/me\/wp-json\/wp\/v2\/product"}],"about":[{"href":"http:\/\/zaharascents.me\/me\/wp-json\/wp\/v2\/types\/product"}],"wp:featuredmedia":[{"embeddable":true,"href":"http:\/\/zaharascents.me\/me\/wp-json\/wp\/v2\/media\/3692"}],"wp:attachment":[{"href":"http:\/\/zaharascents.me\/me\/wp-json\/wp\/v2\/media?parent=3691"}],"wp:term":[{"taxonomy":"product_brand","embeddable":true,"href":"http:\/\/zaharascents.me\/me\/wp-json\/wp\/v2\/product_brand?post=3691"},{"taxonomy":"product_cat","embeddable":true,"href":"http:\/\/zaharascents.me\/me\/wp-json\/wp\/v2\/product_cat?post=3691"},{"taxonomy":"product_tag","embeddable":true,"href":"http:\/\/zaharascents.me\/me\/wp-json\/wp\/v2\/product_tag?post=3691"}],"curies":[{"name":"wp","href":"https:\/\/api.w.org\/{rel}","templated":true}]}}