{"id":3933,"date":"2026-01-08T21:58:44","date_gmt":"2026-01-08T21:58:44","guid":{"rendered":"https:\/\/zaharascents.me\/?post_type=product&#038;p=3933"},"modified":"2026-03-18T12:42:58","modified_gmt":"2026-03-18T12:42:58","slug":"avenija-kakao-morado","status":"publish","type":"product","link":"http:\/\/zaharascents.me\/me\/shop\/french-avenue-cocoa-morado\/","title":{"rendered":"French Avenue Cocoa Morado"},"content":{"rendered":"<h5>Dekadentno remek-djelo slatkih urmi i dimljenog ouda<\/h5>\n<p class=\"translation-block\"><p><strong>French Avenue Cocoa Morado<\/strong> je intenzivno rasko\u0161an, amberno-drveni parfem koji majstorski premo\u0161\u0107ava jaz izme\u0111u gurmanske slatko\u0107e od koje ide voda na usta i tamnog, luksuznog drveta. Dizajniran za osobu koja tra\u017ei kompleksnost i eleganciju, ovaj miris vas poziva u duboko li\u010dni trenutak hrabre sofisticiranosti. Sa \"Sna\u017enim\" intenzitetom, Cocoa Morado obavija \u010dula u gust, smolasti oblak, ostavljaju\u0107i duboko magneti\u010dan i nezaboravan trag.<\/p><\/p>\n<h5>Mirisni profil i kompozicija<\/h5>\n<p>Putovanje po\u010dinje vatrenim, osna\u017euju\u0107im naletom egzoti\u010dnih za\u010dina. Dinami\u010dna mje\u0161avina cimeta, kardamoma i rozog bibera besprekorno je isprepletena sa luksuznom dubinom \u0161afrana, mu\u0161katnog ora\u0161\u010di\u0107a i \u0111umbira. Ovaj visoko-energetski uvod djeluje kao vibrantna udica, trenutno griju\u0107i ko\u017eu i postavljaju\u0107i duboko senzualan ton od prvog prskanja.<\/p>\n<p>Kako se parfem razvija, srce otkriva spektakularno tamno i rasko\u0161no jezgro. Slatke, sirupaste urme neprimjetno se stapaju sa dimljenom, misti\u010dnom privla\u010dno\u0161\u0107u premium ouda, tamjana i mira. Delikatan dodir davane unosi suptilnu, likerasto-vo\u0107nu eleganciju, stvaraju\u0107i zadivljuju\u0107u i aromati\u010dnu srednju fazu koja djeluje nevjerovatno luksuzno i smolasto.<\/p>\n<p>U svojim zavr\u0161nim fazama, kompozicija se spu\u0161ta u izvanredno dugotrajnu i bar\u0161unastu osnovu. Kremasta vanila i tonka umotavaju miris u rasko\u0161an zagrljaj, dok dominantan, ultra-premium akord ko\u017ee i zemljani pa\u010duli dodaju duboku te\u017einu. Oboga\u0107en balzamastom slatko\u0107om benzoina, labdanuma i suvom biljnom nijansom matea, ovaj vi\u0161eslojni fini\u0161 osigurava dugotrajan potpis koji je istovremeno duboko topao i beskompromisno zavodljiv.<\/p>","protected":false},"excerpt":{"rendered":"<p><strong>SWEET PLEASURE KOLEKCIJA<\/strong><\/p>\n<p><strong>Unisex \/ Eau De Parfum \/ 100ml<\/strong><\/p>\n<p><strong>Inspiracija: <\/strong>Maison Crivelli Oud Cadenza<\/p>\n<p><strong>Mirisni profil: <\/strong>Amberni, Drveni, Gurmanski<\/p>\n<p><strong>Gornje note: <\/strong>Cimet, \u0160afran, Kardamom, \u0110umbir, Mu\u0161katni ora\u0161\u010di\u0107, Rozi biber<br \/>\n<strong>Srednje note: <\/strong>Urme, Oud, Tamjan, Miro, Davana<br \/>\n<strong>Bazne note: <\/strong>Vanila, Tonka, Benzoin, Labdanum, Ko\u017ea, Pa\u010duli, Mate<\/p>","protected":false},"featured_media":3952,"template":"","meta":[],"product_brand":[157],"product_cat":[90,85],"product_tag":[159,160],"class_list":{"0":"post-3933","1":"product","2":"type-product","3":"status-publish","4":"has-post-thumbnail","6":"product_brand-french-avenue","7":"product_cat-eau-de-parfum","8":"product_cat-perfumes","9":"product_tag-french-avenue","10":"product_tag-sweet-pleasure-collection","12":"first","13":"instock","14":"taxable","15":"shipping-taxable","16":"purchasable","17":"product-type-variable"},"_links":{"self":[{"href":"http:\/\/zaharascents.me\/me\/wp-json\/wp\/v2\/product\/3933","targetHints":{"allow":["GET"]}}],"collection":[{"href":"http:\/\/zaharascents.me\/me\/wp-json\/wp\/v2\/product"}],"about":[{"href":"http:\/\/zaharascents.me\/me\/wp-json\/wp\/v2\/types\/product"}],"wp:featuredmedia":[{"embeddable":true,"href":"http:\/\/zaharascents.me\/me\/wp-json\/wp\/v2\/media\/3952"}],"wp:attachment":[{"href":"http:\/\/zaharascents.me\/me\/wp-json\/wp\/v2\/media?parent=3933"}],"wp:term":[{"taxonomy":"product_brand","embeddable":true,"href":"http:\/\/zaharascents.me\/me\/wp-json\/wp\/v2\/product_brand?post=3933"},{"taxonomy":"product_cat","embeddable":true,"href":"http:\/\/zaharascents.me\/me\/wp-json\/wp\/v2\/product_cat?post=3933"},{"taxonomy":"product_tag","embeddable":true,"href":"http:\/\/zaharascents.me\/me\/wp-json\/wp\/v2\/product_tag?post=3933"}],"curies":[{"name":"wp","href":"https:\/\/api.w.org\/{rel}","templated":true}]}}