{"id":4252,"date":"2026-02-10T01:02:09","date_gmt":"2026-02-10T01:02:09","guid":{"rendered":"https:\/\/zaharascents.me\/?post_type=product&#038;p=4252"},"modified":"2026-04-26T21:31:24","modified_gmt":"2026-04-26T21:31:24","slug":"matin-martin-limitless","status":"publish","type":"product","link":"http:\/\/zaharascents.me\/me\/shop\/matin-martin-limitless\/","title":{"rendered":"Matin Martin Limitless"},"content":{"rendered":"<h5>Beskrajna mo\u0107 crvene narand\u017ee i aromati\u010dne lavande<\/h5>\n<p class=\"translation-block\"><strong>Matin Martin Limitless<\/strong> je impozantna i duboko sofisticirana parfemska voda koja oli\u010dava duh mu\u0161karca koji ne poznaje granice. Smje\u0161ten u elegantnu, pono\u0107no crnu bo\u010dicu sa dominantnim zlatnim \u010depom, ovaj parfem je masterklas u modernoj aromati\u010dnoj parfimeriji. Dizajniran za hrabrog i ambicioznog lidera, on ostavlja nevjerovatno vibrantan, drveni i magneti\u010dan trag koji zra\u010di \u010distom snagom i bezvremenskim \u0161armom.<\/p>\n<h5>Mirisni profil i kompozicija<\/h5>\n<p>Parfem se otvara o\u0161trim, uzbudljivim i duboko osve\u017eavaju\u0107im uvodom. Hrskava svje\u017eina bobica kleke briljantno je obavijena bogatim, so\u010dnim naletom crvene narand\u017ee i poletnih citrusa. Ovaj visoko dinami\u010dni i podsticajni gornji sloj stvara trenutnu auru nepokolebljive energije i svje\u017eine od prvog prskanja.<\/p>\n<p>Kako se po\u010detni intenzitet smiruje, srce otkriva duboko mu\u017eevno i prefinjeno jezgro. Klasi\u010dna aromati\u010dna elegancija lavande preuzima centralno mjesto, majstorski isprepletena sa svje\u017eim geranijumom i neo\u010dekivanim, vatrenim dodirom pimenta. Ova sofisticirana srednja faza djeluje kao most koji oduzima dah, dodaju\u0107i nevjerovatnu teksturu i osje\u0107aj prefinjene, za\u010dinske robusnosti samoj kompoziciji.<\/p>\n<p>U svojim zavr\u0161nim fazama, kompozicija se spu\u0161ta u spektakularno duboku, zemljanu i trajnu osnovu. \u010cvrsta, mu\u017eevna snaga kedrovine besprekorno je usidrena postojanim, tamnim zagrljajem pa\u010dulija i vetivera. Ovaj veli\u010danstveni fini\u0161 osigurava \u017eestoko privla\u010dan, ugodan i izvanredno dugotrajan potpis koji komanduje po\u0161tovanjem i zadr\u017eava se satima.<\/p>","protected":false},"excerpt":{"rendered":"<p><strong>Za njega \/ Eau De Parfum \/ 100ml<\/strong><\/p>\n<p><strong>Mirisni profil:<\/strong> Drveni, Aromati\u010dni, Citrusni<\/p>\n<p><strong>Gornje note: <\/strong>Bobice kleke, Crvena narand\u017ea, Citrusi<br \/>\n<strong>Srednje note: <\/strong>Geranijum, Piment, Lavanda<br \/>\n<strong>Bazne note: <\/strong>Kedrovina, Vetiver, Pa\u010duli<\/p>","protected":false},"featured_media":4261,"template":"","meta":[],"product_brand":[174],"product_cat":[90,103,85],"product_tag":[176],"class_list":{"0":"post-4252","1":"product","2":"type-product","3":"status-publish","4":"has-post-thumbnail","6":"product_brand-matin-martin","7":"product_cat-eau-de-parfum","8":"product_cat-for-him","9":"product_cat-perfumes","10":"product_tag-matin-martin","12":"first","13":"instock","14":"taxable","15":"shipping-taxable","16":"purchasable","17":"product-type-variable"},"_links":{"self":[{"href":"http:\/\/zaharascents.me\/me\/wp-json\/wp\/v2\/product\/4252","targetHints":{"allow":["GET"]}}],"collection":[{"href":"http:\/\/zaharascents.me\/me\/wp-json\/wp\/v2\/product"}],"about":[{"href":"http:\/\/zaharascents.me\/me\/wp-json\/wp\/v2\/types\/product"}],"wp:featuredmedia":[{"embeddable":true,"href":"http:\/\/zaharascents.me\/me\/wp-json\/wp\/v2\/media\/4261"}],"wp:attachment":[{"href":"http:\/\/zaharascents.me\/me\/wp-json\/wp\/v2\/media?parent=4252"}],"wp:term":[{"taxonomy":"product_brand","embeddable":true,"href":"http:\/\/zaharascents.me\/me\/wp-json\/wp\/v2\/product_brand?post=4252"},{"taxonomy":"product_cat","embeddable":true,"href":"http:\/\/zaharascents.me\/me\/wp-json\/wp\/v2\/product_cat?post=4252"},{"taxonomy":"product_tag","embeddable":true,"href":"http:\/\/zaharascents.me\/me\/wp-json\/wp\/v2\/product_tag?post=4252"}],"curies":[{"name":"wp","href":"https:\/\/api.w.org\/{rel}","templated":true}]}}