{"id":4263,"date":"2026-02-10T01:01:27","date_gmt":"2026-02-10T01:01:27","guid":{"rendered":"https:\/\/zaharascents.me\/?post_type=product&#038;p=4263"},"modified":"2026-03-12T01:01:09","modified_gmt":"2026-03-12T01:01:09","slug":"matin-martin-miral","status":"publish","type":"product","link":"http:\/\/zaharascents.me\/me\/shop\/matin-martin-miral\/","title":{"rendered":"Matin Martin Miral"},"content":{"rendered":"<h5>Blistava elegancija suncem okupane cvjetne oaze<\/h5>\n<p class=\"translation-block\"><strong>Matin Martin Miral<\/strong> je blistava i duboko sofisticirana parfemska voda koja hvata esenciju procvjetalog vrta na vrhuncu zlatnog mediteranskog popodneva. Smje\u0161ten u predivno kreiranu, te\u0161ku bo\u010dicu sa rasko\u0161nim zlatnim \u010depom, ovaj parfem je masterklas u modernoj \u017eenstvenoj eleganciji. Dizajniran za \u017eenu koja zra\u010di prirodnom graciozno\u0161\u0107u i vibrantnom energijom, on ostavlja nevjerovatno podi\u017eu\u0107i, senzualan i magneti\u010dan trag koji zarobljava \u010dula svakim pokretom.<\/p>\n<h5>Mirisni profil i kompozicija<\/h5>\n<p>Parfem se otvara blistavim i visoko uzbudljivim naletom \u010diste vitalnosti. So\u010dna, medena slatko\u0107a zrele kru\u0161ke briljantno je podignuta poletnom iskrom mandarine i suptilnim, razigranim dodirom rozog bibera. Ovaj visoko dinami\u010dni i podsticajni gornji sloj stvara trenutnu auru blistave svje\u017eine i radosti od prvog prskanja, savr\u0161eno postavljaju\u0107i svijetao i optimisti\u010dan ton.<\/p>\n<p>Kako se ovo vibrantno otvaranje nje\u017eno smiruje, srce otkriva duboko luksuzno i duboko romanti\u010dno cvjetno jezgro. Veli\u010danstveni buket kremastog jasmina i bar\u0161unaste ru\u017ee preuzima centralno mjesto, predivno isprepleten sa svijetlom, citrusnom elegancijom cvijeta narand\u017ee. Ova sofisticirana srednja faza djeluje kao most koji oduzima dah, dodaju\u0107i nevjerovatnu dubinu i klasi\u010dnu cvjetnu teksturu na niche nivou koja djeluje bezvremenski i moderno.<\/p>\n<p>U svojim zavr\u0161nim fazama, kompozicija se spu\u0161ta u spektakularno toplu, ugodnu i trajnu osnovu. Kremasta, gurmanska slatko\u0107a vanile besprekorno je usidrena \u010dvrstom elegancijom kedrovine i postojanim zagrljajem \u010distog mo\u0161usa. Ovaj veli\u010danstveni fini\u0161 osigurava duboko senzualan, harmoni\u010dan i izvanredno dugotrajan potpis koji zra\u010di \u0161armom i sofisticirano\u0161\u0107u tokom cijelog dana.<\/p>","protected":false},"excerpt":{"rendered":"<p><strong>Za nju \/ Eau De Parfum \/ 100ml<\/strong><\/p>\n<p><strong>Mirisni profil:<\/strong> Cvijetni, Vo\u0107ni, Amberni<\/p>\n<p><strong>Gornje note: <\/strong>Kru\u0161ka, Mandarina, Rozi biber<br \/>\n<strong>Srednje note: <\/strong>Jasmin, Cvijet narand\u017ee, Ru\u017ea<br \/>\n<strong>Bazne note: <\/strong>Jasmin, Vanila, Kedrovina, Mo\u0161us<\/p>","protected":false},"featured_media":4264,"template":"","meta":[],"product_brand":[174],"product_cat":[90,104,85],"product_tag":[176],"class_list":{"0":"post-4263","1":"product","2":"type-product","3":"status-publish","4":"has-post-thumbnail","6":"product_brand-matin-martin","7":"product_cat-eau-de-parfum","8":"product_cat-for-her","9":"product_cat-perfumes","10":"product_tag-matin-martin","12":"first","13":"instock","14":"taxable","15":"shipping-taxable","16":"purchasable","17":"product-type-variable"},"_links":{"self":[{"href":"http:\/\/zaharascents.me\/me\/wp-json\/wp\/v2\/product\/4263","targetHints":{"allow":["GET"]}}],"collection":[{"href":"http:\/\/zaharascents.me\/me\/wp-json\/wp\/v2\/product"}],"about":[{"href":"http:\/\/zaharascents.me\/me\/wp-json\/wp\/v2\/types\/product"}],"wp:featuredmedia":[{"embeddable":true,"href":"http:\/\/zaharascents.me\/me\/wp-json\/wp\/v2\/media\/4264"}],"wp:attachment":[{"href":"http:\/\/zaharascents.me\/me\/wp-json\/wp\/v2\/media?parent=4263"}],"wp:term":[{"taxonomy":"product_brand","embeddable":true,"href":"http:\/\/zaharascents.me\/me\/wp-json\/wp\/v2\/product_brand?post=4263"},{"taxonomy":"product_cat","embeddable":true,"href":"http:\/\/zaharascents.me\/me\/wp-json\/wp\/v2\/product_cat?post=4263"},{"taxonomy":"product_tag","embeddable":true,"href":"http:\/\/zaharascents.me\/me\/wp-json\/wp\/v2\/product_tag?post=4263"}],"curies":[{"name":"wp","href":"https:\/\/api.w.org\/{rel}","templated":true}]}}