{"id":4267,"date":"2026-02-10T01:03:59","date_gmt":"2026-02-10T01:03:59","guid":{"rendered":"https:\/\/zaharascents.me\/?post_type=product&#038;p=4267"},"modified":"2026-05-10T18:19:24","modified_gmt":"2026-05-10T18:19:24","slug":"matin-martin-shahama","status":"publish","type":"product","link":"http:\/\/zaharascents.me\/me\/shop\/matin-martin-shahama\/","title":{"rendered":"Matin Martin \u0160ahama"},"content":{"rendered":"<h5>The Majestic Power of Dark Leather and Ambery Oud<\/h5>\n<p data-path-to-node=\"13\"><b data-path-to-node=\"13\" data-index-in-node=\"0\">Matin Martin \u0160ahama<\/b> is an intensely powerful and captivating <i data-path-to-node=\"13\" data-index-in-node=\"62\">parfemska voda<\/i> <strong>Matin Martin Shahama<\/strong> je intenzivno mo\u0107na i zadivljuju\u0107a parfemska voda koja oli\u010dava samu esenciju mu\u0161ke misterije i smjele sofisticiranosti. Smje\u0161ten u impozantnu, tamnu bo\u010dicu krunisanu upe\u010datljivim zlatnim \u010depom, ovaj parfem je pravo orijentalno remek-djelo dizajnirano za samouvjerenog mu\u0161karca koji komanduje svakom prostorijom u koju u\u0111e. Besprekorno stapaju\u0107i bogato naslje\u0111e arapske parfimerije sa evropskom elegancijom, on ostavlja duboko mra\u010dan, zavodljiv i nezaboravan trag koji zra\u010di \u010distim autoritetom.<\/p>\n<h5 data-path-to-node=\"14\"><b data-path-to-node=\"14\" data-index-in-node=\"0\">Mirisni profil i kompozicija<\/b><\/h5>\n<p data-path-to-node=\"15\">Parfem se otvara visoko dinami\u010dnim i upe\u010datljivim uvodom. Jedinstvena, vibrantna mje\u0161avina uzbudljivih ozonskih akorda briljantno je isprepletena sa egzoti\u010dnim za\u010dinima i suptilnim nagovje\u0161tajem tamne vo\u0107nosti. Ovaj neo\u010dekivani i podsticajni gornji sloj stvara trenutnu auru o\u0161tre, moderne odva\u017enosti od prvog prskanja, momentalno privla\u010de\u0107i pa\u017enju.<\/p>\n<p data-path-to-node=\"16\">Kako se vibrantno otvaranje nje\u017eno smiruje, srce otkriva duboko hipnoti\u0161u\u0107e i kompleksno jezgro. Veli\u010danstveno, zemljano bogatstvo premium ouda preuzima centralno mjesto, besprekorno izbalansirano klasi\u010dnom, blago biberastom elegancijom karanfila i zelenom, aromati\u010dnom nijansom geranijuma. Ova majstorska srednja faza djeluje kao most koji oduzima dah, dodaju\u0107i dubok floralno-drveni karakter bez da ikada izgubi svoju mo\u0107nu mu\u0161ku o\u0161tricu.<\/p>\n<p data-path-to-node=\"17\">U svojim zavr\u0161nim fazama, kompozicija se spu\u0161ta u spektakularno robusnu, toplu i trajnu osnovu. Neosporna zvijezda fini\u0161 faze\u2014glatka, luksuzna i tamna ko\u017ea\u2014briljantno je usidrena \u010dvrstom dubinom plemenitog drveta i utje\u0161nom toplinom balzami\u010dnih nota. Ova veli\u010danstvena baza osigurava duboko senzualan, mo\u0107an i dugotrajan potpis koji se beskrajno zadr\u017eava duboko u no\u0107.<\/p>","protected":false},"excerpt":{"rendered":"<p><strong>Za njega \/ Eau De Parfum \/ 100ml<\/strong><\/p>\n<p><strong>Mirisni profil: <\/strong>Drveni, Za\u010dinski, Ko\u017eni<\/p>\n<p><strong>Gornje note: <\/strong>Vo\u0107ne note, Za\u010dinske note, Ozonske note<br \/>\n<strong>Srednje note: <\/strong>Karanfil, Agar drvo (Oud), Geranijum<br \/>\n<strong>Bazne note: <\/strong>Ko\u017ea, Drvene note, Balzami\u010dne note<\/p>","protected":false},"featured_media":4269,"template":"","meta":[],"product_brand":[174],"product_cat":[90,103,85],"product_tag":[176],"class_list":{"0":"post-4267","1":"product","2":"type-product","3":"status-publish","4":"has-post-thumbnail","6":"product_brand-matin-martin","7":"product_cat-eau-de-parfum","8":"product_cat-for-him","9":"product_cat-perfumes","10":"product_tag-matin-martin","12":"first","13":"instock","14":"taxable","15":"shipping-taxable","16":"purchasable","17":"product-type-variable"},"_links":{"self":[{"href":"http:\/\/zaharascents.me\/me\/wp-json\/wp\/v2\/product\/4267","targetHints":{"allow":["GET"]}}],"collection":[{"href":"http:\/\/zaharascents.me\/me\/wp-json\/wp\/v2\/product"}],"about":[{"href":"http:\/\/zaharascents.me\/me\/wp-json\/wp\/v2\/types\/product"}],"wp:featuredmedia":[{"embeddable":true,"href":"http:\/\/zaharascents.me\/me\/wp-json\/wp\/v2\/media\/4269"}],"wp:attachment":[{"href":"http:\/\/zaharascents.me\/me\/wp-json\/wp\/v2\/media?parent=4267"}],"wp:term":[{"taxonomy":"product_brand","embeddable":true,"href":"http:\/\/zaharascents.me\/me\/wp-json\/wp\/v2\/product_brand?post=4267"},{"taxonomy":"product_cat","embeddable":true,"href":"http:\/\/zaharascents.me\/me\/wp-json\/wp\/v2\/product_cat?post=4267"},{"taxonomy":"product_tag","embeddable":true,"href":"http:\/\/zaharascents.me\/me\/wp-json\/wp\/v2\/product_tag?post=4267"}],"curies":[{"name":"wp","href":"https:\/\/api.w.org\/{rel}","templated":true}]}}