{"id":4276,"date":"2026-02-10T01:05:13","date_gmt":"2026-02-10T01:05:13","guid":{"rendered":"https:\/\/zaharascents.me\/?post_type=product&#038;p=4276"},"modified":"2026-03-12T00:57:46","modified_gmt":"2026-03-12T00:57:46","slug":"matin-martin-wild-and-spicy","status":"publish","type":"product","link":"http:\/\/zaharascents.me\/me\/shop\/matin-martin-wild-and-spicy\/","title":{"rendered":"Matin Martin Wild &#038; Spicy"},"content":{"rendered":"<h5>Energetska mo\u0107 rozog bibera i tople vanile<\/h5>\n<p class=\"translation-block\"><strong>Matin Martin Wild &amp; Spicy<\/strong> je uzbudljiva i nevjerovatno mo\u0107na parfemska voda koja savr\u0161eno hvata esenciju sirove energije i nepokolebljivog mu\u0161kog samopouzdanja. Smje\u0161ten u hrabro dizajniranu, te\u0161ku bo\u010dicu, ovaj parfem je majstorsko amberno ostvarenje koje besprekorno stapa svje\u017eu, poletnu svjetlost sa dubokom, senzualnom toplinom. Dizajniran za ambicioznog i dinami\u010dnog mu\u0161karca koji u\u017eiva u ostavljanju trajnog utiska, on nudi intenzivno zadivljuju\u0107i, magneti\u010dan i nezaboravan potpis.<\/p>\n<h5>Mirisni profil i kompozicija<\/h5>\n<p>Parfem se otvara eksplozivnim i neosporno vibrantnim uvodom. O\u0161tra, egzoti\u010dna vrelina rozog bibera briljantno je napunjena svijetlom, primamljivom o\u0161trinom suncem okupanog bergamota. Ovaj visoko podsticajni i dinami\u010dni gornji sloj stvara trenutnu auru hrskave, osna\u017euju\u0107e odva\u017enosti od prvog prskanja, postavljaju\u0107i scenu za istinski divlju vo\u017enju.<\/p>\n<p>As this energetic opening gently settles, the heart reveals a surprisingly sophisticated and profoundly elegant floral core. The classic, velvety richness of rose takes center stage, flawlessly balanced by the delicate, airy freshness of freesia and the subtly sweet, powdery nuance of heliotrope. This masterful middle stage acts as a breathtaking bridge, adding profound depth and character without ever compromising the fragrance\u2019s undeniably masculine edge.<\/p>\n<p>U svojim zavr\u0161nim fazama, kompozicija se spu\u0161ta u spektakularno bogatu, toplu i trajnu osnovu. Duboko utje\u0161na i kremasta slatko\u0107a vanile besprekorno je usidrena tamnom, pr\u017eenom toplinom Tonke i duboko senzualnim zagrljajem \u010distog mo\u0161usa. Ova veli\u010danstvena baza osigurava \u017eestoko privla\u010dan, ugodan i izvanredno dugotrajan fini\u0161 koji komanduje pa\u017enjom duboko u no\u0107.<\/p>","protected":false},"excerpt":{"rendered":"<p><strong>Za njega \/ Eau De Parfum \/ 100ml<\/strong><\/p>\n<p><strong>Mirisni profil:<\/strong> Za\u010dinski, Vo\u0107ni<\/p>\n<p><strong>Gornje note: <\/strong>Rozi biber, Bergamot<br \/>\n<strong>Srednje note: <\/strong>Ru\u017ea, Frezija, Heliotrop<br \/>\n<strong>Bazne note: <\/strong>Vanila, Tonka, Mo\u0161us<\/p>","protected":false},"featured_media":4277,"template":"","meta":[],"product_brand":[174],"product_cat":[90,103,85],"product_tag":[176],"class_list":{"0":"post-4276","1":"product","2":"type-product","3":"status-publish","4":"has-post-thumbnail","6":"product_brand-matin-martin","7":"product_cat-eau-de-parfum","8":"product_cat-for-him","9":"product_cat-perfumes","10":"product_tag-matin-martin","12":"first","13":"instock","14":"taxable","15":"shipping-taxable","16":"purchasable","17":"product-type-variable"},"_links":{"self":[{"href":"http:\/\/zaharascents.me\/me\/wp-json\/wp\/v2\/product\/4276","targetHints":{"allow":["GET"]}}],"collection":[{"href":"http:\/\/zaharascents.me\/me\/wp-json\/wp\/v2\/product"}],"about":[{"href":"http:\/\/zaharascents.me\/me\/wp-json\/wp\/v2\/types\/product"}],"wp:featuredmedia":[{"embeddable":true,"href":"http:\/\/zaharascents.me\/me\/wp-json\/wp\/v2\/media\/4277"}],"wp:attachment":[{"href":"http:\/\/zaharascents.me\/me\/wp-json\/wp\/v2\/media?parent=4276"}],"wp:term":[{"taxonomy":"product_brand","embeddable":true,"href":"http:\/\/zaharascents.me\/me\/wp-json\/wp\/v2\/product_brand?post=4276"},{"taxonomy":"product_cat","embeddable":true,"href":"http:\/\/zaharascents.me\/me\/wp-json\/wp\/v2\/product_cat?post=4276"},{"taxonomy":"product_tag","embeddable":true,"href":"http:\/\/zaharascents.me\/me\/wp-json\/wp\/v2\/product_tag?post=4276"}],"curies":[{"name":"wp","href":"https:\/\/api.w.org\/{rel}","templated":true}]}}