{"id":4280,"date":"2026-02-10T01:06:59","date_gmt":"2026-02-10T01:06:59","guid":{"rendered":"https:\/\/zaharascents.me\/?post_type=product&#038;p=4280"},"modified":"2026-03-12T00:40:34","modified_gmt":"2026-03-12T00:40:34","slug":"matin-martin-silky-saffron","status":"publish","type":"product","link":"http:\/\/zaharascents.me\/me\/shop\/matin-martin-silky-saffron\/","title":{"rendered":"Matin Martin Silky Saffron"},"content":{"rendered":"<h5>Blistava elegancija vo\u0107ne ko\u017ee i plemenitog \u0161afrana<\/h5>\n<p class=\"translation-block\"><strong>Matin Martin Silky Saffron<\/strong> je parfemska voda koja oduzima dah i nudi predivan, moderan osvrt na notu ko\u017ee pro\u017eetu vibrantnim vo\u0107em. Smje\u0161ten u izuzetno elegantnu bo\u010dicu, ovaj parfem je smjeli masterklas u balansiranju prozra\u010dne slatko\u0107e sa dubokom sofisticirano\u0161\u0107u niche nivoa. Dizajniran za prefinjenu osobu koja cijeni kompleksne, vi\u0161eslojne parfeme, on ostavlja nevjerovatno svje\u017e, zadivljuju\u0107i i magneti\u010dan trag koji sa lako\u0107om komanduje pa\u017enjom.<\/p>\n<h5>Mirisni profil i kompozicija<\/h5>\n<p>Parfem se otvara \u017eivahnim i uzbudljivim naletom \u010diste svjetlosti. Egzoti\u010dna, za\u010dinska toplina dragocjenog \u0161afrana briljantno je podignuta vibrantnom, suncem okupanom svje\u017einom limuna i grejpfruta. Ovaj visoko dinami\u010dni i podsticajni gornji sloj stvara trenutnu auru hrskave, vo\u0107ne svje\u017eine od prvog prskanja.<\/p>\n<p>Kako se ovo blistavo otvaranje nje\u017eno smiruje, srce otkriva duboko zadivljuju\u0107e i sofisticirano jezgro. Luksuzan, gladak talas ko\u017ee preuzima centralno mjesto, besprekorno isprepleten sa delikatnom, puderastom elegancijom crne ljubi\u010dice i bogatom dubinom korijena irisa. Ova majstorska srednja faza djeluje kao most koji oduzima dah, dodaju\u0107i duboku teksturu i karakter bez da ikada izgubi svoju po\u010detnu prozra\u010dnu slatko\u0107u.<\/p>\n<p>U svojim zavr\u0161nim fazama, kompozicija se spu\u0161ta u spektakularno toplu, ugodnu i trajnu osnovu. Nje\u017ena, zemljana evokacija hai\u0107anskog vetivera briljantno je omek\u0161ana kremastom dubinom sandalovine i bar\u0161unastim zagrljajem Cashmerana koji prijanja uz ko\u017eu. Ova veli\u010danstvena drvena baza osigurava duboko senzualan, harmoni\u010dan i dugotrajan potpis koji se predivno zadr\u017eava tokom cijelog dana.<\/p>","protected":false},"excerpt":{"rendered":"<p><strong>Unisex \/ Eau De Parfum \/ 100ml<\/strong><\/p>\n<p><strong>Inspiracija: <\/strong>Byredo Black Saffron<\/p>\n<p><strong>Mirisni profil: <\/strong>Drveni, Za\u010dinski<\/p>\n<p><strong>Gornje note: <\/strong>\u0160afran, Limun, Grejpfrut<br \/>\n<strong>Srednje note: <\/strong>Ko\u017ea, Ljubi\u010dica, Korijen irisa (Orris)<br \/>\n<strong>Bazne note: <\/strong>Vetiver, Sandalovina, Cashmeran<\/p>","protected":false},"featured_media":4281,"template":"","meta":[],"product_brand":[174],"product_cat":[90,85,105],"product_tag":[176],"class_list":{"0":"post-4280","1":"product","2":"type-product","3":"status-publish","4":"has-post-thumbnail","6":"product_brand-matin-martin","7":"product_cat-eau-de-parfum","8":"product_cat-perfumes","9":"product_cat-unisex","10":"product_tag-matin-martin","12":"first","13":"instock","14":"taxable","15":"shipping-taxable","16":"purchasable","17":"product-type-variable"},"_links":{"self":[{"href":"http:\/\/zaharascents.me\/me\/wp-json\/wp\/v2\/product\/4280","targetHints":{"allow":["GET"]}}],"collection":[{"href":"http:\/\/zaharascents.me\/me\/wp-json\/wp\/v2\/product"}],"about":[{"href":"http:\/\/zaharascents.me\/me\/wp-json\/wp\/v2\/types\/product"}],"wp:featuredmedia":[{"embeddable":true,"href":"http:\/\/zaharascents.me\/me\/wp-json\/wp\/v2\/media\/4281"}],"wp:attachment":[{"href":"http:\/\/zaharascents.me\/me\/wp-json\/wp\/v2\/media?parent=4280"}],"wp:term":[{"taxonomy":"product_brand","embeddable":true,"href":"http:\/\/zaharascents.me\/me\/wp-json\/wp\/v2\/product_brand?post=4280"},{"taxonomy":"product_cat","embeddable":true,"href":"http:\/\/zaharascents.me\/me\/wp-json\/wp\/v2\/product_cat?post=4280"},{"taxonomy":"product_tag","embeddable":true,"href":"http:\/\/zaharascents.me\/me\/wp-json\/wp\/v2\/product_tag?post=4280"}],"curies":[{"name":"wp","href":"https:\/\/api.w.org\/{rel}","templated":true}]}}