{"id":4355,"date":"2026-02-15T00:40:39","date_gmt":"2026-02-15T00:40:39","guid":{"rendered":"https:\/\/zaharascents.me\/?post_type=product&#038;p=4355"},"modified":"2026-03-20T18:32:17","modified_gmt":"2026-03-20T18:32:17","slug":"paris-corner-north-stag-iii-trois","status":"publish","type":"product","link":"http:\/\/zaharascents.me\/me\/shop\/paris-corner-north-stag-iii-trois\/","title":{"rendered":"Paris Corner North Stag III Trois"},"content":{"rendered":"<h5>Veli\u010danstveno remek-djelo gdje se mediteranski citrusi susre\u0107u sa crnim \u010dajem<\/h5>\n<p class=\"translation-block\"><strong>Paris Corner North Stag Expressions III Trois<\/strong> je izuzetno podi\u017eu\u0107a, svje\u017ea i majstorski kreirana parfemska voda koja hvata \u010distu esenciju luksuznog primorskog bijega. Dizajniran za elegantnu, dinami\u010dnu osobu koja voli zra\u010diti \u010distom pozitivno\u0161\u0107u i neospornom sofisticirano\u0161\u0107u, ovaj parfem vas poziva da se prepustite toplini Mediterana. Uz nevjerovatno glatke, dugotrajne performanse sa osvje\u017eavaju\u0107im tragom, Expressions III Trois plete vibrantan oblak citrusa i \u010daja koji ga \u010dini ultimativnim parfemskim potpisom za tople dane, odmore i trenutke \u010diste strasti.<\/p>\n<h5>Mirisni profil i kompozicija<\/h5>\n<p>Putovanje po\u010dinje briljantno o\u0161trim i suncem okupanim uvodom. Blistav, osvje\u017eavaju\u0107i nalet poletnog citrona, kalabrijskog bergamota i sicilijanske narand\u017ee trenutno obavija \u010dula, stvaraju\u0107i nevjerovatno svijetao, podi\u017eu\u0107i i fotorealisti\u010dan citrusni po\u010detak koji djeluje kao topao mediteranski povjetarac na ko\u017ei.<\/p>\n<p>Kako se parfem razvija, srce otkriva spektakularno \u010disto, aromati\u010dno i blago za\u010dinjeno jezgro. Kompozicija se otvara delikatnom, sapunastom elegancijom tuni\u017eanskog nerolija, savr\u0161eno izbalansiranom energi\u010dnim udarom nigerijskog \u0111umbira i suptilnim, toplim \u0161apatom cejlonskog cimeta. Ova besprekorno kreirana srednja faza djeluje kao visoko-oktanski most, dodaju\u0107i dubinu i intrigu po\u010detnoj citrusnoj eksploziji.<\/p>\n<p>U svojim zavr\u0161nim fazama, kompozicija se spu\u0161ta u izvanredno trajnu i sofisticiranu osnovu. Duboko ugodan talas premium kineskog crnog \u010daja predivno je usidren prozra\u010dnom, projektuju\u0107om mo\u0107i ambroksana. Oboga\u0107en suptilnim, drvenim nijansama olibanuma i gvajak drveta, ovaj vi\u0161eslojni fini\u0161 osigurava trajan potpis koji je istovremeno duboko svje\u017e i besprekorno \u0161ik.<\/p>","protected":false},"excerpt":{"rendered":"<p><strong>NORTH STAG KOLEKCIJA<\/strong><\/p>\n<p><strong>Unisex \/ Eau De Parfum \/ 100ml<\/strong><\/p>\n<p><strong>Inspiracija: <\/strong>Louis Vuitton Imagination<\/p>\n<p><strong>Mirisni profil: <\/strong>Citrusni, Aromati\u010dni, Svje\u017ei<\/p>\n<p><strong>Gornje note: <\/strong>Citron, Kalabrijski bergamot, Sicilijanska narand\u017ea<br \/>\n<strong>Srednje note: <\/strong>Tuni\u017eanski neroli, Nigerijski \u0111umbir, Cejlonski cimet<br \/>\n<strong>Bazne note: <\/strong>Kineski crni \u010daj, Ambroksan (Ambroxan), Olibanum (Tamjan), Gvajak drvo<\/p>","protected":false},"featured_media":4361,"template":"","meta":[],"product_brand":[180],"product_cat":[90,85,105],"product_tag":[189,188],"class_list":{"0":"post-4355","1":"product","2":"type-product","3":"status-publish","4":"has-post-thumbnail","6":"product_brand-paris-corner","7":"product_cat-eau-de-parfum","8":"product_cat-perfumes","9":"product_cat-unisex","10":"product_tag-north-stag","11":"product_tag-paris-corner","13":"first","14":"instock","15":"taxable","16":"shipping-taxable","17":"purchasable","18":"product-type-variable"},"_links":{"self":[{"href":"http:\/\/zaharascents.me\/me\/wp-json\/wp\/v2\/product\/4355","targetHints":{"allow":["GET"]}}],"collection":[{"href":"http:\/\/zaharascents.me\/me\/wp-json\/wp\/v2\/product"}],"about":[{"href":"http:\/\/zaharascents.me\/me\/wp-json\/wp\/v2\/types\/product"}],"wp:featuredmedia":[{"embeddable":true,"href":"http:\/\/zaharascents.me\/me\/wp-json\/wp\/v2\/media\/4361"}],"wp:attachment":[{"href":"http:\/\/zaharascents.me\/me\/wp-json\/wp\/v2\/media?parent=4355"}],"wp:term":[{"taxonomy":"product_brand","embeddable":true,"href":"http:\/\/zaharascents.me\/me\/wp-json\/wp\/v2\/product_brand?post=4355"},{"taxonomy":"product_cat","embeddable":true,"href":"http:\/\/zaharascents.me\/me\/wp-json\/wp\/v2\/product_cat?post=4355"},{"taxonomy":"product_tag","embeddable":true,"href":"http:\/\/zaharascents.me\/me\/wp-json\/wp\/v2\/product_tag?post=4355"}],"curies":[{"name":"wp","href":"https:\/\/api.w.org\/{rel}","templated":true}]}}