{"id":4396,"date":"2026-02-14T01:02:42","date_gmt":"2026-02-14T01:02:42","guid":{"rendered":"https:\/\/zaharascents.me\/?post_type=product&#038;p=4396"},"modified":"2026-04-26T23:24:23","modified_gmt":"2026-04-26T23:24:23","slug":"maison-asrar-faris-al-arab","status":"publish","type":"product","link":"http:\/\/zaharascents.me\/me\/shop\/maison-asrar-faris-al-arab\/","title":{"rendered":"Maison Asrar Faris Al Arab"},"content":{"rendered":"<h5>Veli\u010danstveno remek-djelo zlatnog ambera i likera od vi\u0161nje<\/h5>\n<p class=\"translation-block\"><strong>Maison Asrar Faris Al Arab<\/strong> je duboko elegantna i obavijaju\u0107a parfemska voda koja savr\u0161eno oli\u010dava duh plemenitog pustinjskog viteza\u2014bezvremenski, kraljevski i tiho mo\u0107an. Dizajniran za osobu koja tra\u017ei komanduju\u0107i, ultra-luksuzni amberni potpis, ovaj parfem majstorski premo\u0161\u0107uje jaz izme\u0111u drevnog, smolastog drveta i moderne slatko\u0107e. Uz izuzetnu dugotrajnost i magneti\u010dan trag, Faris Al Arab ostavlja bogat pe\u010dat naslje\u0111a i \u010dasti, \u010dine\u0107i ga ultimativnim statement komadom za ekskluzivne susrete.<\/p>\n<h5>Mirisni profil i kompozicija<\/h5>\n<p>Putovanje po\u010dinje briljantno bogatim i opojnim uvodom. Duboko sofisticirani amberni akord je majstorski upleten sa glatkim dodirom ka\u0161mir drveta i vanile. Ovom luksuznom drvenom otvaranju dat je dekadentni preokret sa toplim, slatkim pljuskom likera od vi\u0161nje, stvaraju\u0107i trenutnu auru rasko\u0161ne, likeraste topline od prvog prskanja.<\/p>\n<p>As the fragrance evolves, the heart reveals a spectacularly glowing and warmly spiced core. The composition melts into a unique, mouth-watering sweetness of raw cane sugar, perfectly balancing the dry, robust elegance of cedarwood. Illuminated by the golden, resinous glow of amber, this middle stage acts as a high-octane bridge that connects the intoxicating opening with a deeply sensual, balsamic base.<\/p>\n<p>Kako se parfem razvija, srce otkriva spektakularno blistavo i toplo za\u010dinjeno jezgro. Kompozicija se topi u jedinstvenu slatko\u0107u sirove \u0161e\u0107erne trske, savr\u0161eno balansiraju\u0107i suvu, robusnu eleganciju kedrovine. Osvijetljena zlatnim, smolastim sjajem ambera, ova srednja faza djeluje kao most koji povezuje opojno otvaranje sa duboko senzualnom, balzami\u010dnom bazom.<\/p>","protected":false},"excerpt":{"rendered":"<p><strong>MUHARIB KOLEKCIJA<\/strong><\/p>\n<p><strong>Unisex \/ Eau De Parfum \/ 100ml <\/strong><\/p>\n<p><strong>Inspiracija: <\/strong>Clive Christian Blonde Amber<\/p>\n<p><strong>Mirisni profil: <\/strong>Amberni, Drveni, Gurmanski<\/p>\n<p><strong>Gornje note: <\/strong>Ambery Accord, Cherry Liqueur, Cashmere Wood, Vanilla<br \/>\n<strong>Srednje note: <\/strong>Amber, \u0160e\u0107erna trska, Kedrovina<br \/>\n<strong>Bazne note: <\/strong>Sandalovina, Tonka, Labdanum, Mo\u0161us<\/p>","protected":false},"featured_media":4397,"template":"","meta":[],"product_brand":[177],"product_cat":[90,85,105],"product_tag":[190,192],"class_list":{"0":"post-4396","1":"product","2":"type-product","3":"status-publish","4":"has-post-thumbnail","6":"product_brand-maison-asrar","7":"product_cat-eau-de-parfum","8":"product_cat-perfumes","9":"product_cat-unisex","10":"product_tag-maison-asrar","11":"product_tag-muharib-collection","13":"first","14":"outofstock","15":"taxable","16":"shipping-taxable","17":"purchasable","18":"product-type-variable"},"_links":{"self":[{"href":"http:\/\/zaharascents.me\/me\/wp-json\/wp\/v2\/product\/4396","targetHints":{"allow":["GET"]}}],"collection":[{"href":"http:\/\/zaharascents.me\/me\/wp-json\/wp\/v2\/product"}],"about":[{"href":"http:\/\/zaharascents.me\/me\/wp-json\/wp\/v2\/types\/product"}],"wp:featuredmedia":[{"embeddable":true,"href":"http:\/\/zaharascents.me\/me\/wp-json\/wp\/v2\/media\/4397"}],"wp:attachment":[{"href":"http:\/\/zaharascents.me\/me\/wp-json\/wp\/v2\/media?parent=4396"}],"wp:term":[{"taxonomy":"product_brand","embeddable":true,"href":"http:\/\/zaharascents.me\/me\/wp-json\/wp\/v2\/product_brand?post=4396"},{"taxonomy":"product_cat","embeddable":true,"href":"http:\/\/zaharascents.me\/me\/wp-json\/wp\/v2\/product_cat?post=4396"},{"taxonomy":"product_tag","embeddable":true,"href":"http:\/\/zaharascents.me\/me\/wp-json\/wp\/v2\/product_tag?post=4396"}],"curies":[{"name":"wp","href":"https:\/\/api.w.org\/{rel}","templated":true}]}}