{"id":4412,"date":"2025-11-05T02:13:36","date_gmt":"2025-11-05T02:13:36","guid":{"rendered":"https:\/\/zaharascents.me\/?post_type=product&#038;p=4412"},"modified":"2026-03-14T02:31:18","modified_gmt":"2026-03-14T02:31:18","slug":"rasasi-hawas-diva","status":"publish","type":"product","link":"http:\/\/zaharascents.me\/me\/shop\/rasasi-hawas-diva\/","title":{"rendered":"Rasasi Hawas Diva"},"content":{"rendered":"<h5>Miris savremene \u017eene<\/h5>\n<p class=\"translation-block\"><strong>Rasasi Hawas Diva<\/strong> je parfem koji utjelovljuje vo\u0107no-drvenu esenciju dizajniranu specifi\u010dno za \u017eene. Ovaj parfem sa Bliskog istoka stvoren je za savremenu \u017eenu koja privla\u010di pa\u017enju bez pretjerane napadnosti. Spajanjem suptilnih cvjetnih nota sa luksuznom vanilom i amberom, on spaja tradicionalnu vje\u0161tinu arapske parfimerije sa modernim stilom. Rezultat je izuzetan i nezaboravan parfem koji odi\u0161e sofisticirano\u0161\u0107u i jedinstveno\u0161\u0107u.<\/p>\n<h5>Mirisni profil i kompozicija<\/h5>\n<p>Parfem se otvara vibrantnim \u0161apatom li\u010dija, crvenog vo\u0107a i rabarbare, trenutno prenose\u0107i razigranu, ali duboko stilizovanu auru. Meka, so\u010dna slatko\u0107a zrelog li\u010dija savr\u0161eno balansira o\u0161trinu divljih bobica i kiselkastu gracioznost rabarbare. To je briljantan i uzemljen uvod\u2014koji zra\u010di mladala\u010dkom vitalno\u0161\u0107u dok zadr\u017eava prefinjen, sofisticiran \u0161arm.<\/p>\n<p>Kako se parfem razvija na ko\u017ei, otkriva bogato, zadivljuju\u0107e srce kedrovine, tamjana i ru\u017ee. Ru\u017ea pro\u017eima kompoziciju bezvremenskom elegancijom, dok kedar pru\u017ea duboku, uzemljuju\u0107u strukturu. Dodir tamjana unosi eteri\u010dan, gotovo misti\u010dan kvalitet, evociraju\u0107i spokojne trenutke usred rascvjetalih ba\u0161ta. Zajedno, formiraju toplo, senzualno jezgro koje predivno spaja tradicionalnu \u017eenstvenost sa savremenom privla\u010dno\u0161\u0107u.<\/p>\n<p>In the dry-down, the fragrance settles into a creamy, luxurious base of ambergris, musk, and vanilla. Ambergris imparts a subtle, skin-like marine quality, while musk enhances the perfume\u2019s intimacy and depth. Finally, vanilla introduces a cozy, lingering sweetness that leaves a memorable trail. This masterful blend creates a lasting, seductive finish that transitions seamlessly from daytime elegance to nighttime magnetism.<\/p>","protected":false},"excerpt":{"rendered":"<p><strong>HAWAS KOLEKCIJA<\/strong><\/p>\n<p><strong>Za nju \/ Eau De Parfum \/ 100ml<\/strong><\/p>\n<p><strong>Inspiracija: <\/strong>Valentino Born In Roma Intense<\/p>\n<p><strong>Mirisni profil: <\/strong>Amberni, Cvjetni, Vo\u0107ni<\/p>\n<p><strong>Gornje note: <\/strong>Li\u010di, Crveno vo\u0107e, Rabarbara<br \/>\n<strong>Srednje note: <\/strong>Kedrovina, Tamjan, Ru\u017ea<br \/>\n<strong>Bazne note: <\/strong>Ambra (Ambergris), Mo\u0161us, Vanila<\/p>","protected":false},"featured_media":4413,"template":"","meta":[],"product_brand":[112],"product_cat":[90,104,85],"product_tag":[128,114],"class_list":{"0":"post-4412","1":"product","2":"type-product","3":"status-publish","4":"has-post-thumbnail","6":"product_brand-rasasi","7":"product_cat-eau-de-parfum","8":"product_cat-for-her","9":"product_cat-perfumes","10":"product_tag-hawas-collection","11":"product_tag-rasasi","13":"first","14":"instock","15":"taxable","16":"shipping-taxable","17":"purchasable","18":"product-type-variable"},"_links":{"self":[{"href":"http:\/\/zaharascents.me\/me\/wp-json\/wp\/v2\/product\/4412","targetHints":{"allow":["GET"]}}],"collection":[{"href":"http:\/\/zaharascents.me\/me\/wp-json\/wp\/v2\/product"}],"about":[{"href":"http:\/\/zaharascents.me\/me\/wp-json\/wp\/v2\/types\/product"}],"wp:featuredmedia":[{"embeddable":true,"href":"http:\/\/zaharascents.me\/me\/wp-json\/wp\/v2\/media\/4413"}],"wp:attachment":[{"href":"http:\/\/zaharascents.me\/me\/wp-json\/wp\/v2\/media?parent=4412"}],"wp:term":[{"taxonomy":"product_brand","embeddable":true,"href":"http:\/\/zaharascents.me\/me\/wp-json\/wp\/v2\/product_brand?post=4412"},{"taxonomy":"product_cat","embeddable":true,"href":"http:\/\/zaharascents.me\/me\/wp-json\/wp\/v2\/product_cat?post=4412"},{"taxonomy":"product_tag","embeddable":true,"href":"http:\/\/zaharascents.me\/me\/wp-json\/wp\/v2\/product_tag?post=4412"}],"curies":[{"name":"wp","href":"https:\/\/api.w.org\/{rel}","templated":true}]}}