{"id":4416,"date":"2025-11-05T02:14:07","date_gmt":"2025-11-05T02:14:07","guid":{"rendered":"https:\/\/zaharascents.me\/?post_type=product&#038;p=4416"},"modified":"2026-03-14T02:31:07","modified_gmt":"2026-03-14T02:31:07","slug":"rasasi-hawas-viper","status":"publish","type":"product","link":"http:\/\/zaharascents.me\/me\/shop\/rasasi-hawas-viper\/","title":{"rendered":"Rasasi Hawas Viper"},"content":{"rendered":"<h5>The Predator\u2019s Elegance<\/h5>\n<p class=\"translation-block\"><strong>Rasasi Hawas Viper<\/strong> je amberni parfem kreiran specifi\u010dno za mu\u0161karce, otjelovljuju\u0107i savremenu interpretaciju mu\u017eevnosti dizajniranu za one koji zra\u010de smjelim samopouzdanjem. Parfem predstavlja dubok i elegantan profil koji osvaja \u010dula od prvog susreta, podsje\u0107aju\u0107i na suptilnu, ali smrtonosnu privla\u010dnost predatora.<\/p>\n<h5>Mirisni profil i kompozicija<\/h5>\n<p>Parfem se otvara okrepljuju\u0107im i zagonetnim uvodom. Hawas Viper se razvija kroz smjelu mje\u0161avinu lista kanabisa, svje\u017eih zelenih nota, egzoti\u010dne davane, niti \u0161afrana i biljne maj\u010dine du\u0161ice. Ova kombinacija stvara parfem koji je istovremeno vibrantan i sofisticiran\u2014sirov, ali besprekorno ugla\u0111en.<\/p>\n<p>Srce parfema donosi luksuzan spoj: topli duvan isprepleten sa za\u010dinskim cimetom, robusna kafa pomije\u0161ana sa slatkom malinom i nje\u017enom ljubi\u010dicom. Hawas Viper posjeduje bogat karakter koji savr\u0161eno balansira mra\u010dnu vo\u0107nost sa cvjetnim nijansama.<\/p>\n<p>Kako se razvija na ko\u017ei, prelazi u kremastu Tonku okru\u017eenu senzualnim mo\u0161usom i smolastim gurjan balzamom. Ove bazne note su tople i rasko\u0161ne, istovremeno pru\u017eaju\u0107i privla\u010dan i suptilan temelj koji ostavlja zadivljuju\u0107i, dugotrajan trag.<\/p>","protected":false},"excerpt":{"rendered":"<p><strong>HAWAS KOLEKCIJA<\/strong><\/p>\n<p><strong>Za njega \/ Eau De Parfum \/ 100ml<\/strong><\/p>\n<p><strong>Inspiracija: <\/strong>Nasomatto Black Afgano<\/p>\n<p><strong>Mirisni profil: <\/strong>Drveni, Amberni<\/p>\n<p><strong>Gornje note: <\/strong>Kanabis, Zelene note, Davana, \u0160afran, Maj\u010dina du\u0161ica<br \/>\n<strong>Srednje note: <\/strong>Duvan, Cimet, Kafa, Malina, Ljubi\u010dica<br \/>\n<strong>Bazne note: <\/strong>Tonka, Mo\u0161us, Gurjan balzam<\/p>","protected":false},"featured_media":4417,"template":"","meta":[],"product_brand":[112],"product_cat":[90,103,85],"product_tag":[128,114],"class_list":{"0":"post-4416","1":"product","2":"type-product","3":"status-publish","4":"has-post-thumbnail","6":"product_brand-rasasi","7":"product_cat-eau-de-parfum","8":"product_cat-for-him","9":"product_cat-perfumes","10":"product_tag-hawas-collection","11":"product_tag-rasasi","13":"first","14":"outofstock","15":"taxable","16":"shipping-taxable","17":"purchasable","18":"product-type-variable"},"_links":{"self":[{"href":"http:\/\/zaharascents.me\/me\/wp-json\/wp\/v2\/product\/4416","targetHints":{"allow":["GET"]}}],"collection":[{"href":"http:\/\/zaharascents.me\/me\/wp-json\/wp\/v2\/product"}],"about":[{"href":"http:\/\/zaharascents.me\/me\/wp-json\/wp\/v2\/types\/product"}],"wp:featuredmedia":[{"embeddable":true,"href":"http:\/\/zaharascents.me\/me\/wp-json\/wp\/v2\/media\/4417"}],"wp:attachment":[{"href":"http:\/\/zaharascents.me\/me\/wp-json\/wp\/v2\/media?parent=4416"}],"wp:term":[{"taxonomy":"product_brand","embeddable":true,"href":"http:\/\/zaharascents.me\/me\/wp-json\/wp\/v2\/product_brand?post=4416"},{"taxonomy":"product_cat","embeddable":true,"href":"http:\/\/zaharascents.me\/me\/wp-json\/wp\/v2\/product_cat?post=4416"},{"taxonomy":"product_tag","embeddable":true,"href":"http:\/\/zaharascents.me\/me\/wp-json\/wp\/v2\/product_tag?post=4416"}],"curies":[{"name":"wp","href":"https:\/\/api.w.org\/{rel}","templated":true}]}}