{"id":4429,"date":"2025-11-05T02:12:13","date_gmt":"2025-11-05T02:12:13","guid":{"rendered":"https:\/\/zaharascents.me\/?post_type=product&#038;p=4429"},"modified":"2026-03-14T02:31:29","modified_gmt":"2026-03-14T02:31:29","slug":"rasasi-hawas-atlantis","status":"publish","type":"product","link":"http:\/\/zaharascents.me\/me\/shop\/rasasi-hawas-atlantis\/","title":{"rendered":"Rasasi Hawas Atlantis"},"content":{"rendered":"<h5>Misterija okeanskih dubina<\/h5>\n<p><strong>Rasasi Hawas Atlantis<\/strong> <strong>Rasasi Hawas Atlantis<\/strong> je uniseks akvati\u010dni parfem dizajniran da evocira veli\u010danstvenost i misteriju legendarnog grada Atlantide. Ovaj parfem obavija nosioca u zadivljuju\u0107i okeanski ambijent, harmonizuju\u0107i snagu i spokoj unutar jednog nano\u0161enja. Posebno je prikladan za pojedince koji tra\u017ee sofisticiranu aromu koja podsje\u0107a na more, karakterisanu sna\u017enom, ali zagonetnom prirodom.<\/p>\n<h5>Mirisni profil i kompozicija<\/h5>\n<p>Parfem se otvara vibrantnim i osvje\u017eavaju\u0107im uvodom; kombinacija jabuke i bergamota ulijeva slatko-citrusnu svjetlost, dok limun dodaje poletni preokret. Nagovje\u0161taj cimeta unosi toplinu koja oboga\u0107uje cjelokupno iskustvo \u017eivahno\u0161\u0107u.<\/p>\n<p>The heart of the fragrance presents a juicy freshness. The aquatic notes alongside plum create an image of a revitalizing fruity breeze, complemented by orange blossom\u2019s floral sweetness that softens the composition. Cardamom introduces a subtle spiciness that lends a masculine yet smooth character suitable for various occasions.<\/p>\n<p>Baza otkriva dubinu; ambra i mo\u0161us doprinose suptilnom animalisti\u010dkom podtonu, dok naplavljeno drvo pru\u017ea slankastu drvenu nijansu koja podsje\u0107a na priobalno okru\u017eenje. Pa\u010duli pobolj\u0161ava ovu osnovu zemljanim bogatstvom koje produ\u017eava trajnost i ostavlja trajan uticaj.<\/p>","protected":false},"excerpt":{"rendered":"<p><strong>HAWAS KOLEKCIJA<\/strong><\/p>\n<p><strong>Unisex \/ Eau De Parfum \/ 100ml<\/strong><\/p>\n<p><strong>Mirisni profil: <\/strong>Akvati\u010dni, Vo\u0107ni, Drveni<\/p>\n<p><strong>Gornje note: <\/strong>Bergamot, Limun, Jabuka, Cimet<br \/>\n<strong>Srednje note: <\/strong>Vodene note, Cvijet narand\u017ee, \u0160ljiva, Kardamom<br \/>\n<strong>Bazne note: <\/strong>Naplavljeno drvo, Ambra (Ambergris), Mo\u0161us, Pa\u010duli<\/p>","protected":false},"featured_media":4431,"template":"","meta":[],"product_brand":[112],"product_cat":[90,85,105],"product_tag":[128,114],"class_list":{"0":"post-4429","1":"product","2":"type-product","3":"status-publish","4":"has-post-thumbnail","6":"product_brand-rasasi","7":"product_cat-eau-de-parfum","8":"product_cat-perfumes","9":"product_cat-unisex","10":"product_tag-hawas-collection","11":"product_tag-rasasi","13":"first","14":"instock","15":"taxable","16":"shipping-taxable","17":"purchasable","18":"product-type-variable"},"_links":{"self":[{"href":"http:\/\/zaharascents.me\/me\/wp-json\/wp\/v2\/product\/4429","targetHints":{"allow":["GET"]}}],"collection":[{"href":"http:\/\/zaharascents.me\/me\/wp-json\/wp\/v2\/product"}],"about":[{"href":"http:\/\/zaharascents.me\/me\/wp-json\/wp\/v2\/types\/product"}],"wp:featuredmedia":[{"embeddable":true,"href":"http:\/\/zaharascents.me\/me\/wp-json\/wp\/v2\/media\/4431"}],"wp:attachment":[{"href":"http:\/\/zaharascents.me\/me\/wp-json\/wp\/v2\/media?parent=4429"}],"wp:term":[{"taxonomy":"product_brand","embeddable":true,"href":"http:\/\/zaharascents.me\/me\/wp-json\/wp\/v2\/product_brand?post=4429"},{"taxonomy":"product_cat","embeddable":true,"href":"http:\/\/zaharascents.me\/me\/wp-json\/wp\/v2\/product_cat?post=4429"},{"taxonomy":"product_tag","embeddable":true,"href":"http:\/\/zaharascents.me\/me\/wp-json\/wp\/v2\/product_tag?post=4429"}],"curies":[{"name":"wp","href":"https:\/\/api.w.org\/{rel}","templated":true}]}}