{"id":4433,"date":"2025-11-05T02:15:07","date_gmt":"2025-11-05T02:15:07","guid":{"rendered":"https:\/\/zaharascents.me\/?post_type=product&#038;p=4433"},"modified":"2026-04-23T13:31:35","modified_gmt":"2026-04-23T13:31:35","slug":"rasasi-hawas-london","status":"publish","type":"product","link":"http:\/\/zaharascents.me\/me\/shop\/rasasi-hawas-london\/","title":{"rendered":"Rasasi Hawas London"},"content":{"rendered":"<h5>Bezvremenska elegancija moderne metropole<\/h5>\n<p class=\"translation-block\"><strong>Rasasi Hawas London<\/strong> je majstorska parfemska voda koja premo\u0161\u0107ava jaz izme\u0111u bezvremenske tradicije i avangardnog luksuza. Inspirisan sofisticiranom i vibrantnom energijom moderne metropole, ovaj parfem je olfaktorna oda besmrtnosti i gracioznosti. To je duboka i magneti\u010dna kompozicija, dizajnirana za pojedinca koji tra\u017ei potpis apsolutne prepoznatljivosti i trajne elegancije.<\/p>\n<h5>Mirisni profil i kompozicija<\/h5>\n<p>Parfem se otvara briljantnim i zadivljuju\u0107im naletom egzoti\u010dnih za\u010dina i slatko\u0107e. Ko\u017ena, zlatna toplina dragocjenog \u0161afrana majstorski je isprepletena sa poletnom iskrom ru\u017ei\u010dastog bibera i so\u010dnom svje\u017einom zrele kru\u0161ke. Ovaj blistavi uvod stvara trenutnu auru luksuza, pozivaju\u0107i \u010dula u svijet neuporedive sofisticiranosti.<\/p>\n<p>Kako po\u010detna svjetlost evoluira, srce otkriva duboko kraljevsko i atmosferi\u010dno jezgro. Bezvremenska elegancija procvjetale ru\u017ee predivno je slojevita sa svetom, zadimljenom rezonancom olibanuma i delikatnom, eteri\u010dnom privla\u010dno\u0161\u0107u bijelog cvije\u0107a. Ova sofisticirana srednja faza stvara most izme\u0111u zemljane tradicije i nebeske lako\u0107e, rezultiraju\u0107i parfemom koji je istovremeno ugodan i zadivljuju\u0107e veli\u010danstven.<\/p>\n<p>U svojim zavr\u0161nim fazama, kompozicija se sti\u0161ava u duboko toplu, kremastu i trajnu osnovu. Bogata mje\u0161avina svijetlog drveta i zlatnog ambera pru\u017ea \u010dvrsto, elegantno sidro, dok slatki, senzualni zagrljaj vanile i \u010distog mo\u0161usa osigurava hipnoti\u0161u\u0107i trag. Ovaj veli\u010danstveni fini\u0161 ostavlja dugotrajan utisak topline i rasko\u0161i, savr\u0161eno hvataju\u0107i du\u0161u grada koji nikada ne blijedi.<\/p>","protected":false},"excerpt":{"rendered":"<p><strong>HAWAS KOLEKCIJA<\/strong><\/p>\n<p><strong>Unisex \/ Eau De Parfum \/ 100ml<\/strong><\/p>\n<p><strong>Inspiracija: <\/strong>Ex Nihilo Brompton Immortals<\/p>\n<p><strong>Mirisni profil: <\/strong>Amberni, Cvjetni<\/p>\n<p><strong>Gornje note: <\/strong>Ru\u017ei\u010dasti biber, Kru\u0161ka, \u0160afran<br \/>\n<strong>Srednje note: <\/strong>Ru\u017ea, Olibanum (Tamjan), Bijelo cvije\u0107e<br \/>\n<strong>Bazne note: <\/strong>Svijetlo drvo, Vanila, Amber, Mo\u0161us<\/p>","protected":false},"featured_media":4434,"template":"","meta":[],"product_brand":[112],"product_cat":[90,85,105],"product_tag":[128,114],"class_list":{"0":"post-4433","1":"product","2":"type-product","3":"status-publish","4":"has-post-thumbnail","6":"product_brand-rasasi","7":"product_cat-eau-de-parfum","8":"product_cat-perfumes","9":"product_cat-unisex","10":"product_tag-hawas-collection","11":"product_tag-rasasi","13":"first","14":"instock","15":"taxable","16":"shipping-taxable","17":"purchasable","18":"product-type-variable"},"_links":{"self":[{"href":"http:\/\/zaharascents.me\/me\/wp-json\/wp\/v2\/product\/4433","targetHints":{"allow":["GET"]}}],"collection":[{"href":"http:\/\/zaharascents.me\/me\/wp-json\/wp\/v2\/product"}],"about":[{"href":"http:\/\/zaharascents.me\/me\/wp-json\/wp\/v2\/types\/product"}],"wp:featuredmedia":[{"embeddable":true,"href":"http:\/\/zaharascents.me\/me\/wp-json\/wp\/v2\/media\/4434"}],"wp:attachment":[{"href":"http:\/\/zaharascents.me\/me\/wp-json\/wp\/v2\/media?parent=4433"}],"wp:term":[{"taxonomy":"product_brand","embeddable":true,"href":"http:\/\/zaharascents.me\/me\/wp-json\/wp\/v2\/product_brand?post=4433"},{"taxonomy":"product_cat","embeddable":true,"href":"http:\/\/zaharascents.me\/me\/wp-json\/wp\/v2\/product_cat?post=4433"},{"taxonomy":"product_tag","embeddable":true,"href":"http:\/\/zaharascents.me\/me\/wp-json\/wp\/v2\/product_tag?post=4433"}],"curies":[{"name":"wp","href":"https:\/\/api.w.org\/{rel}","templated":true}]}}