{"id":5027,"date":"2026-03-20T14:55:55","date_gmt":"2026-03-20T14:55:55","guid":{"rendered":"https:\/\/zaharascents.me\/?post_type=product&#038;p=5027"},"modified":"2026-04-23T22:47:51","modified_gmt":"2026-04-23T22:47:51","slug":"paris-corner-khair-confection","status":"publish","type":"product","link":"http:\/\/zaharascents.me\/me\/shop\/paris-corner-khair-confection\/","title":{"rendered":"Paris Corner Khair Confection"},"content":{"rendered":"<h5>Luksuzna harmonija slatke kru\u0161ke i kremastog marshmallow-a<\/h5>\n<p class=\"translation-block\"><strong>Paris Corner Khair Confection<\/strong> je nevjerovatno slasna, ugodna i majstorski kreirana parfemska voda gdje se slatko\u0107a bez napora susre\u0107e sa sofisticirano\u0161\u0107u. Dizajniran za modernu, romanti\u010dnu \u017eenu koja voli ostaviti utisak poput slatki\u0161a od kojeg ide voda na usta, ovaj parfem je ultimativna poslastica za \u010dula. Uz glatke, ugodne i dugotrajne performanse, Khair Confection plete delikatan oblak u\u0161e\u0107erenog vo\u0107a, pjenastih slastica i toplog drveta, obavijaju\u0107i vas neodoljivim zagrljajem koji djeluje poput va\u0161e omiljene luksuzne poslastice.<\/p>\n<h5>Mirisni profil i kompozicija<\/h5>\n<p>Putovanje po\u010dinje izuzetno so\u010dnim i vibrantnim uvodom. Blistav, osvje\u017eavaju\u0107i nalet slatke kru\u0161ke besprekorno je isprepleten sa bar\u0161unastom, bogatom teksturom \u0161laga. Ovaj dinami\u010dni po\u010detak djeluje kao \u017eivopisna udica, trenutno privla\u010de\u0107i pa\u017enju i evociraju\u0107i neodoljivu privla\u010dnost svje\u017ee napravljenog, vrhunskog deserta.<\/p>\n<p>Kako se parfem razvija, srce otkriva spektakularno delikatno i kremasto jezgro. Kompozicija se otvara mekim, romanti\u010dnim \u0161apatom jasmina i egzoti\u010dnog ylang-ylanga. Ova besprekorno kreirana srednja faza predivno je oboga\u0107ena toplim, mo\u0161usnim dodirom ka\u0161mirana, djeluju\u0107i kao visoko-oktanski bridge koji cvjetnom buketu daje jedinstven, slatkast osje\u0107aj na ko\u017ei.<\/p>\n<p>U svojim zavr\u0161nim fazama, kompozicija se spu\u0161ta u izvanredno privla\u010dnu i ugodnu osnovu. Duboko topli talas pjenastog sljeza i slatke vanile predivno je usidren glatkom, uzemljuju\u0107om elegancijom sandalovine. Ovaj vi\u0161eslojni, u\u0161e\u0107ereni fini\u0161 osigurava trajan potpis koji je nevjerovatno ugodan, pozivaju\u0107i i zra\u010di \u010distom gurmanskom perfekcijom.<\/p>","protected":false},"excerpt":{"rendered":"<p><strong>KHAIR COLLECTION<\/strong><\/p>\n<p><strong>Za nju \/ Eau De Parfum \/ 100ml<\/strong><\/p>\n<p><strong>Inspiracija: <\/strong>Kayali Vanilla Candy Rock Sugar | 42<\/p>\n<p><strong>Mirisni profil: <\/strong>Gurmanski, Vo\u0107ni, Cvjetni<\/p>\n<p><strong>Gornje note: <\/strong>Kru\u0161ka, \u0160lag<br \/>\n<strong>Srednje note: <\/strong>Jasmin, Ylang-Ylang, Cashmeran<br \/>\n<strong>Bazne note: <\/strong>Sandalovina, Marshmallow, Vanila<\/p>","protected":false},"featured_media":5192,"template":"","meta":[],"product_brand":[180],"product_cat":[90,104,85],"product_tag":[198,188],"class_list":{"0":"post-5027","1":"product","2":"type-product","3":"status-publish","4":"has-post-thumbnail","6":"product_brand-paris-corner","7":"product_cat-eau-de-parfum","8":"product_cat-for-her","9":"product_cat-perfumes","10":"product_tag-khair-collection","11":"product_tag-paris-corner","13":"first","14":"instock","15":"taxable","16":"shipping-taxable","17":"purchasable","18":"product-type-variable"},"_links":{"self":[{"href":"http:\/\/zaharascents.me\/me\/wp-json\/wp\/v2\/product\/5027","targetHints":{"allow":["GET"]}}],"collection":[{"href":"http:\/\/zaharascents.me\/me\/wp-json\/wp\/v2\/product"}],"about":[{"href":"http:\/\/zaharascents.me\/me\/wp-json\/wp\/v2\/types\/product"}],"wp:featuredmedia":[{"embeddable":true,"href":"http:\/\/zaharascents.me\/me\/wp-json\/wp\/v2\/media\/5192"}],"wp:attachment":[{"href":"http:\/\/zaharascents.me\/me\/wp-json\/wp\/v2\/media?parent=5027"}],"wp:term":[{"taxonomy":"product_brand","embeddable":true,"href":"http:\/\/zaharascents.me\/me\/wp-json\/wp\/v2\/product_brand?post=5027"},{"taxonomy":"product_cat","embeddable":true,"href":"http:\/\/zaharascents.me\/me\/wp-json\/wp\/v2\/product_cat?post=5027"},{"taxonomy":"product_tag","embeddable":true,"href":"http:\/\/zaharascents.me\/me\/wp-json\/wp\/v2\/product_tag?post=5027"}],"curies":[{"name":"wp","href":"https:\/\/api.w.org\/{rel}","templated":true}]}}