{"id":5035,"date":"2026-03-20T15:04:26","date_gmt":"2026-03-20T15:04:26","guid":{"rendered":"https:\/\/zaharascents.me\/?post_type=product&#038;p=5035"},"modified":"2026-04-23T23:20:08","modified_gmt":"2026-04-23T23:20:08","slug":"pariski-kutak-khair-breskvasti-delulu","status":"publish","type":"product","link":"http:\/\/zaharascents.me\/me\/shop\/paris-corner-khair-peach-delulu\/","title":{"rendered":"Paris Corner Khair Breskva Delulu"},"content":{"rendered":"<h5>Slatki grijeh vo\u0107ne fantazije<\/h5>\n<p class=\"translation-block\"><strong>Paris Corner Khair Peach Delulu<\/strong> je nevjerovatno razigrana, koketna i sofisticirana parfemska voda koja odu\u0161evljava \u010dula od prvog prskanja. Dizajniran za hrabru, modernu \u017eenu koja voli vo\u0107no-fantazijski bijeg sa za\u010dinskom, beskompromisnom o\u0161tricom, ovaj parfem je ultimativni izraz hirovitog \u0161arma. Uz bogate, primamljive i dugotrajne performanse, Peach Delulu plete kompleksan oblak suncem okupanog vo\u0107a, toplih za\u010dina i duboko ugodnih gurmanskih nota, \u010dine\u0107i ga visoko zavisnim potpisom koji zra\u010di \u010distom privla\u010dno\u0161\u0107u.<\/p>\n<h5>Mirisni profil i kompozicija<\/h5>\n<p>Putovanje po\u010dinje izuzetno so\u010dnim i vibrantnim uvodom. Blistava, osvje\u017eavaju\u0107a mje\u0161avina slatke breskve, bujne nektarine i egzoti\u010dne guave pr\u0161ti od sun\u010dane slatko\u0107e. Ovaj dinami\u010dni po\u010detak djeluje kao \u017eivopisna udica, trenutno privla\u010de\u0107i pa\u017enju i evociraju\u0107i neodoljiv osje\u0107aj vibrantnog, tropskog raja.<\/p>\n<p>Kako se parfem razvija, srce otkriva spektakularno smjelo i intrigantno jezgro. Kompozicija uvodi iznena\u0111uju\u0107i, sofisticirani preokret\u2014za\u010dinski, energi\u010dni udar \u0111umbira i toplog kardamoma, predivno umotan u delikatnu, romanti\u010dnu eleganciju meke ru\u017ee. Ova besprekorno kreirana srednja faza dodaje dubinu i kompleksnost, sprje\u010davaju\u0107i da vo\u0107nost postane previ\u0161e jednostavna.<\/p>\n<p>U svojim zavr\u0161nim fazama, kompozicija se spu\u0161ta u izvanredno privla\u010dnu i sanjivu osnovu. Duboko topli talas kremaste, dekadentne karamele predivno je usidren glatkim, zavodljivim dodirom mo\u0161usa i uzemljuju\u0107om elegancijom suvog drveta. Ovaj vi\u0161eslojni, slatki fini\u0161 osigurava trajan potpis koji je nevjerovatno ugodan, pozivaju\u0107i i zra\u010di \u010distom, samouvjerenom \u017eenstveno\u0161\u0107u.<\/p>","protected":false},"excerpt":{"rendered":"<p><strong>KHAIR COLLECTION<\/strong><\/p>\n<p><strong>Za nju \/ Eau De Parfum \/ 100ml<\/strong><\/p>\n<p><strong>Mirisni profil: <\/strong>Vo\u0107ni, Gurmanski, Za\u010dinski<\/p>\n<p><strong>Gornje note: <\/strong>Breskva, Nektarina, Guava<br \/>\n<strong>Srednje note: <\/strong>\u0110umbir, Kardamom, Ru\u017ea<br \/>\n<strong>Bazne note: <\/strong>Mo\u0161us, Karamela, Suvo drvo<\/p>","protected":false},"featured_media":5190,"template":"","meta":[],"product_brand":[180],"product_cat":[90,104,85],"product_tag":[198,188],"class_list":{"0":"post-5035","1":"product","2":"type-product","3":"status-publish","4":"has-post-thumbnail","6":"product_brand-paris-corner","7":"product_cat-eau-de-parfum","8":"product_cat-for-her","9":"product_cat-perfumes","10":"product_tag-khair-collection","11":"product_tag-paris-corner","13":"first","14":"instock","15":"taxable","16":"shipping-taxable","17":"purchasable","18":"product-type-variable"},"_links":{"self":[{"href":"http:\/\/zaharascents.me\/me\/wp-json\/wp\/v2\/product\/5035","targetHints":{"allow":["GET"]}}],"collection":[{"href":"http:\/\/zaharascents.me\/me\/wp-json\/wp\/v2\/product"}],"about":[{"href":"http:\/\/zaharascents.me\/me\/wp-json\/wp\/v2\/types\/product"}],"wp:featuredmedia":[{"embeddable":true,"href":"http:\/\/zaharascents.me\/me\/wp-json\/wp\/v2\/media\/5190"}],"wp:attachment":[{"href":"http:\/\/zaharascents.me\/me\/wp-json\/wp\/v2\/media?parent=5035"}],"wp:term":[{"taxonomy":"product_brand","embeddable":true,"href":"http:\/\/zaharascents.me\/me\/wp-json\/wp\/v2\/product_brand?post=5035"},{"taxonomy":"product_cat","embeddable":true,"href":"http:\/\/zaharascents.me\/me\/wp-json\/wp\/v2\/product_cat?post=5035"},{"taxonomy":"product_tag","embeddable":true,"href":"http:\/\/zaharascents.me\/me\/wp-json\/wp\/v2\/product_tag?post=5035"}],"curies":[{"name":"wp","href":"https:\/\/api.w.org\/{rel}","templated":true}]}}