{"id":5043,"date":"2026-03-20T14:42:04","date_gmt":"2026-03-20T14:42:04","guid":{"rendered":"https:\/\/zaharascents.me\/?post_type=product&#038;p=5043"},"modified":"2026-04-23T23:45:40","modified_gmt":"2026-04-23T23:45:40","slug":"paris-corner-khair-pistachio","status":"publish","type":"product","link":"http:\/\/zaharascents.me\/me\/shop\/paris-corner-khair-pistachio\/","title":{"rendered":"Paris Corner Khair Pistachio"},"content":{"rendered":"<h5>Opojna dekadencija zelenog zlata<\/h5>\n<p class=\"translation-block\"><strong>Paris Corner Khair Pistachio<\/strong> je nevjerovatno ukusna, \u0161armantna i majstorski kreirana parfemska voda koja va\u0161e obi\u010dne trenutke uzdi\u017ee u dragocjenu vje\u010dnost. Dizajniran za radosnu, samouvjerenu osobu koja voli da ostavlja primamljiv, sladak i visoko ugodan utisak, ovaj parfem je ultimativno florientalno gurmansko iskustvo. Smje\u0161ten u bezvremensku zeleno-zlatnu bo\u010dicu, Khair Pistachio plete kompleksan oblak kremastih deserta, svje\u017eeg cvije\u0107a i ambernog bogatstva, \u010dine\u0107i ga visoko zavisnim potpisom koji zra\u010di \u010distom sre\u0107om i toplinom.<\/p>\n<h5>Mirisni profil i kompozicija<\/h5>\n<p>Putovanje po\u010dinje briljantno slatkim i neodoljivo radosnim uvodom. Osve\u017eavaju\u0107i, dekadentni nalet kremastog pista\u0107i gelata i bogatog le\u0161nika besprekorno je isprepleten sa razigranim udarom slatkog ruma i kardamoma, dok italijanski bergamot dodaje suptilan, poletan podsticaj. Ovaj dinami\u010dni po\u010detak djeluje kao \u017eivopisna udica, trenutno mame\u0107i \u010dula poput najluksuznijeg, ohla\u0111enog deserta.<\/p>\n<p>Kako se parfem razvija, srce otkriva spektakularno delikatno i romanti\u010dno jezgro. Kompozicija se otvara harmoni\u010dnim spojem bogatog bijelog bo\u017eura, elegantnog jasmina i \u0111ur\u0111evka, savr\u0161eno izbalansirana so\u010dnom, primamljivom slatko\u0107om maline, bijele breskve i kru\u0161ke. Ova besprekorno kreirana srednja faza djeluje kao visoko-oktanski most, ulivaju\u0107i u gurmansko otvaranje sofisticiranu, svje\u017eu cvjetnu eleganciju.<\/p>\n<p>U svojim zavr\u0161nim fazama, kompozicija se spu\u0161ta u izvanredno privla\u010dnu i ugodnu osnovu. Duboko topli talas pjenastog marshmallow-a, slatke \u0161e\u0107erne vune i bogatog \u0161laga predivno je usidren intenzitetom Tonke i vanile. Za\u010dinjen egzoti\u010dnim dodirom akorda ratluka, kakaa i \u010dvrste osnove kedrovine i sandalovine, ovaj vi\u0161eslojni fini\u0161 osigurava trajan potpis koji je \u0161armantan, \u010dist i beskompromisno sladak.<\/p>","protected":false},"excerpt":{"rendered":"<p><strong>KHAIR COLLECTION<\/strong><\/p>\n<p><strong>Za nju \/ Eau De Parfum \/ 100ml<\/strong><\/p>\n<p><strong>Inspiracija: <\/strong>Kayali Yum Pistachio Gelato | 33<\/p>\n<p><strong>Mirisni profil: <\/strong>Gurmantski, Cvjetni, Amberni<\/p>\n<p><strong>Gornje note: <\/strong>Italijanski bergamot, Pista\u0107i Gelato, Le\u0161nik, Slatki rum, Kardamom<br \/>\n<strong>Srednje note: <\/strong>Geranijum, Bijeli bo\u017eur, \u0110ur\u0111evak (Muguet), Jasmin, Malina, Bijela breskva, Kru\u0161ka<br \/>\n<strong>Bazne note: <\/strong>\u0160lag, Marshmallow, \u0160e\u0107erna vuna, Akord ratluka (Turkish Delight), Kakao, Kedrovina, Sandalovina, Tonka<\/p>","protected":false},"featured_media":5198,"template":"","meta":[],"product_brand":[180],"product_cat":[90,104,85],"product_tag":[198,188],"class_list":{"0":"post-5043","1":"product","2":"type-product","3":"status-publish","4":"has-post-thumbnail","6":"product_brand-paris-corner","7":"product_cat-eau-de-parfum","8":"product_cat-for-her","9":"product_cat-perfumes","10":"product_tag-khair-collection","11":"product_tag-paris-corner","13":"first","14":"instock","15":"taxable","16":"shipping-taxable","17":"purchasable","18":"product-type-variable"},"_links":{"self":[{"href":"http:\/\/zaharascents.me\/me\/wp-json\/wp\/v2\/product\/5043","targetHints":{"allow":["GET"]}}],"collection":[{"href":"http:\/\/zaharascents.me\/me\/wp-json\/wp\/v2\/product"}],"about":[{"href":"http:\/\/zaharascents.me\/me\/wp-json\/wp\/v2\/types\/product"}],"wp:featuredmedia":[{"embeddable":true,"href":"http:\/\/zaharascents.me\/me\/wp-json\/wp\/v2\/media\/5198"}],"wp:attachment":[{"href":"http:\/\/zaharascents.me\/me\/wp-json\/wp\/v2\/media?parent=5043"}],"wp:term":[{"taxonomy":"product_brand","embeddable":true,"href":"http:\/\/zaharascents.me\/me\/wp-json\/wp\/v2\/product_brand?post=5043"},{"taxonomy":"product_cat","embeddable":true,"href":"http:\/\/zaharascents.me\/me\/wp-json\/wp\/v2\/product_cat?post=5043"},{"taxonomy":"product_tag","embeddable":true,"href":"http:\/\/zaharascents.me\/me\/wp-json\/wp\/v2\/product_tag?post=5043"}],"curies":[{"name":"wp","href":"https:\/\/api.w.org\/{rel}","templated":true}]}}