{"id":5056,"date":"2026-03-20T16:20:03","date_gmt":"2026-03-20T16:20:03","guid":{"rendered":"https:\/\/zaharascents.me\/?post_type=product&#038;p=5056"},"modified":"2026-04-24T00:45:15","modified_gmt":"2026-04-24T00:45:15","slug":"paris-corner-december-ambar","status":"publish","type":"product","link":"http:\/\/zaharascents.me\/me\/shop\/paris-corner-december-ambar\/","title":{"rendered":"Paris Corner December Ambar"},"content":{"rendered":"<h5>Zlatna misterija smolaste topline<\/h5>\n<p class=\"translation-block\"><strong>Paris Corner December Ambar<\/strong> je intenzivno zadivljuju\u0107a, misteriozna i majstorski kreirana parfemska voda dizajnirana kao oda sezoni spokoja. Kreiran za hrabru, sofisticiranu osobu koja voli da ostavlja dubok, bar\u0161unast i neosporno luksuzan utisak, ovaj parfem vas obavija neodoljivo ugodnim zagrljajem. Uz bogate, smolaste i duboko trajne performanse, December Ambar plete kompleksan oblak slatkog vo\u0107a, rasko\u0161nih za\u010dina i zlatnog ambera, \u010dine\u0107i ga ultimativnim potpisom za hladnije dane, elegantne ve\u010deri i trenutke \u010distog u\u017eivanja.<\/p>\n<h5>Mirisni profil i kompozicija<\/h5>\n<p>Putovanje po\u010dinje izuzetno jedinstvenom i zadivljuju\u0107om fuzijom. Blistavi, osve\u017eavaju\u0107i nalet svje\u017ee jabuke i hladnog anisa besprekorno je u kontrastu sa glatkom, toplom kremasto\u0161\u0107u kokosa. Ovaj dinami\u010dni po\u010detak djeluje kao \u017eivopisna udica, trenutno vas privla\u010de\u0107i hipnoti\u0161u\u0107im balansom hladnih i toplih nijansi.<\/p>\n<p>Kako se parfem razvija, srce otkriva spektakularno rasko\u0161no i bujno jezgro. Kompozicija se otvara premium, ko\u017enim za\u010dinom \u0161afrana i romanti\u010dnom elegancijom ru\u017ee, savr\u0161eno produbljena so\u010dnom, tamnom slatko\u0107om \u0161ljive. Ova besprekorno kreirana srednja faza djeluje kao visoko-oktanski most, evociraju\u0107i bogatstvo i misteriju zlatnog zimskog sumraka.<\/p>\n<p>U svojim zavr\u0161nim fazama, kompozicija se spu\u0161ta u izvanredno privla\u010dnu i veli\u010danstvenu osnovu. Duboko topli talas senzualne karamele i zemljane mahovine stapa se besprekorno u bazu zlatnog ambera, benzoina i bogate vanile. Predivno usidren uzemljuju\u0107om snagom kedrovine, ovaj vi\u0161eslojni, smolasti fini\u0161 ostavlja bar\u0161unastu, dugotrajnu toplinu na ko\u017ei koja je duboko misteriozna i \u0161ik.<\/p>","protected":false},"excerpt":{"rendered":"<p><strong>DECEMBER KOLEKCIJA<\/strong><\/p>\n<p><strong>Unisex \/ Eau De Parfum \/ 85ml<\/strong><\/p>\n<p><strong>Inspiracija: <\/strong>Les EAUX Primordiales Ambre Supermassive<\/p>\n<p><strong>Mirisni profil: <\/strong>Amberni, Za\u010dinski, Gurmanski<\/p>\n<p><strong>Gornje note: <\/strong>Anis, Jabuka, Kokos<br \/>\n<strong>Srednje note: <\/strong>\u0160afran, Ru\u017ea, \u0160ljiva<br \/>\n<strong>Bazne note: <\/strong>Karamela, Mahovina, Vanila, Amber, Benzoin, Kedrovina<\/p>","protected":false},"featured_media":5184,"template":"","meta":[],"product_brand":[180],"product_cat":[90,85,105],"product_tag":[199,188],"class_list":{"0":"post-5056","1":"product","2":"type-product","3":"status-publish","4":"has-post-thumbnail","6":"product_brand-paris-corner","7":"product_cat-eau-de-parfum","8":"product_cat-perfumes","9":"product_cat-unisex","10":"product_tag-december-collection","11":"product_tag-paris-corner","13":"first","14":"instock","15":"taxable","16":"shipping-taxable","17":"purchasable","18":"product-type-variable"},"_links":{"self":[{"href":"http:\/\/zaharascents.me\/me\/wp-json\/wp\/v2\/product\/5056","targetHints":{"allow":["GET"]}}],"collection":[{"href":"http:\/\/zaharascents.me\/me\/wp-json\/wp\/v2\/product"}],"about":[{"href":"http:\/\/zaharascents.me\/me\/wp-json\/wp\/v2\/types\/product"}],"wp:featuredmedia":[{"embeddable":true,"href":"http:\/\/zaharascents.me\/me\/wp-json\/wp\/v2\/media\/5184"}],"wp:attachment":[{"href":"http:\/\/zaharascents.me\/me\/wp-json\/wp\/v2\/media?parent=5056"}],"wp:term":[{"taxonomy":"product_brand","embeddable":true,"href":"http:\/\/zaharascents.me\/me\/wp-json\/wp\/v2\/product_brand?post=5056"},{"taxonomy":"product_cat","embeddable":true,"href":"http:\/\/zaharascents.me\/me\/wp-json\/wp\/v2\/product_cat?post=5056"},{"taxonomy":"product_tag","embeddable":true,"href":"http:\/\/zaharascents.me\/me\/wp-json\/wp\/v2\/product_tag?post=5056"}],"curies":[{"name":"wp","href":"https:\/\/api.w.org\/{rel}","templated":true}]}}