{"id":5061,"date":"2026-03-20T17:09:11","date_gmt":"2026-03-20T17:09:11","guid":{"rendered":"https:\/\/zaharascents.me\/?post_type=product&#038;p=5061"},"modified":"2026-04-24T00:59:39","modified_gmt":"2026-04-24T00:59:39","slug":"pariz-corner-eshal-vanilija","status":"publish","type":"product","link":"http:\/\/zaharascents.me\/me\/shop\/paris-corner-eshal-vanilla\/","title":{"rendered":"Paris Corner Eshal Vanilla"},"content":{"rendered":"<h5>Senzualni \u0161apat \u0161e\u0107ernih akorda<\/h5>\n<p class=\"translation-block\"><strong>Paris Corner Eshal Vanilla<\/strong> je predivno meka, senzualna i majstorski kreirana parfemska voda koja savr\u0161eno balansira slatko u\u017eivanje sa delikatnom cvjetnom elegancijom. Dizajniran za romanti\u010dnu, modernu \u017eenu koja obo\u017eava ugodan, ali neosporno zadivljuju\u0107i parfem, ovaj miris vas obavija nje\u017enim, visoko zavisnim zagrljajem. Uz glatke, bar\u0161unaste i dugotrajne performanse, Eshal Vanilla plete primamljiv oblak \u0161e\u0107ernih akorda, bujnih latica i toplog drveta, \u010dine\u0107i ga ultimativnim potpisom za trenutke kada \u017eelite da se osje\u0107ate besprekorno \u0161armantno i duboko \u017eenstveno.<\/p>\n<h5>Mirisni profil i kompozicija<\/h5>\n<p>Putovanje po\u010dinje izuzetno delikatnim i ugodnim uvodom. Blistavi, meki poljubac \u010distih \u0161e\u0107ernih akorda odmah krasi ko\u017eu, trenutno evociraju\u0107i osje\u0107aj slatke nostalgije i razigrane radosti. Ovaj dinami\u010dni, primamljivi po\u010detak djeluje kao \u017eivopisna udica, uvla\u010de\u0107i vas u svoj topli, dekadentni univerzum.<\/p>\n<p>Kako se parfem razvija, srce otkriva spektakularno elegantno i romanti\u010dno jezgro. Kompozicija se otvara gracioznim cvjetanjem romanti\u010dne ru\u017ee i blistavog jasmina. Ova besprekorno kreirana srednja faza djeluje kao visoko-oktanski most, ulivaju\u0107i u po\u010detnu \u0161e\u0107ernu slatko\u0107u sofisticiranu, prozra\u010dnu cvjetnu eleganciju koja sprje\u010dava da parfem postane previ\u0161e te\u017eak.<\/p>\n<p>U svojim zavr\u0161nim fazama, kompozicija se spu\u0161ta u izvanredno privla\u010dnu i magneti\u010dnu osnovu. Duboko topli talas bogate vanile i zlatne karamele stapa se besprekorno u bazu kremastog, \u010distog mo\u0161usa. Ovaj vi\u0161eslojni fini\u0161 osigurava trajan potpis koji ostavlja bar\u0161unast, ugodan i neodoljivo privla\u010dan trag gdje god da krenete.<\/p>","protected":false},"excerpt":{"rendered":"<p><strong>ESHAL KOLEKCIJA<\/strong><\/p>\n<p><strong>Za nju \/ Eau De Parfum \/ 100ml<\/strong><\/p>\n<p><strong>Inspiracija: <\/strong>Kayali Vanilla | 28<\/p>\n<p><strong>Mirisni profil: <\/strong>Gurmanski, Cvjetni, Slatki<\/p>\n<p><strong>Gornje note: <\/strong>\u0160e\u0107erne note<br \/>\n<strong>Srednje note: <\/strong>Jasmin, Ru\u017ea<br \/>\n<strong>Bazne note: <\/strong>Vanila, Karamela, Mo\u0161us<\/p>","protected":false},"featured_media":5182,"template":"","meta":[],"product_brand":[180],"product_cat":[90,104,85],"product_tag":[200,188],"class_list":{"0":"post-5061","1":"product","2":"type-product","3":"status-publish","4":"has-post-thumbnail","6":"product_brand-paris-corner","7":"product_cat-eau-de-parfum","8":"product_cat-for-her","9":"product_cat-perfumes","10":"product_tag-eshal-collection","11":"product_tag-paris-corner","13":"first","14":"instock","15":"taxable","16":"shipping-taxable","17":"purchasable","18":"product-type-variable"},"_links":{"self":[{"href":"http:\/\/zaharascents.me\/me\/wp-json\/wp\/v2\/product\/5061","targetHints":{"allow":["GET"]}}],"collection":[{"href":"http:\/\/zaharascents.me\/me\/wp-json\/wp\/v2\/product"}],"about":[{"href":"http:\/\/zaharascents.me\/me\/wp-json\/wp\/v2\/types\/product"}],"wp:featuredmedia":[{"embeddable":true,"href":"http:\/\/zaharascents.me\/me\/wp-json\/wp\/v2\/media\/5182"}],"wp:attachment":[{"href":"http:\/\/zaharascents.me\/me\/wp-json\/wp\/v2\/media?parent=5061"}],"wp:term":[{"taxonomy":"product_brand","embeddable":true,"href":"http:\/\/zaharascents.me\/me\/wp-json\/wp\/v2\/product_brand?post=5061"},{"taxonomy":"product_cat","embeddable":true,"href":"http:\/\/zaharascents.me\/me\/wp-json\/wp\/v2\/product_cat?post=5061"},{"taxonomy":"product_tag","embeddable":true,"href":"http:\/\/zaharascents.me\/me\/wp-json\/wp\/v2\/product_tag?post=5061"}],"curies":[{"name":"wp","href":"https:\/\/api.w.org\/{rel}","templated":true}]}}