{"id":5070,"date":"2026-03-20T17:52:21","date_gmt":"2026-03-20T17:52:21","guid":{"rendered":"https:\/\/zaharascents.me\/?post_type=product&#038;p=5070"},"modified":"2026-04-24T01:18:56","modified_gmt":"2026-04-24T01:18:56","slug":"paris-corner-prodigy","status":"publish","type":"product","link":"http:\/\/zaharascents.me\/me\/shop\/paris-corner-prodigy\/","title":{"rendered":"Paris Corner Prodigy"},"content":{"rendered":"<h5>Rasko\u0161na aura za\u010dinjenog drveta<\/h5>\n<p class=\"translation-block\"><strong>Paris Corner Prodigy<\/strong> je nevjerovatno sofisticirana, blistava i majstorski kreirana parfemska voda dizajnirana za vizionara koji prkosi granicama. Kreiran za hrabru, modernu osobu koja voli da ostavlja ugodan, a opet neodoljivo magneti\u010dan utisak, ovaj parfem je ultimativni izraz luksuza. Uz bogate, savr\u0161eno izbalansirane i dugotrajne performanse, Prodigy plete kompleksan oblak svje\u017eeg vo\u0107a, aromati\u010dnog bilja i bar\u0161unastog drveta, \u010dine\u0107i ga izuzetnim potpisom za hladnije dane, ve\u010dernje doga\u0111aje i trenutke kada \u017eelite da inspiri\u0161ete veli\u010dinu.<\/p>\n<h5>Mirisni profil i kompozicija<\/h5>\n<p>Putovanje po\u010dinje izuzetno zadivljuju\u0107im i dinami\u010dnim uvodom. Blistav, osve\u017eavaju\u0107i nalet slatke narand\u017ee i svje\u017ee zelene jabuke besprekorno je obavijen pozivaju\u0107om toplinom cimeta. Ovaj visoko zavisni po\u010detak djeluje kao \u017eivopisna udica, trenutno privla\u010de\u0107i pa\u017enju savr\u0161enim balansom svje\u017eih i za\u010dinskih nijansi.<\/p>\n<p>Kako se parfem razvija, srce otkriva spektakularno elegantno i aromati\u010dno jezgro. Kompozicija se otvara dubokim, biljnim bogatstvom mu\u0161katne \u017ealfije, savr\u0161eno ubla\u017eenim delikatnim bijelim cvije\u0107em i dodirom zlatnog ambera. Ova besprekorno kreirana srednja faza djeluje kao visoko-oktanski most, osiguravaju\u0107i da parfem ostane nevjerovatno sofisticiran, prefinjen i blistav na ko\u017ei.<\/p>\n<p>U svojim zavr\u0161nim fazama, kompozicija se spu\u0161ta u izvanredno privla\u010dnu i mo\u0107nu osnovu. Duboko topli talas bar\u0161unaste vanile i slatke Tonke predivno je usidren \u010dvrstom, uzemljuju\u0107om elegancijom ambernog drveta i mekog mo\u0161usa. Ovaj vi\u0161eslojni, ugodni fini\u0161 osigurava trajan, luksuzan potpis koji komanduje po\u0161tovanjem gdje god da krenete.<\/p>","protected":false},"excerpt":{"rendered":"<p><strong>PRODIGY KOLEKCIJA<\/strong><\/p>\n<p><strong>Unisex \/ Eau De Parfum \/ 100ml<\/strong><\/p>\n<p><strong>Inspiracija: <\/strong>Xerjoff Alexandria II<\/p>\n<p><strong>Mirisni profil: <\/strong>Drveni, Amberni, Za\u010dinski<\/p>\n<p><strong>Gornje note: <\/strong>Narand\u017ea, Cimet, Svje\u017ea jabuka<br \/>\n<strong>Srednje note: <\/strong>Bijelo cvije\u0107e, Mu\u0161katna \u017ealfija, Amber<br \/>\n<strong>Bazne note: <\/strong>Vanila, Tonka, Amberno drvo, Mo\u0161us<\/p>","protected":false},"featured_media":5178,"template":"","meta":[],"product_brand":[180],"product_cat":[90,85],"product_tag":[188,201],"class_list":{"0":"post-5070","1":"product","2":"type-product","3":"status-publish","4":"has-post-thumbnail","6":"product_brand-paris-corner","7":"product_cat-eau-de-parfum","8":"product_cat-perfumes","9":"product_tag-paris-corner","10":"product_tag-prodigy-collection","12":"first","13":"instock","14":"taxable","15":"shipping-taxable","16":"purchasable","17":"product-type-variable"},"_links":{"self":[{"href":"http:\/\/zaharascents.me\/me\/wp-json\/wp\/v2\/product\/5070","targetHints":{"allow":["GET"]}}],"collection":[{"href":"http:\/\/zaharascents.me\/me\/wp-json\/wp\/v2\/product"}],"about":[{"href":"http:\/\/zaharascents.me\/me\/wp-json\/wp\/v2\/types\/product"}],"wp:featuredmedia":[{"embeddable":true,"href":"http:\/\/zaharascents.me\/me\/wp-json\/wp\/v2\/media\/5178"}],"wp:attachment":[{"href":"http:\/\/zaharascents.me\/me\/wp-json\/wp\/v2\/media?parent=5070"}],"wp:term":[{"taxonomy":"product_brand","embeddable":true,"href":"http:\/\/zaharascents.me\/me\/wp-json\/wp\/v2\/product_brand?post=5070"},{"taxonomy":"product_cat","embeddable":true,"href":"http:\/\/zaharascents.me\/me\/wp-json\/wp\/v2\/product_cat?post=5070"},{"taxonomy":"product_tag","embeddable":true,"href":"http:\/\/zaharascents.me\/me\/wp-json\/wp\/v2\/product_tag?post=5070"}],"curies":[{"name":"wp","href":"https:\/\/api.w.org\/{rel}","templated":true}]}}