{"id":5150,"date":"2026-03-20T22:01:11","date_gmt":"2026-03-20T22:01:11","guid":{"rendered":"https:\/\/zaharascents.me\/?post_type=product&#038;p=5150"},"modified":"2026-04-24T23:43:35","modified_gmt":"2026-04-24T23:43:35","slug":"paris-corner-emir-a-chaos-in-the-ocean","status":"publish","type":"product","link":"http:\/\/zaharascents.me\/me\/shop\/paris-corner-emir-a-chaos-in-the-ocean\/","title":{"rendered":"Pariz Korner Emir A Chaos in the Ocean"},"content":{"rendered":"<h5>Dominantni potpis divljih talasa<\/h5>\n<p class=\"translation-block\"><strong>Paris Corner Emir A Chaos In The Ocean<\/strong> je nevjerovatno mo\u0107na, sofisticirana i majstorski kreirana parfemska voda dizajnirana za hrabre i avanturisti\u010dke du\u0161e. Hvataju\u0107i neukrotivu, sirovu energiju dubokog mora, ovaj parfem je ultimativna izjava morske dominacije. Uz izvanredno dugotrajne i projektuju\u0107e performanse, ovaj parfem plete kompleksan oblak slanih morskih akorda, svijetlih citrusa i toplog drveta, \u010dine\u0107i ga visoko svestranim potpisom koji dominira svakom prostorijom, danju ili no\u0107u.<\/p>\n<h5>Mirisni profil i kompozicija<\/h5>\n<p>Putovanje po\u010dinje izuzetno vibrantnim i eksplozivnim uvodom. Blistav, osve\u017eavaju\u0107i nalet svje\u017eeg limuna i poletnog bergamota trenutno budi \u010dula. Ovaj dinami\u010dni, energizuju\u0107i po\u010detak djeluje kao \u017eivopisna udica, savr\u0161eno simuliraju\u0107i osje\u0107aj o\u0161trog, osvje\u017eavaju\u0107eg okeanskog povjetarca koji udara u va\u0161e lice.<\/p>\n<p>Kako se parfem razvija, srce otkriva spektakularno apstraktno i duboko morsko jezgro. Kompozicija se otvara jedinstvenom, slanom i zemljanom esencijom morskih algi, savr\u0161eno osvijetljenom prozra\u010dnom, cvjetnom svjetlo\u0161\u0107u hediona. Ova besprekorno kreirana srednja faza djeluje kao visoko-oktanski most, uranjaju\u0107i vas u duboke, misteriozne dubine okeana.<\/p>\n<p>U svojim zavr\u0161nim fazama, kompozicija se spu\u0161ta u izvanredno privla\u010dnu i komanduju\u0107u osnovu. Duboko topli, robusni talas o\u0161tre kedrovine predivno je usidren mekom, magneti\u010dnom privla\u010dno\u0161\u0107u mo\u0161usa. Ovaj vi\u0161eslojni, drveni fini\u0161 uzemljuje divlje morske note, ostavljaju\u0107i neodoljiv, mu\u0161ki i nevjerovatno dugotrajan trag na ko\u017ei.<\/p>","protected":false},"excerpt":{"rendered":"<p><strong>EMIR COLLECTION<\/strong><\/p>\n<p><strong>Unisex \/ Eau De Parfum \/ 100ml<\/strong><\/p>\n<p><strong>Inspiracija: <\/strong>Orto Parisi Megamare<\/p>\n<p><strong>Mirisni profil: <\/strong>Morski, Drveni, Citrusni<\/p>\n<p><strong>Gornje note: <\/strong>Bergamot, Limun<br \/>\n<strong>Srednje note: <\/strong>Hedione, Morska trava<br \/>\n<strong>Bazne note: <\/strong>Kedrovina, Mo\u0161us<\/p>","protected":false},"featured_media":5174,"template":"","meta":[],"product_brand":[180],"product_cat":[90,103,85],"product_tag":[202,188],"class_list":{"0":"post-5150","1":"product","2":"type-product","3":"status-publish","4":"has-post-thumbnail","6":"product_brand-paris-corner","7":"product_cat-eau-de-parfum","8":"product_cat-for-him","9":"product_cat-perfumes","10":"product_tag-emir-collection","11":"product_tag-paris-corner","13":"first","14":"instock","15":"taxable","16":"shipping-taxable","17":"purchasable","18":"product-type-variable"},"_links":{"self":[{"href":"http:\/\/zaharascents.me\/me\/wp-json\/wp\/v2\/product\/5150","targetHints":{"allow":["GET"]}}],"collection":[{"href":"http:\/\/zaharascents.me\/me\/wp-json\/wp\/v2\/product"}],"about":[{"href":"http:\/\/zaharascents.me\/me\/wp-json\/wp\/v2\/types\/product"}],"wp:featuredmedia":[{"embeddable":true,"href":"http:\/\/zaharascents.me\/me\/wp-json\/wp\/v2\/media\/5174"}],"wp:attachment":[{"href":"http:\/\/zaharascents.me\/me\/wp-json\/wp\/v2\/media?parent=5150"}],"wp:term":[{"taxonomy":"product_brand","embeddable":true,"href":"http:\/\/zaharascents.me\/me\/wp-json\/wp\/v2\/product_brand?post=5150"},{"taxonomy":"product_cat","embeddable":true,"href":"http:\/\/zaharascents.me\/me\/wp-json\/wp\/v2\/product_cat?post=5150"},{"taxonomy":"product_tag","embeddable":true,"href":"http:\/\/zaharascents.me\/me\/wp-json\/wp\/v2\/product_tag?post=5150"}],"curies":[{"name":"wp","href":"https:\/\/api.w.org\/{rel}","templated":true}]}}