{"id":5154,"date":"2026-03-20T22:02:35","date_gmt":"2026-03-20T22:02:35","guid":{"rendered":"https:\/\/zaharascents.me\/?post_type=product&#038;p=5154"},"modified":"2026-04-26T20:41:55","modified_gmt":"2026-04-26T20:41:55","slug":"paris-corner-emir-a-walk-on-dirt","status":"publish","type":"product","link":"http:\/\/zaharascents.me\/me\/shop\/paris-corner-emir-a-walk-on-dirt\/","title":{"rendered":"Paris Corner Emir A Walk on Dirt"},"content":{"rendered":"<h5>Misti\u010dni potpis dimljenih smola<\/h5>\n<p class=\"translation-block\"><strong>Paris Corner Emir A Walk On Dirt<\/strong> je duboko zadivljuju\u0107a, mo\u0107na i majstorski kreirana parfemska voda koja kanali\u0161e sirovu, neukrotivu energiju zemlje. Dizajniran za hrabru, avangardnu osobu koja cijeni visoko kompleksan i nekonvencionalan parfem, ovaj miris je prava izjava tamne elegancije. Uz nevjerovatno dugotrajne i komanduju\u0107e performanse, ovaj parfem plete kompleksan oblak dimljenih smola, dubokog drveta i neo\u010dekivane slatko\u0107e, \u010dine\u0107i ga visoko svestranim, a opet duboko misterioznim parfemskim potpisom za dnevno no\u0161enje i no\u0107ne avanture.<\/p>\n<h5>Mirisni profil i kompozicija<\/h5>\n<p>Putovanje po\u010dinje izuzetno o\u0161trim i osve\u017eavaju\u0107im uvodom. Blistav, aromati\u010dan nalet zelenog \u010dempresa besprekorno je osvijetljen poletnom svjetlo\u0161\u0107u bergamota. Ovaj dinami\u010dni po\u010detak djeluje kao \u017eivopisna udica, uvla\u010de\u0107i vas u naizgled svje\u017e pejza\u017e prije nego \u0161to vas uroni u beskrajne dubine.<\/p>\n<p>Kako se parfem razvija, srce otkriva spektakularno tamno, toplo i slatko jezgro. Kompozicija se otvara robusnom snagom suve kedrovine, bogato obavijene dimljenom, balzami\u010dnom vrelinom ambera i labdanuma. Ova besprekorno kreirana srednja faza je neo\u010dekivano natopljena dekadentnom slatko\u0107om karamele, djeluju\u0107i kao visoko-oktanski most koji balansira sirovu drvenost sa zavisnom, primamljivom privla\u010dno\u0161\u0107u.<\/p>\n<p>U svojim zavr\u0161nim fazama, kompozicija se spu\u0161ta u izvanredno privla\u010dnu i komanduju\u0107u osnovu. Duboko zemljani, robusni talas tamnog vetivera predivno je usidren mekom, magneti\u010dnom privla\u010dno\u0161\u0107u mo\u0161usa i suptilnim \u0161apatom jasmina. Ovaj vi\u0161eslojni, senzualni fini\u0161 uzemljuje eksplozivne slatke i dimljene note, ostavljaju\u0107i neodoljiv, vulkanski i nevjerovatno dugotrajan trag na ko\u017ei.<\/p>","protected":false},"excerpt":{"rendered":"<p><strong>EMIR COLLECTION<\/strong><\/p>\n<p><strong>Unisex \/ Eau De Parfum \/ 100ml<\/strong><\/p>\n<p><strong>Inspiracija: <\/strong>Orto Parisi Terroni<\/p>\n<p><strong>Mirisni profil: <\/strong>Drveni, Amberni, Zemljani<\/p>\n<p><strong>Gornje note: <\/strong>\u010cempres, Bergamot<br \/>\n<strong>Srednje note: <\/strong>Kedrovina, Amber, Labdanum, Karamela<br \/>\n<strong>Bazne note: <\/strong>Vetiver, Mo\u0161us, Jasmin<\/p>","protected":false},"featured_media":5155,"template":"","meta":[],"product_brand":[180],"product_cat":[90,103,85],"product_tag":[202,188],"class_list":{"0":"post-5154","1":"product","2":"type-product","3":"status-publish","4":"has-post-thumbnail","6":"product_brand-paris-corner","7":"product_cat-eau-de-parfum","8":"product_cat-for-him","9":"product_cat-perfumes","10":"product_tag-emir-collection","11":"product_tag-paris-corner","13":"first","14":"instock","15":"taxable","16":"shipping-taxable","17":"purchasable","18":"product-type-variable"},"_links":{"self":[{"href":"http:\/\/zaharascents.me\/me\/wp-json\/wp\/v2\/product\/5154","targetHints":{"allow":["GET"]}}],"collection":[{"href":"http:\/\/zaharascents.me\/me\/wp-json\/wp\/v2\/product"}],"about":[{"href":"http:\/\/zaharascents.me\/me\/wp-json\/wp\/v2\/types\/product"}],"wp:featuredmedia":[{"embeddable":true,"href":"http:\/\/zaharascents.me\/me\/wp-json\/wp\/v2\/media\/5155"}],"wp:attachment":[{"href":"http:\/\/zaharascents.me\/me\/wp-json\/wp\/v2\/media?parent=5154"}],"wp:term":[{"taxonomy":"product_brand","embeddable":true,"href":"http:\/\/zaharascents.me\/me\/wp-json\/wp\/v2\/product_brand?post=5154"},{"taxonomy":"product_cat","embeddable":true,"href":"http:\/\/zaharascents.me\/me\/wp-json\/wp\/v2\/product_cat?post=5154"},{"taxonomy":"product_tag","embeddable":true,"href":"http:\/\/zaharascents.me\/me\/wp-json\/wp\/v2\/product_tag?post=5154"}],"curies":[{"name":"wp","href":"https:\/\/api.w.org\/{rel}","templated":true}]}}