{"id":5846,"date":"2026-04-05T21:51:58","date_gmt":"2026-04-05T21:51:58","guid":{"rendered":"https:\/\/zaharascents.me\/?page_id=5846"},"modified":"2026-04-08T23:43:09","modified_gmt":"2026-04-08T23:43:09","slug":"o-zahari","status":"publish","type":"page","link":"https:\/\/zaharascents.me\/me\/about-zahara\/","title":{"rendered":"About Zahara"},"content":{"rendered":"<div data-elementor-type=\"wp-page\" data-elementor-id=\"5846\" class=\"elementor elementor-5846\">\n\t\t\t\t\t\t<div class=\"elementor-section elementor-top-section elementor-element elementor-element-ec150cc elementor-section-full_width elementor-section-height-default elementor-section-height-default\" data-id=\"ec150cc\" data-element_type=\"section\" data-e-type=\"section\">\n\t\t\t\t\t\t<div class=\"elementor-container elementor-column-gap-no\">\n\t\t\t\t\t<div class=\"elementor-column elementor-col-100 elementor-top-column elementor-element elementor-element-79d6d50\" data-id=\"79d6d50\" data-element_type=\"column\" data-e-type=\"column\">\n\t\t\t<div class=\"elementor-widget-wrap elementor-element-populated\">\n\t\t\t\t\t\t<div class=\"elementor-element elementor-element-34dfda1 elementor-widget elementor-widget-cosmetsy-banner-box\" data-id=\"34dfda1\" data-element_type=\"widget\" data-e-type=\"widget\" data-widget_type=\"cosmetsy-banner-box.default\">\n\t\t\t\t<div class=\"elementor-widget-container\">\n\t\t\t\t\t<div class=\"module image-text style-10\"><div class=\"module--inner wide\"><div class=\"module-block image\"><img decoding=\"async\" src=\"https:\/\/zaharascents.me\/wp-content\/uploads\/2026\/04\/hero-02-gold-new.jpg\" alt=\"baner\"><\/div><\/div><div class=\"container\"><div class=\"module--inner\"><div class=\"row align-items-center\"><div class=\"col col-12 col-lg-7\"><div class=\"module-block text\"><h6 class=\"entry-subtitle f-size-10 mb-20 d-mb-35\">O nama<\/h6><h2 class=\"entry-title f-size-42 df-size-72 mb-20 d-mb-40\">Umjetnost mirisa. Va\u0161a esencija.<\/h2><p class=\"f-size-16 mb-20 d-mb-40\">Ne prodajemo samo parfeme. Mi pa\u017eljivo biramo mirisne identitete.<\/p><a href=\"https:\/\/zaharascents.me\/me\/ponuda\/\"  class=\"button light medium wide\">Pogledajte ponudu<\/a><\/div><\/div><\/div><\/div><\/div><\/div>\t\t\t\t<\/div>\n\t\t\t\t<\/div>\n\t\t\t\t\t<\/div>\n\t\t<\/div>\n\t\t\t\t\t<\/div>\n\t\t<\/div>\n\t\t\t\t<section class=\"elementor-section elementor-top-section elementor-element elementor-element-22c738b elementor-section-content-middle elementor-section-boxed elementor-section-height-default elementor-section-height-default\" data-id=\"22c738b\" data-element_type=\"section\" data-e-type=\"section\">\n\t\t\t\t\t\t<div class=\"elementor-container elementor-column-gap-extended\">\n\t\t\t\t\t<div class=\"elementor-column elementor-col-25 elementor-top-column elementor-element elementor-element-4ffef59\" data-id=\"4ffef59\" data-element_type=\"column\" data-e-type=\"column\">\n\t\t\t<div class=\"elementor-widget-wrap elementor-element-populated\">\n\t\t\t\t\t\t<div class=\"elementor-element elementor-element-cdca37f elementor-widget elementor-widget-heading\" data-id=\"cdca37f\" data-element_type=\"widget\" data-e-type=\"widget\" data-widget_type=\"heading.default\">\n\t\t\t\t\t<h2 class=\"elementor-heading-title elementor-size-default\">Spoj tradicije i savremenosti<\/h2>\t\t\t\t<\/div>\n\t\t\t\t<div class=\"elementor-element elementor-element-4cd469c elementor-widget elementor-widget-heading\" data-id=\"4cd469c\" data-element_type=\"widget\" data-e-type=\"widget\" data-widget_type=\"heading.default\">\n\t\t\t\t\t<p class=\"elementor-heading-title elementor-size-default\"><b style=\"color: #A98A5b\">Zahara Scents<\/b> po\u010diva na dubokom kontrastu izme\u0111u sirove tradicije i savremenog minimalizma. Kao stru\u010dnjaci za niche arapsku parfimeriju, odbacujemo kli\u0161ee i predstavljamo misterioznu dubinu Istoka kroz potpuno modernu, avangardnu prizmu. Na\u0161e pa\u017eljivo birane kolekcije u fokus stavljaju naj\u010distije ekstrakte ouda, sirovog ambera i tamnih cvjetnih nota \u2013 kreirane za one koji tra\u017ee odva\u017ean, beskompromisan mirisni pe\u010dat. Svaki parfem u na\u0161oj ponudi je remek-djelo, stvoreno da apsolutno osvoji prostor.<\/p>\t\t\t\t<\/div>\n\t\t\t\t<div class=\"elementor-element elementor-element-7cc1cea elementor-widget elementor-widget-heading\" data-id=\"7cc1cea\" data-element_type=\"widget\" data-e-type=\"widget\" data-widget_type=\"heading.default\">\n\t\t\t\t\t<p class=\"elementor-heading-title elementor-size-default\">Odbacujemo komercijalne trendove, fokusiraju\u0107i se na parfem kao apstraktnu umjetni\u010dku formu i najdublji li\u010dni pe\u010dat. Svaki brend u na\u0161oj ponudi je pa\u017eljivo biran kako bi se sa\u010duvao sirovi intenzitet bliskoisto\u010dnih tehnika, uzdi\u017eu\u0107i ih na nivo savremenog minimalizma. Na\u0161a misija je da Vas provedemo kroz ekskluzivnu mirisnu galeriju u kojoj se drevni elementi stapaju sa upe\u010datljivom savremeno\u0161\u0107u, osiguravaju\u0107i da parfem koji odaberete postane su\u0161tinski produ\u017eetak Va\u0161eg identiteta.<\/p>\t\t\t\t<\/div>\n\t\t\t\t\t<\/div>\n\t\t<\/div>\n\t\t\t\t<div class=\"elementor-column elementor-col-25 elementor-top-column elementor-element elementor-element-43dbf53\" data-id=\"43dbf53\" data-element_type=\"column\" data-e-type=\"column\">\n\t\t\t<div class=\"elementor-widget-wrap\">\n\t\t\t\t\t\t\t<\/div>\n\t\t<\/div>\n\t\t\t\t<div class=\"elementor-column elementor-col-50 elementor-top-column elementor-element elementor-element-dbe23ee\" data-id=\"dbe23ee\" data-element_type=\"column\" data-e-type=\"column\">\n\t\t\t<div class=\"elementor-widget-wrap elementor-element-populated\">\n\t\t\t\t\t\t<div class=\"elementor-element elementor-element-34c4465 elementor-widget elementor-widget-image\" data-id=\"34c4465\" data-element_type=\"widget\" data-e-type=\"widget\" data-widget_type=\"image.default\">\n\t\t\t\t\t\t\t\t\t\t\t\t\t\t\t<img fetchpriority=\"high\" decoding=\"async\" width=\"819\" height=\"1024\" src=\"https:\/\/zaharascents.me\/wp-content\/uploads\/2026\/04\/about-us-01-gold-new-819x1024.jpg\" class=\"attachment-large size-large wp-image-5975\" alt=\"\" srcset=\"https:\/\/zaharascents.me\/wp-content\/uploads\/2026\/04\/about-us-01-gold-new-819x1024.jpg 819w, https:\/\/zaharascents.me\/wp-content\/uploads\/2026\/04\/about-us-01-gold-new-240x300.jpg 240w, https:\/\/zaharascents.me\/wp-content\/uploads\/2026\/04\/about-us-01-gold-new-768x960.jpg 768w, https:\/\/zaharascents.me\/wp-content\/uploads\/2026\/04\/about-us-01-gold-new-600x750.jpg 600w, https:\/\/zaharascents.me\/wp-content\/uploads\/2026\/04\/about-us-01-gold-new-43x54.jpg 43w, https:\/\/zaharascents.me\/wp-content\/uploads\/2026\/04\/about-us-01-gold-new.jpg 1134w\" sizes=\"(max-width: 819px) 100vw, 819px\" \/>\t\t\t\t\t\t\t\t\t\t\t\t\t\t\t<\/div>\n\t\t\t\t\t<\/div>\n\t\t<\/div>\n\t\t\t\t\t<\/div>\n\t\t<\/section>\n\t\t\t\t<section class=\"elementor-section elementor-top-section elementor-element elementor-element-e44da55 elementor-section-content-middle elementor-reverse-mobile elementor-reverse-tablet elementor-section-boxed elementor-section-height-default elementor-section-height-default\" data-id=\"e44da55\" data-element_type=\"section\" data-e-type=\"section\">\n\t\t\t\t\t\t<div class=\"elementor-container elementor-column-gap-extended\">\n\t\t\t\t\t<div class=\"elementor-column elementor-col-33 elementor-top-column elementor-element elementor-element-9027a0d\" data-id=\"9027a0d\" data-element_type=\"column\" data-e-type=\"column\">\n\t\t\t<div class=\"elementor-widget-wrap elementor-element-populated\">\n\t\t\t\t\t\t<div class=\"elementor-element elementor-element-d0396c6 elementor-widget elementor-widget-image\" data-id=\"d0396c6\" data-element_type=\"widget\" data-e-type=\"widget\" data-widget_type=\"image.default\">\n\t\t\t\t\t\t\t\t\t\t\t\t\t\t\t<img decoding=\"async\" width=\"819\" height=\"1024\" src=\"https:\/\/zaharascents.me\/wp-content\/uploads\/2026\/04\/about-us-02-gold-819x1024.jpg\" class=\"attachment-large size-large wp-image-5962\" alt=\"\" srcset=\"https:\/\/zaharascents.me\/wp-content\/uploads\/2026\/04\/about-us-02-gold-819x1024.jpg 819w, https:\/\/zaharascents.me\/wp-content\/uploads\/2026\/04\/about-us-02-gold-240x300.jpg 240w, https:\/\/zaharascents.me\/wp-content\/uploads\/2026\/04\/about-us-02-gold-768x960.jpg 768w, https:\/\/zaharascents.me\/wp-content\/uploads\/2026\/04\/about-us-02-gold-600x750.jpg 600w, https:\/\/zaharascents.me\/wp-content\/uploads\/2026\/04\/about-us-02-gold-43x54.jpg 43w, https:\/\/zaharascents.me\/wp-content\/uploads\/2026\/04\/about-us-02-gold.jpg 1134w\" sizes=\"(max-width: 819px) 100vw, 819px\" \/>\t\t\t\t\t\t\t\t\t\t\t\t\t\t\t<\/div>\n\t\t\t\t\t<\/div>\n\t\t<\/div>\n\t\t\t\t<div class=\"elementor-column elementor-col-33 elementor-top-column elementor-element elementor-element-11d56e4\" data-id=\"11d56e4\" data-element_type=\"column\" data-e-type=\"column\">\n\t\t\t<div class=\"elementor-widget-wrap\">\n\t\t\t\t\t\t\t<\/div>\n\t\t<\/div>\n\t\t\t\t<div class=\"elementor-column elementor-col-33 elementor-top-column elementor-element elementor-element-2f39c38\" data-id=\"2f39c38\" data-element_type=\"column\" data-e-type=\"column\">\n\t\t\t<div class=\"elementor-widget-wrap elementor-element-populated\">\n\t\t\t\t\t\t<div class=\"elementor-element elementor-element-be4bebd elementor-widget elementor-widget-heading\" data-id=\"be4bebd\" data-element_type=\"widget\" data-e-type=\"widget\" data-widget_type=\"heading.default\">\n\t\t\t\t\t<h2 class=\"elementor-heading-title elementor-size-default\">Zahara do\u017eivljaj<\/h2>\t\t\t\t<\/div>\n\t\t\t\t<div class=\"elementor-element elementor-element-4581621 elementor-widget elementor-widget-heading\" data-id=\"4581621\" data-element_type=\"widget\" data-e-type=\"widget\" data-widget_type=\"heading.default\">\n\t\t\t\t\t<p class=\"elementor-heading-title elementor-size-default\">Pronalazak mirisnog pe\u010data nije samo stvar izbora; to je intimno, su\u0161tinsko otkri\u0107e. Zato je na\u0161 ekskluzivni butik u <b style=\"color: #A98A5b\">Crnoj Gori<\/b> dizajniran manje kao tradicionalni prodajni prostor, a vi\u0161e kao minimalisti\u010dka galerija. Ovdje buka spoljnog svijeta nestaje, omogu\u0107avaju\u0107i Vam da sa apsolutnim fokusom istra\u017eite na\u0161e rijetke, pa\u017eljivo odabrane kolekcije. Uz vo\u0111stvo na\u0161ih parfemskih eksperata, nudimo Vam personalizovane konsultacije kako bismo Vam pomogli da otkrijete apstraktne note koje savr\u0161eno odra\u017eavaju Va\u0161 jedinstveni karakter.<\/p>\t\t\t\t<\/div>\n\t\t\t\t<div class=\"elementor-element elementor-element-f44d881 elementor-widget elementor-widget-heading\" data-id=\"f44d881\" data-element_type=\"widget\" data-e-type=\"widget\" data-widget_type=\"heading.default\">\n\t\t\t\t\t<p class=\"elementor-heading-title elementor-size-default\">Vjerujemo da odabiru parfema treba pristupiti sa istim po\u0161tovanjem kao i odabiru vrhunskog umjetni\u010dkog djela. Od strukturalne te\u017eine geometrijskih bo\u010dica do svedenog, elegantnog dizajna na\u0161eg prostora, svaki element je namjenski osmi\u0161ljen da zaintrigira i probudi Va\u0161a \u010dula. Zakora\u010dite u na\u0161 svijet, uronite u na\u0161u konceptualnu estetiku i dozvolite nam da Va\u0161u neizgovorenu odva\u017enost preto\u010dimo u mirisni pe\u010dat koji postaje Va\u0161 ultimativni izraz.<\/p>\t\t\t\t<\/div>\n\t\t\t\t\t<\/div>\n\t\t<\/div>\n\t\t\t\t\t<\/div>\n\t\t<\/section>\n\t\t\t\t<section class=\"elementor-section elementor-top-section elementor-element elementor-element-a466206 elementor-section-boxed elementor-section-height-default elementor-section-height-default\" data-id=\"a466206\" data-element_type=\"section\" data-e-type=\"section\">\n\t\t\t\t\t\t<div class=\"elementor-container elementor-column-gap-extended\">\n\t\t\t\t\t<div class=\"elementor-column elementor-col-33 elementor-top-column elementor-element elementor-element-11222b6\" data-id=\"11222b6\" data-element_type=\"column\" data-e-type=\"column\">\n\t\t\t<div class=\"elementor-widget-wrap\">\n\t\t\t\t\t\t\t<\/div>\n\t\t<\/div>\n\t\t\t\t<div class=\"elementor-column elementor-col-33 elementor-top-column elementor-element elementor-element-b983e3f\" data-id=\"b983e3f\" data-element_type=\"column\" data-e-type=\"column\">\n\t\t\t<div class=\"elementor-widget-wrap elementor-element-populated\">\n\t\t\t\t\t\t<div class=\"elementor-element elementor-element-fc4ca09 elementor-widget elementor-widget-heading\" data-id=\"fc4ca09\" data-element_type=\"widget\" data-e-type=\"widget\" data-widget_type=\"heading.default\">\n\t\t\t\t\t<h2 class=\"elementor-heading-title elementor-size-default\">Beskompromisan kvalitet<\/h2>\t\t\t\t<\/div>\n\t\t\t\t<div class=\"elementor-element elementor-element-7130f7c elementor-widget elementor-widget-heading\" data-id=\"7130f7c\" data-element_type=\"widget\" data-e-type=\"widget\" data-widget_type=\"heading.default\">\n\t\t\t\t\t<p class=\"elementor-heading-title elementor-size-default\">Od te\u017eine staklene bo\u010dice do postojanih baznih nota na Va\u0161oj ko\u017ei, vjerujemo da se pravi luksuz krije u detaljima. Dobro do\u0161li u <b style=\"color: #A98A5b\">Zahara Scents<\/b> - Va\u0161u ultimativnu destinaciju za ekskluzivnu parfimeriju.<\/p>\t\t\t\t<\/div>\n\t\t\t\t\t<\/div>\n\t\t<\/div>\n\t\t\t\t<div class=\"elementor-column elementor-col-33 elementor-top-column elementor-element elementor-element-46d3871\" data-id=\"46d3871\" data-element_type=\"column\" data-e-type=\"column\">\n\t\t\t<div class=\"elementor-widget-wrap\">\n\t\t\t\t\t\t\t<\/div>\n\t\t<\/div>\n\t\t\t\t\t<\/div>\n\t\t<\/section>\n\t\t\t\t<\/div>","protected":false},"excerpt":{"rendered":"<p>About Us The Art of Scent. The Essence of You. We don\u2019t just sell perfumes. We curate olfactory identities. Shop Now Heritage Meets Modernity Zahara Scents is built on the profound contrast between raw tradition and contemporary minimalism. Specializing in niche Arabian perfumery, we strip away the expected, presenting the enigmatic depth of the East<\/p>\n<div class=\"klb-readmore entry-button\"><a class=\"button light alt medium\" href=\"https:\/\/zaharascents.me\/me\/about-zahara\/\">Read More<\/a><\/div>","protected":false},"author":1,"featured_media":0,"parent":0,"menu_order":0,"comment_status":"closed","ping_status":"closed","template":"","meta":{"footnotes":""},"class_list":["post-5846","page","type-page","status-publish","hentry"],"_links":{"self":[{"href":"https:\/\/zaharascents.me\/me\/wp-json\/wp\/v2\/pages\/5846","targetHints":{"allow":["GET"]}}],"collection":[{"href":"https:\/\/zaharascents.me\/me\/wp-json\/wp\/v2\/pages"}],"about":[{"href":"https:\/\/zaharascents.me\/me\/wp-json\/wp\/v2\/types\/page"}],"author":[{"embeddable":true,"href":"https:\/\/zaharascents.me\/me\/wp-json\/wp\/v2\/users\/1"}],"replies":[{"embeddable":true,"href":"https:\/\/zaharascents.me\/me\/wp-json\/wp\/v2\/comments?post=5846"}],"version-history":[{"count":395,"href":"https:\/\/zaharascents.me\/me\/wp-json\/wp\/v2\/pages\/5846\/revisions"}],"predecessor-version":[{"id":6880,"href":"https:\/\/zaharascents.me\/me\/wp-json\/wp\/v2\/pages\/5846\/revisions\/6880"}],"wp:attachment":[{"href":"https:\/\/zaharascents.me\/me\/wp-json\/wp\/v2\/media?parent=5846"}],"curies":[{"name":"wp","href":"https:\/\/api.w.org\/{rel}","templated":true}]}}