{"id":1964,"date":"2025-10-09T01:01:37","date_gmt":"2025-10-09T01:01:37","guid":{"rendered":"http:\/\/zaharascents.me\/?post_type=product&#038;p=1964"},"modified":"2026-04-25T17:37:52","modified_gmt":"2026-04-25T17:37:52","slug":"swiss-arabian-shaghaf-oud","status":"publish","type":"product","link":"https:\/\/zaharascents.me\/me\/shop\/swiss-arabian-shaghaf-oud\/","title":{"rendered":"Swiss Arabian Shaghaf Oud"},"content":{"rendered":"<h5>Zlatni zagrljaj pralina i ouda<\/h5>\n<p class=\"translation-block\"><strong>Swiss Arabian Shaghaf Oud<\/strong> je legendarna parfemska voda (<em>Eau de Parfum<\/em>) koja predstavlja zlatni standard moderne amber parfimerije. Smje\u0161ten u prepoznatljivu, potpuno zlatnu bo\u010dicu, ovaj parfem je nevjerovatna proslava apsolutne rasko\u0161i i neodoljive slatko\u0107e. Kreiran je za samouvjerene osobe koje tra\u017ee beskompromisan mirisni pe\u010dat \u2013 miris koji svog nosioca obavija aurom apsolutnog luksuza i osvaja svaki prostor u koji zakora\u010di.<\/p>\n<h5>Mirisni profil i kompozicija<\/h5>\n<p>Parfem se otvara izuzetno bogatim i upe\u010datljivim uvodom. Ko\u017enoj, suncem okupanoj toplini dragocjenog \u0161afrana odmah se pridru\u017euje prvi sna\u017eni talas tamnog ouda. Ovo dramati\u010dno i zlatno otvaranje momentalno intrigira \u010dula, postavljaju\u0107i maestralan i visoko sofisticiran ton od prve kapi.<\/p>\n<p>Kako se po\u010detni intenzitet razvija na ko\u017ei, srce parfema otkriva duboko romanti\u010dnu i gurmansku sr\u017e. Bezvremenska, bar\u0161unasta elegancija procvjetale ru\u017ee majstorski je ukomponovana sa neodoljivom, slatkom rasko\u0161i pralina. Ovaj izuzetni gurmanski centar savr\u0161eno je uravnote\u017een drugim, rezonantnim slojem ouda, stvaraju\u0107i o\u010daravaju\u0107i most izme\u0111u klasi\u010dne cvjetne ljepote i modernog luksuza.<\/p>\n<p>U svojim zavr\u0161nim fazama, kompozicija prelazi u izuzetno postojanu, toplu i senzualnu bazu. Ultimativni sloj \u010distog ouda besprekorno je obavijen kremastim, umiruju\u0107im bogatstvom zlatne vanile. Ovaj veli\u010danstveni zavr\u0161etak osigurava nezaboravan, dugotrajan mirisni trag koji zra\u010di toplinom, mo\u0107i i neodoljivim, slatkim magnetizmom koji traje satima.<\/p>","protected":false},"excerpt":{"rendered":"<p><strong>SHAGHAF KOLEKCIJA<\/strong> <\/p>\n<p><strong>Unisex \/ Eau de Parfum \/ 75ml<\/strong> <\/p>\n<p><strong>Mirisni profil: <\/strong>Drvenasti, Gurmanski, Amberni <\/p>\n<p><strong>Gornje note: <\/strong>\u0160afran, Oud <br \/>\n<strong>Srednje note: <\/strong>Ru\u017ea, Praline, Oud <br \/>\n<strong>Bazne note: <\/strong>Oud, Vanilija <\/p>","protected":false},"featured_media":8292,"template":"","meta":[],"product_brand":[84],"product_cat":[90,85,105],"product_tag":[88,87],"class_list":{"0":"post-1964","1":"product","2":"type-product","3":"status-publish","4":"has-post-thumbnail","6":"product_brand-swiss-arabian","7":"product_cat-eau-de-parfum","8":"product_cat-perfumes","9":"product_cat-unisex","10":"product_tag-shaghaf-collection","11":"product_tag-swiss-arabian","13":"first","14":"instock","15":"taxable","16":"shipping-taxable","17":"purchasable","18":"product-type-variable"},"_links":{"self":[{"href":"https:\/\/zaharascents.me\/me\/wp-json\/wp\/v2\/product\/1964","targetHints":{"allow":["GET"]}}],"collection":[{"href":"https:\/\/zaharascents.me\/me\/wp-json\/wp\/v2\/product"}],"about":[{"href":"https:\/\/zaharascents.me\/me\/wp-json\/wp\/v2\/types\/product"}],"wp:featuredmedia":[{"embeddable":true,"href":"https:\/\/zaharascents.me\/me\/wp-json\/wp\/v2\/media\/8292"}],"wp:attachment":[{"href":"https:\/\/zaharascents.me\/me\/wp-json\/wp\/v2\/media?parent=1964"}],"wp:term":[{"taxonomy":"product_brand","embeddable":true,"href":"https:\/\/zaharascents.me\/me\/wp-json\/wp\/v2\/product_brand?post=1964"},{"taxonomy":"product_cat","embeddable":true,"href":"https:\/\/zaharascents.me\/me\/wp-json\/wp\/v2\/product_cat?post=1964"},{"taxonomy":"product_tag","embeddable":true,"href":"https:\/\/zaharascents.me\/me\/wp-json\/wp\/v2\/product_tag?post=1964"}],"curies":[{"name":"wp","href":"https:\/\/api.w.org\/{rel}","templated":true}]}}