{"id":1990,"date":"2025-10-09T01:05:45","date_gmt":"2025-10-09T01:05:45","guid":{"rendered":"http:\/\/zaharascents.me\/?post_type=product&#038;p=1990"},"modified":"2026-04-25T17:45:27","modified_gmt":"2026-04-25T17:45:27","slug":"swiss-arabian-shaghaf-oud-ahmar","status":"publish","type":"product","link":"https:\/\/zaharascents.me\/me\/shop\/swiss-arabian-shaghaf-oud-ahmar\/","title":{"rendered":"Swiss Arabian Shaghaf Oud Ahmar"},"content":{"rendered":"<h5>Blistava privla\u010dnost vo\u0107a okupanog suncem<\/h5>\n<p class=\"translation-block\"><strong>Swiss Arabian Shaghaf Oud Ahmar<\/strong> je spektakularna parfemska voda koja zra\u010di \u010distom rado\u0161\u0107u, rasko\u0161i i modernom elegancijom. Smje\u0161ten u upe\u010datljivu crvenu bo\u010dicu, ovaj parfem je briljantno istra\u017eivanje toplog ambera i so\u010dnog vo\u0107a. Dizajniran je za osobe koje tra\u017ee vibrantan, uzdi\u017eu\u0107i mirisni pe\u010dat \u2013 miris koji tiho komunicira luksuz i za sobom ostavlja nezaboravnu, bezbri\u017enu uspomenu.<\/p>\n<h5>Mirisni profil i kompozicija<\/h5>\n<p>Parfem se otvara iskri\u010davim i briljantno svje\u017eim uvodom. Energi\u010dnost bergamota savr\u0161eno je uparena sa delikatnom, jutarnjom elegancijom irisa i frezije. Ovom blistavom cvjetno-citrusnom uvodu brzo se pridru\u017euje so\u010dni nalet slatke dinje i breskve, stvaraju\u0107i momentalno o\u010daravaju\u0107u i radosnu auru koja budi \u010dula.<\/p>\n<p>Kako se po\u010detna blistavost razvija na ko\u017ei, srce otkriva duboko rasko\u0161nu i bogatu sr\u017e. Svje\u017ei, hrskavi dodir zelene jabuke besprekorno se stapa sa bezvremenskom romantikom procvjetale ru\u017ee. Bogat, topli dodir dragocjenog zrna tonke i zlatnog ambera po\u010dinje da izranja iz pozadine, stvaraju\u0107i savr\u0161eno balansiranu srednju fazu koja je istovremeno rasko\u0161no slatka i zra\u010di sofisticirano\u0161\u0107u.<\/p>\n<p>U svojim zavr\u0161nim fazama, kompozicija prelazi u duboko toplu, drvenastu i izuzetno postojanu bazu. Luksuzni povjetarac zlatne vanile i nje\u017enog, puderastog mo\u0161usa majstorski je obavijen \u010dvrstom, zemljanom elegancijom kedra i sandalovine. Suptilni, utemeljuju\u0107i dodir veli\u010danstvenog ouda zaokru\u017euje ovaj izvrsni zavr\u0161etak, osiguravaju\u0107i dugotrajan, rasko\u0161an mirisni trag koji sa lako\u0107om o\u010darava svakoga ko Vam prekrsti put.<\/p>","protected":false},"excerpt":{"rendered":"<p><strong>SHAGHAF KOLEKCIJA<\/strong><\/p>\n<p><strong>Unisex \/ Eau de Parfum \/ 75ml<\/strong><\/p>\n<p><strong>Mirisni profil: <\/strong>Vo\u0107ni, Amberni, Drvenasti<\/p>\n<p><strong>Gornje note: <\/strong>Bergamot, Iris, Frezija, Dinja, Breskva<br \/>\n<strong>Srednje note: <\/strong>Tonka, Amber, Jabuka, Ru\u017ea<br \/>\n<strong>Bazne note: <\/strong>Kedar, Sandalovina, Amber, Vanila, Puderasti mo\u0161us, Oud<\/p>","protected":false},"featured_media":1991,"template":"","meta":[],"product_brand":[84],"product_cat":[90,85,105],"product_tag":[88,87],"class_list":{"0":"post-1990","1":"product","2":"type-product","3":"status-publish","4":"has-post-thumbnail","6":"product_brand-swiss-arabian","7":"product_cat-eau-de-parfum","8":"product_cat-perfumes","9":"product_cat-unisex","10":"product_tag-shaghaf-collection","11":"product_tag-swiss-arabian","13":"first","14":"instock","15":"taxable","16":"shipping-taxable","17":"purchasable","18":"product-type-variable"},"_links":{"self":[{"href":"https:\/\/zaharascents.me\/me\/wp-json\/wp\/v2\/product\/1990","targetHints":{"allow":["GET"]}}],"collection":[{"href":"https:\/\/zaharascents.me\/me\/wp-json\/wp\/v2\/product"}],"about":[{"href":"https:\/\/zaharascents.me\/me\/wp-json\/wp\/v2\/types\/product"}],"wp:featuredmedia":[{"embeddable":true,"href":"https:\/\/zaharascents.me\/me\/wp-json\/wp\/v2\/media\/1991"}],"wp:attachment":[{"href":"https:\/\/zaharascents.me\/me\/wp-json\/wp\/v2\/media?parent=1990"}],"wp:term":[{"taxonomy":"product_brand","embeddable":true,"href":"https:\/\/zaharascents.me\/me\/wp-json\/wp\/v2\/product_brand?post=1990"},{"taxonomy":"product_cat","embeddable":true,"href":"https:\/\/zaharascents.me\/me\/wp-json\/wp\/v2\/product_cat?post=1990"},{"taxonomy":"product_tag","embeddable":true,"href":"https:\/\/zaharascents.me\/me\/wp-json\/wp\/v2\/product_tag?post=1990"}],"curies":[{"name":"wp","href":"https:\/\/api.w.org\/{rel}","templated":true}]}}