{"id":1998,"date":"2025-10-09T01:04:55","date_gmt":"2025-10-09T01:04:55","guid":{"rendered":"http:\/\/zaharascents.me\/?post_type=product&#038;p=1998"},"modified":"2026-04-25T17:45:38","modified_gmt":"2026-04-25T17:45:38","slug":"swiss-arabian-shaghaf-oud-azraq","status":"publish","type":"product","link":"https:\/\/zaharascents.me\/me\/shop\/swiss-arabian-shaghaf-oud-azraq\/","title":{"rendered":"Swiss Arabian Shaghaf Oud Azraq"},"content":{"rendered":"<h5>Suvereni mirisni pe\u010dat medenog ouda<\/h5>\n<p class=\"translation-block\"><strong>Swiss Arabian Shaghaf Oud Azraq<\/strong> je izvanredna parfemska voda koja oli\u010dava tihu samouvjerenost istinskog luksuza i uspjeha. Smje\u0161ten u kraljevsko plavu bo\u010dicu, ovaj parfem je majstorska lekcija u suprotstavljanju bogate, zlatne slatko\u0107e i tamne, zemljane sofisticiranosti. Dizajniran je za pronicljive pojedince koji osvajaju svaku prostoriju bez podizanja glasa \u2013 miris koji tiho govori o besprekornom ukusu i neospornom autoritetu.<\/p>\n<h5>Mirisni profil i kompozicija<b><\/b><\/h5>\n<p>Parfem se otvara nevjerovatno rasko\u0161nim i primamljivim dualitetom. So\u010dna, zlatna slatko\u0107a bogatog meda preliva se direktno preko dragocjenog, dimljenog ouda, stvaraju\u0107i momentalnu auru mo\u0107i i zadovoljstva. Ovaj veli\u010danstveni uvod trenutno grije \u010dula, uspostavljaju\u0107i strastven i siguran ritam od prve kapi.<\/p>\n<p>Kako se ovaj luksuzni nektar razvija na ko\u017ei, srce otkriva duboko umiruju\u0107u, ali sna\u017eno za\u010dinjenu sr\u017e. Toplo, aromati\u010dno pucketanje cimeta majstorski se stapa sa svilenkastim, kremastim u\u017eitkom madagaskarske vanile i blistavog ambera. Ova sofisticirana srednja faza obavija nosioca bar\u0161unastim zagrljajem, savr\u0161eno balansiraju\u0107i tamne, drvenaste elemente sa zadivljuju\u0107om gurmanskom rasko\u0161i.<\/p>\n<p>U svojim zavr\u0161nim fazama, kompozicija prelazi u izuzetno postojanu, robusnu i senzualnu bazu. \u010cista rasko\u0161 fine, glatke ko\u017ee prelijepo je usidrena zemljanom, bogatom dubinom pa\u010dulija. Ovaj veli\u010danstveni zavr\u0161etak osigurava dugotrajan, magneti\u010dan mirisni trag koji ostavlja trajan utisak elegancije i apsolutnog trijumfa.<\/p>","protected":false},"excerpt":{"rendered":"<p><strong>SHAGHAF KOLEKCIJA<\/strong><\/p>\n<p><strong>Unisex \/ Eau de Parfum \/ 75ml<\/strong><\/p>\n<p><strong>Mirisni profil: <\/strong>Amberni, Drvenasti, Gurmanski<\/p>\n<p><strong>Gornje note: <\/strong>Med, Oud<br \/>\n<strong>Srednje note: <\/strong>Cimet, Amber, Madagaskarska vanila<br \/>\n<strong>Bazne note: <\/strong>Ko\u017ea, Pa\u010duli<\/p>","protected":false},"featured_media":1999,"template":"","meta":[],"product_brand":[84],"product_cat":[90,85,105],"product_tag":[88,87],"class_list":{"0":"post-1998","1":"product","2":"type-product","3":"status-publish","4":"has-post-thumbnail","6":"product_brand-swiss-arabian","7":"product_cat-eau-de-parfum","8":"product_cat-perfumes","9":"product_cat-unisex","10":"product_tag-shaghaf-collection","11":"product_tag-swiss-arabian","13":"first","14":"instock","15":"taxable","16":"shipping-taxable","17":"purchasable","18":"product-type-variable"},"_links":{"self":[{"href":"https:\/\/zaharascents.me\/me\/wp-json\/wp\/v2\/product\/1998","targetHints":{"allow":["GET"]}}],"collection":[{"href":"https:\/\/zaharascents.me\/me\/wp-json\/wp\/v2\/product"}],"about":[{"href":"https:\/\/zaharascents.me\/me\/wp-json\/wp\/v2\/types\/product"}],"wp:featuredmedia":[{"embeddable":true,"href":"https:\/\/zaharascents.me\/me\/wp-json\/wp\/v2\/media\/1999"}],"wp:attachment":[{"href":"https:\/\/zaharascents.me\/me\/wp-json\/wp\/v2\/media?parent=1998"}],"wp:term":[{"taxonomy":"product_brand","embeddable":true,"href":"https:\/\/zaharascents.me\/me\/wp-json\/wp\/v2\/product_brand?post=1998"},{"taxonomy":"product_cat","embeddable":true,"href":"https:\/\/zaharascents.me\/me\/wp-json\/wp\/v2\/product_cat?post=1998"},{"taxonomy":"product_tag","embeddable":true,"href":"https:\/\/zaharascents.me\/me\/wp-json\/wp\/v2\/product_tag?post=1998"}],"curies":[{"name":"wp","href":"https:\/\/api.w.org\/{rel}","templated":true}]}}