{"id":2006,"date":"2025-10-09T01:07:00","date_gmt":"2025-10-09T01:07:00","guid":{"rendered":"http:\/\/zaharascents.me\/?post_type=product&#038;p=2006"},"modified":"2026-04-25T17:43:27","modified_gmt":"2026-04-25T17:43:27","slug":"swiss-arabian-shaghaf-oud-elixir","status":"publish","type":"product","link":"https:\/\/zaharascents.me\/me\/shop\/swiss-arabian-shaghaf-oud-elixir\/","title":{"rendered":"Swiss Arabian Shaghaf Oud Elixir"},"content":{"rendered":"<h5>Ultimativna simfonija intenziviranog ouda<\/h5>\n<p class=\"translation-block\"><strong>Swiss Arabian Shaghaf Oud Elixir<\/strong> je izvanredna parfemska voda koja uzdi\u017ee ikoni\u010dni original u sferu nevi\u0111enog intenziteta i luksuza. Dizajniran kao maestralni nasljednik, ovaj parfem je smjela proslava poja\u010dane rasko\u0161i, stapaju\u0107i bogatu gurmansku slatko\u0107u sa dubokim drvenastim notama. Ovo je opojna kompozicija za poznavaoce koji zahtijevaju visoko zavisni\u010dki, mo\u0107an mirisni pe\u010dat koji prevazilazi o\u010dekivanja i ostavlja nezaboravan, magneti\u010dan trag.<\/p>\n<h5>Mirisni profil i kompozicija<\/h5>\n<p>Parfem se otvara trenutnim i neodoljivim naletom egzoti\u010dne topline. Zlatna, ko\u017ena toplina dragocjenog \u0161afrana briljantno je podstaknuta o\u0161trim, energi\u010dnim dodirom ru\u017ei\u010dastog bibera. Ovaj vibrantni uvod odmah najavljuje prvi talas veli\u010danstvenog ouda, postavljaju\u0107i duboko maestralan i dominantan ton od prve kapi.<\/p>\n<p>Kako se po\u010detni za\u010dini razvijaju na ko\u017ei, srce otkriva duboko kompleksnu i o\u010daravaju\u0107u sr\u017e. Bezvremenska, romanti\u010dna elegancija procvjetale ru\u017ee besprekorno se stapa sa slatkom, rasko\u0161nom indulgencijom pralina. Sofisticiran, aromati\u010dan dodir \u017ealfije prelijepo presijeca to bogatstvo, dok drugi, dublji sloj sna\u017enog ouda usidruje centar, stvaraju\u0107i savr\u0161en most izme\u0111u gurmanskog u\u017eitka i drevne misterije.<\/p>\n<p>U svojim zavr\u0161nim fazama, kompozicija prelazi u izuzetno postojanu, toplu i senzualnu bazu. Ultimativni, intenzivirani sloj \u010distog ouda majstorski je obavijen umiruju\u0107om slatko\u0107om zlatne vanile i bogatog ambera. Veo \u010distog, zavodljivog mo\u0161usa osigurava o\u010daravaju\u0107i, bar\u0161unast zavr\u0161etak koji satima zra\u010di apsolutnom samouvjereno\u0161\u0107u i besprekornim luksuzom.<\/p>","protected":false},"excerpt":{"rendered":"<p><strong>SHAGHAF KOLEKCIJA<\/strong><\/p>\n<p><strong>Unisex \/ Eau de Parfum \/ 75ml<\/strong><\/p>\n<p><strong>Mirisni profil: <\/strong>Drvenasti, Gurmanski, Amberni<\/p>\n<p><strong>Gornje note: <\/strong>\u0160afran, Oud, Ru\u017ei\u010dasti biber<br \/>\n<strong>Srednje note: <\/strong>Ru\u017ea, Praline, Oud, \u017dalfija<br \/>\n<strong>Bazne note: <\/strong>Oud, Vanila, Amber, Mo\u0161us<\/p>","protected":false},"featured_media":2007,"template":"","meta":[],"product_brand":[84],"product_cat":[90,85,105],"product_tag":[88,87],"class_list":{"0":"post-2006","1":"product","2":"type-product","3":"status-publish","4":"has-post-thumbnail","6":"product_brand-swiss-arabian","7":"product_cat-eau-de-parfum","8":"product_cat-perfumes","9":"product_cat-unisex","10":"product_tag-shaghaf-collection","11":"product_tag-swiss-arabian","13":"first","14":"instock","15":"taxable","16":"shipping-taxable","17":"purchasable","18":"product-type-variable"},"_links":{"self":[{"href":"https:\/\/zaharascents.me\/me\/wp-json\/wp\/v2\/product\/2006","targetHints":{"allow":["GET"]}}],"collection":[{"href":"https:\/\/zaharascents.me\/me\/wp-json\/wp\/v2\/product"}],"about":[{"href":"https:\/\/zaharascents.me\/me\/wp-json\/wp\/v2\/types\/product"}],"wp:featuredmedia":[{"embeddable":true,"href":"https:\/\/zaharascents.me\/me\/wp-json\/wp\/v2\/media\/2007"}],"wp:attachment":[{"href":"https:\/\/zaharascents.me\/me\/wp-json\/wp\/v2\/media?parent=2006"}],"wp:term":[{"taxonomy":"product_brand","embeddable":true,"href":"https:\/\/zaharascents.me\/me\/wp-json\/wp\/v2\/product_brand?post=2006"},{"taxonomy":"product_cat","embeddable":true,"href":"https:\/\/zaharascents.me\/me\/wp-json\/wp\/v2\/product_cat?post=2006"},{"taxonomy":"product_tag","embeddable":true,"href":"https:\/\/zaharascents.me\/me\/wp-json\/wp\/v2\/product_tag?post=2006"}],"curies":[{"name":"wp","href":"https:\/\/api.w.org\/{rel}","templated":true}]}}