{"id":2014,"date":"2025-10-09T01:08:47","date_gmt":"2025-10-09T01:08:47","guid":{"rendered":"http:\/\/zaharascents.me\/?post_type=product&#038;p=2014"},"modified":"2026-04-25T17:42:52","modified_gmt":"2026-04-25T17:42:52","slug":"swiss-arabian-shaghaf-oud-royale","status":"publish","type":"product","link":"https:\/\/zaharascents.me\/me\/shop\/swiss-arabian-shaghaf-oud-royale\/","title":{"rendered":"Swiss Arabian Shaghaf Oud Royale"},"content":{"rendered":"<h5>Veli\u010danstvena kruna \u0161afrana i ouda<\/h5>\n<p class=\"translation-block\"><strong>Swiss Arabian Shaghaf Oud Royale<\/strong> je majstorska parfemska voda koja oli\u010dava samu su\u0161tinu plemenitosti, elegancije i dominantnog prisustva. Ovaj parfem je izvanredno mirisno putovanje koje prelijepo spaja aromati\u010dni mir sa dubokim, drvenastim karakterom. Dizajniran je za prefinjene pojedince koji tra\u017ee mirisni pe\u010dat apsolutne distinkcije \u2013 parfem koji ostavlja neizbrisiv trag sofisticiranosti i mo\u0107i.<\/p>\n<h5>Mirisni profil i kompozicija<\/h5>\n<p>Parfem se otvara o\u010daravaju\u0107im i luksuznim kontrastom svjetla i sjenke. Zlatna, ko\u017ena toplina dragocjenog \u0161afrana majstorski je isprepletena sa umiruju\u0107om, biljnom elegancijom lavande. Ovaj zadivljuju\u0107i uvod momentalno baca \u010dini, stvaraju\u0107i auru rasko\u0161nog mira koja poziva \u010dula u svijet \u010diste prefinjenosti od prve kapi.<\/p>\n<p>Kako se po\u010detna aromati\u010dna svje\u017eina razvija na ko\u017ei, srce otkriva duboko o\u010daravaju\u0107u i kraljevsku sr\u017e. Veli\u010danstvena, smolasta dubina dragocjenog ouda zauzima centralnu scenu, savr\u0161eno za\u010dinjena toplom, blago slatkom rezonancom mu\u0161katnog ora\u0161\u010di\u0107a. Ova sofisticirana srednja faza odi\u0161e aurom duboke misterije i intrige, djeluju\u0107i kao mo\u0107an most izme\u0111u umiruju\u0107ih gornjih nota i zemljanog temelja.<\/p>\n<p>U svojim zavr\u0161nim fazama, kompozicija prelazi u izuzetno postojanu, senzualnu i zemljanu bazu. Tamno, misteriozno bogatstvo pa\u010dulija majstorski je obavijeno velom \u010distog, zavodljivog mo\u0161usa. Ovaj veli\u010danstveni zavr\u0161etak osigurava sna\u017ean i zadivljuju\u0107i mirisni trag, ostavljaju\u0107i trajan utisak bezvremenske elegancije i neosporne, magnetne privla\u010dnosti.<\/p>","protected":false},"excerpt":{"rendered":"<p><strong>SHAGHAF KOLEKCIJA<\/strong><\/p>\n<p><strong>Unisex \/ Eau de Parfum \/ 75ml<\/strong><\/p>\n<p><strong>Mirisni profil: <\/strong>Drvenasti, Za\u010dinski, Aromati\u010dni<\/p>\n<p><strong>Gornje note: <\/strong>\u0160afran, Lavanda<br \/>\n<strong>Srednje note: <\/strong>Oud, Mu\u0161katni ora\u0161\u010di\u0107<br \/>\n<strong>Bazne note: <\/strong>Mo\u0161us, Pa\u010duli<\/p>","protected":false},"featured_media":2015,"template":"","meta":[],"product_brand":[84],"product_cat":[90,85,105],"product_tag":[88,87],"class_list":{"0":"post-2014","1":"product","2":"type-product","3":"status-publish","4":"has-post-thumbnail","6":"product_brand-swiss-arabian","7":"product_cat-eau-de-parfum","8":"product_cat-perfumes","9":"product_cat-unisex","10":"product_tag-shaghaf-collection","11":"product_tag-swiss-arabian","13":"first","14":"instock","15":"taxable","16":"shipping-taxable","17":"purchasable","18":"product-type-variable"},"_links":{"self":[{"href":"https:\/\/zaharascents.me\/me\/wp-json\/wp\/v2\/product\/2014","targetHints":{"allow":["GET"]}}],"collection":[{"href":"https:\/\/zaharascents.me\/me\/wp-json\/wp\/v2\/product"}],"about":[{"href":"https:\/\/zaharascents.me\/me\/wp-json\/wp\/v2\/types\/product"}],"wp:featuredmedia":[{"embeddable":true,"href":"https:\/\/zaharascents.me\/me\/wp-json\/wp\/v2\/media\/2015"}],"wp:attachment":[{"href":"https:\/\/zaharascents.me\/me\/wp-json\/wp\/v2\/media?parent=2014"}],"wp:term":[{"taxonomy":"product_brand","embeddable":true,"href":"https:\/\/zaharascents.me\/me\/wp-json\/wp\/v2\/product_brand?post=2014"},{"taxonomy":"product_cat","embeddable":true,"href":"https:\/\/zaharascents.me\/me\/wp-json\/wp\/v2\/product_cat?post=2014"},{"taxonomy":"product_tag","embeddable":true,"href":"https:\/\/zaharascents.me\/me\/wp-json\/wp\/v2\/product_tag?post=2014"}],"curies":[{"name":"wp","href":"https:\/\/api.w.org\/{rel}","templated":true}]}}