{"id":2022,"date":"2025-10-09T01:06:58","date_gmt":"2025-10-09T01:06:58","guid":{"rendered":"http:\/\/zaharascents.me\/?post_type=product&#038;p=2022"},"modified":"2026-04-25T17:44:01","modified_gmt":"2026-04-25T17:44:01","slug":"swiss-arabian-shaghaf-oud-tonka","status":"publish","type":"product","link":"https:\/\/zaharascents.me\/me\/shop\/swiss-arabian-shaghaf-oud-tonka\/","title":{"rendered":"Swiss Arabian Shaghaf Oud Tonka"},"content":{"rendered":"<h5>Neodoljiva privla\u010dnost badema i tonke<\/h5>\n<p class=\"translation-block\"><strong>Swiss Arabian Shaghaf Oud Tonka<\/strong> je zadivljuju\u0107a parfemska voda koja otkriva o\u010daravaju\u0107i i visoko zavisni\u010dki svijet gurmanske elegancije. Ovaj parfem je majstorski spoj umiruju\u0107e slatko\u0107e i sofisticiranih drvenastim dubina, smje\u0161ten u upe\u010datljivu tirkiznu bo\u010dicu. Dizajniran je za moderne pojedince koji tra\u017ee nezaboravan, neodoljiv mirisni pe\u010dat \u2013 miris koji zra\u010di toplinom, senzualnim \u0161armom i apsolutnim luksuzom.<\/p>\n<h5>Mirisni profil i kompozicija<\/h5>\n<p>Parfem se otvara briljantno primamljivim i energi\u010dnim naletom slatkog badema. Ovaj momentalno zadivljuju\u0107i, ora\u0161asti uvod postavlja veli\u010danstvenu scenu, stvaraju\u0107i umiruju\u0107u, ali luksuznu auru koja isku\u0161ava \u010dula od prve kapi. To je smjelo otvaranje koje savr\u0161eno najavljuje bogatu kompleksnost koja slijedi.<\/p>\n<p>Kako se po\u010detna gurmanska svje\u017eina razvija na ko\u017ei, srce otkriva duboko romanti\u010dnu i nje\u017eno za\u010dinjenu sr\u017e. Toplo, aromati\u010dno pucketanje kore cimeta besprekorno se stapa sa delikatnom, eteri\u010dnom elegancijom tuni\u017eanskog cvijeta narand\u017ee i bezvremenskom ljepotom turske ru\u017ee. Ova sofisticirana srednja faza stvara o\u010daravaju\u0107u harmoniju, savr\u0161eno balansiraju\u0107i za\u010dinsku toplinu sa prefinjenom, cvjetnom graciozno\u0161\u0107u.<\/p>\n<p>U svojim zavr\u0161nim fazama, kompozicija prelazi u duboko senzualnu i besprekorno postojanu bazu. Zvijezda predstave \u2013 dragocjeno zrno tonke \u2013 pru\u017ea topli zagrljaj sli\u010dan bademu koji je potpuno opijaju\u0107i. Ovaj bogati centar je majstorski obavijen kremastom slatko\u0107om zlatne vanile i \u010dvrstom, zemljanom privla\u010dno\u0161\u0107u amber drveta. Ovaj veli\u010danstveni zavr\u0161etak osigurava bar\u0161unast, dugotrajan mirisni trag koji o\u010darava svakoga ko se na\u0111e u Va\u0161oj blizini.<\/p>","protected":false},"excerpt":{"rendered":"<p><strong>SHAGHAF KOLEKCIJA<\/strong><\/p>\n<p><strong>Unisex \/ Eau de Parfum \/ 75ml<\/strong><\/p>\n<p><strong>Mirisni profil: <\/strong>Gurmanski, Amberni, Drvenasti<\/p>\n<p><strong>Gornje note: <\/strong>Badem<br \/>\n<strong>Srednje note: <\/strong>Kora cimeta, Tuni\u017eanski cvijet narand\u017ee, Turska ru\u017ea<br \/>\n<strong>Bazne note: <\/strong>Tonka, Vanila, Amber drvo<\/p>","protected":false},"featured_media":2023,"template":"","meta":[],"product_brand":[84],"product_cat":[90,85,105],"product_tag":[88,87],"class_list":{"0":"post-2022","1":"product","2":"type-product","3":"status-publish","4":"has-post-thumbnail","6":"product_brand-swiss-arabian","7":"product_cat-eau-de-parfum","8":"product_cat-perfumes","9":"product_cat-unisex","10":"product_tag-shaghaf-collection","11":"product_tag-swiss-arabian","13":"first","14":"instock","15":"taxable","16":"shipping-taxable","17":"purchasable","18":"product-type-variable"},"_links":{"self":[{"href":"https:\/\/zaharascents.me\/me\/wp-json\/wp\/v2\/product\/2022","targetHints":{"allow":["GET"]}}],"collection":[{"href":"https:\/\/zaharascents.me\/me\/wp-json\/wp\/v2\/product"}],"about":[{"href":"https:\/\/zaharascents.me\/me\/wp-json\/wp\/v2\/types\/product"}],"wp:featuredmedia":[{"embeddable":true,"href":"https:\/\/zaharascents.me\/me\/wp-json\/wp\/v2\/media\/2023"}],"wp:attachment":[{"href":"https:\/\/zaharascents.me\/me\/wp-json\/wp\/v2\/media?parent=2022"}],"wp:term":[{"taxonomy":"product_brand","embeddable":true,"href":"https:\/\/zaharascents.me\/me\/wp-json\/wp\/v2\/product_brand?post=2022"},{"taxonomy":"product_cat","embeddable":true,"href":"https:\/\/zaharascents.me\/me\/wp-json\/wp\/v2\/product_cat?post=2022"},{"taxonomy":"product_tag","embeddable":true,"href":"https:\/\/zaharascents.me\/me\/wp-json\/wp\/v2\/product_tag?post=2022"}],"curies":[{"name":"wp","href":"https:\/\/api.w.org\/{rel}","templated":true}]}}