{"id":2047,"date":"2025-10-09T02:03:31","date_gmt":"2025-10-09T02:03:31","guid":{"rendered":"http:\/\/zaharascents.me\/?post_type=product&#038;p=2047"},"modified":"2026-04-20T18:07:22","modified_gmt":"2026-04-20T18:07:22","slug":"swiss-arabian-oud-01","status":"publish","type":"product","link":"https:\/\/zaharascents.me\/me\/shop\/swiss-arabian-oud-01\/","title":{"rendered":"Swiss Arabian Oud 01"},"content":{"rendered":"<h5>Vje\u010dito naslje\u0111e dragocjenog ouda<\/h5>\n<p class=\"translation-block\"><strong>Swiss Arabian Oud 01<\/strong> je definitivno remek-djelo presti\u017ene Heritage kolekcije, predstavljeno kao visoko koncentrisani <em>Extrait de Parfum<\/em>. Ovaj parfem je luksuzno mirisno putovanje koje slavi najcjenjeniji sastojak u parfimeriji \u2013 Oud \u2013 okru\u017euju\u0107i ga slojevima neo\u010dekivane slatko\u0107e i cvjetne rasko\u0161i. Kreiran je za poznavaoce koji tra\u017ee mirisni pe\u010dat apsolutnog autoriteta, spajaju\u0107i drevnu tradiciju sa prefinjenim, savremenim karakterom.<\/p>\n<h5>Mirisni profil i kompozicija<\/h5>\n<p>Parfem se otvara blistavim i primamljivim kontrastom. Slatka, so\u010dna energija zrele maline majstorski je suprotstavljena hladnom, zelenom dahu listova ljubi\u010dice. Dodir egzoti\u010dnog kumina sije\u010de tu slatko\u0107u, zagrijavaju\u0107i put za \u010dula i stvaraju\u0107i trenutnu auru intrige. Ovaj blistavi uvod postavlja sofisticiran ton, najavljuju\u0107i putovanje koje je istovremeno prijatno i duboko misteriozno.<\/p>\n<p>U svom srcu, Oud 01 otkriva veli\u010danstvenu i rasko\u0161nu sr\u017e. Senzualni talas dragocjene turske ru\u017ee prelijepo je isprepleten sa za\u010dinskom rezonancom kardamoma i delikatnom, eteri\u010dnom slatko\u0107om \u0111ur\u0111evka. Ova sofisticirana srednja faza stvara o\u010daravaju\u0107u harmoniju, gdje cvjetna elegancija djeluje kao most ka tamnijim, misterioznijim elementima, rezultiraju\u0107i mirisom koji pulsira vibrantnom, ritmi\u010dnom energijom.<\/p>\n<p>U svojim zavr\u0161nim fazama, kompozicija prelazi u izuzetno toplu, zemljanu i beskrajno postojanu bazu. Zvijezda predstave \u2013 dragocjeni, \u010duvani oud \u2013 izranja u svom punom sjaju, majstorski obavijen bogatim akordom zlatnog ambera i glatkom, prefinjenom ko\u017eom. Ovaj veli\u010danstveni zavr\u0161etak osigurava nezaboravan mirisni trag koji zra\u010di samopouzdanjem i bezvremenskom snagom, ostavljaju\u0107i utisak besprekornog luksuza koji traje danima.<\/p>","protected":false},"excerpt":{"rendered":"<p><strong>HERITAGE KOLEKCIJA<\/strong><\/p>\n<p><strong>Unisex \/ Extrait De Parfum \/ 50ml<\/strong><\/p>\n<p><strong>Mirisni profil: <\/strong>Amberni, Cvjetni, Drvenasti<\/p>\n<p><strong>Gornje note: <\/strong>Malina, List ljubi\u010dice, Kumin<br \/>\n<strong>Srednje note: <\/strong>Turska ru\u017ea, Kardamom, \u0110ur\u0111evak<br \/>\n<strong>Bazne note: <\/strong>Amber, Ko\u017ea, Oud<\/p>","protected":false},"featured_media":2048,"template":"","meta":[],"product_brand":[84],"product_cat":[91,85,105],"product_tag":[89,87],"class_list":{"0":"post-2047","1":"product","2":"type-product","3":"status-publish","4":"has-post-thumbnail","6":"product_brand-swiss-arabian","7":"product_cat-extrait-de-parfum","8":"product_cat-perfumes","9":"product_cat-unisex","10":"product_tag-heritage-collection","11":"product_tag-swiss-arabian","13":"first","14":"instock","15":"taxable","16":"shipping-taxable","17":"purchasable","18":"product-type-variable"},"_links":{"self":[{"href":"https:\/\/zaharascents.me\/me\/wp-json\/wp\/v2\/product\/2047","targetHints":{"allow":["GET"]}}],"collection":[{"href":"https:\/\/zaharascents.me\/me\/wp-json\/wp\/v2\/product"}],"about":[{"href":"https:\/\/zaharascents.me\/me\/wp-json\/wp\/v2\/types\/product"}],"wp:featuredmedia":[{"embeddable":true,"href":"https:\/\/zaharascents.me\/me\/wp-json\/wp\/v2\/media\/2048"}],"wp:attachment":[{"href":"https:\/\/zaharascents.me\/me\/wp-json\/wp\/v2\/media?parent=2047"}],"wp:term":[{"taxonomy":"product_brand","embeddable":true,"href":"https:\/\/zaharascents.me\/me\/wp-json\/wp\/v2\/product_brand?post=2047"},{"taxonomy":"product_cat","embeddable":true,"href":"https:\/\/zaharascents.me\/me\/wp-json\/wp\/v2\/product_cat?post=2047"},{"taxonomy":"product_tag","embeddable":true,"href":"https:\/\/zaharascents.me\/me\/wp-json\/wp\/v2\/product_tag?post=2047"}],"curies":[{"name":"wp","href":"https:\/\/api.w.org\/{rel}","templated":true}]}}