{"id":2055,"date":"2025-10-09T02:04:15","date_gmt":"2025-10-09T02:04:15","guid":{"rendered":"http:\/\/zaharascents.me\/?post_type=product&#038;p=2055"},"modified":"2026-04-20T18:07:02","modified_gmt":"2026-04-20T18:07:02","slug":"swiss-arabian-oud-07","status":"publish","type":"product","link":"https:\/\/zaharascents.me\/me\/shop\/swiss-arabian-oud-07\/","title":{"rendered":"Swiss Arabian Oud 07"},"content":{"rendered":"<h5>Zlatni odjek gurmanske rasko\u0161i<\/h5>\n<p class=\"translation-block\"><strong>Swiss Arabian Oud 07<\/strong> je krunski dragulj presti\u017ene Heritage kolekcije, predstavljen kao visoko koncentrisani <em>Extrait de Parfum<\/em>. Ovaj parfem je hrabra izjava luksuza, gdje se drevna misterija ouda susre\u0107e sa neodoljivom privla\u010dno\u0161\u0107u modernih gurmanskih nota. Kreiran za one koji osvajaju pa\u017enju elegancijom i mo\u0107i, ostavlja o\u010daravaju\u0107i mirisni trag zlata i bar\u0161una koji defini\u0161e samu su\u0161tinu uspjeha.<\/p>\n<h5>Mirisni profil i kompozicija<\/h5>\n<p>Parfem se otvara blistavim i sofisticiranim naletom dragocjenog \u0161afrana i procvjetale ru\u017ee. Visoko cijenjen zbog svoje zlatne, ko\u017ene topline, \u0161afran momentalno uzdi\u017ee cvjetnu eleganciju ru\u017ee, stvaraju\u0107i atmosferu trenutne rasko\u0161i. Ovaj blistavi uvod postavlja veli\u010danstven ton, pozivaju\u0107i \u010dula u svijet neuporedivog bogatstva i svjetlosti.<\/p>\n<p>At its heart, Oud 07 reveals a breathtakingly indulgent and complex core. A \u201cmouth-watering\u201d note of sweet praline is masterfully intertwined with the structural, spicy resonance of Akigalawood and the deep, sacred pulse of Oud Wood. A veil of white amber wraps around these woody elements, creating a bridge between earthy strength and crystalline sweetness. This sophisticated middle stage ensures a scent that is both ruggedly powerful and sensually inviting.<\/p>\n<p>In its final stages, the composition descends into a profoundly warm, creamy, and everlasting foundation. The comforting sweetness of golden vanilla provides a smooth, indulgent finish, while clean white musk ensures a long-lasting, sophisticated sillage. This magnificent dry-down leaves an indelible mark of luxury, radiating an aura of impeccable taste and \u201cboundless\u201d confidence that lasts for days.<\/p>","protected":false},"excerpt":{"rendered":"<p><strong>HERITAGE KOLEKCIJA<\/strong><\/p>\n<p><strong>Unisex \/ Extrait De Parfum \/ 50ml<\/strong><\/p>\n<p><strong>Mirisni profil: <\/strong>Drvenasti, Gurmanski, Amberni<\/p>\n<p><strong>Gornje note: <\/strong>\u0160afran, Ru\u017ea<br \/>\n<strong>Srednje note: <\/strong>Praline, Akigala drvo, Oud drvo, Bijeli amber<br \/>\n<strong>Bazne note: <\/strong>Vanila, Mo\u0161us<\/p>","protected":false},"featured_media":2056,"template":"","meta":[],"product_brand":[84],"product_cat":[91,85,105],"product_tag":[89,87],"class_list":{"0":"post-2055","1":"product","2":"type-product","3":"status-publish","4":"has-post-thumbnail","6":"product_brand-swiss-arabian","7":"product_cat-extrait-de-parfum","8":"product_cat-perfumes","9":"product_cat-unisex","10":"product_tag-heritage-collection","11":"product_tag-swiss-arabian","13":"first","14":"instock","15":"taxable","16":"shipping-taxable","17":"purchasable","18":"product-type-variable"},"_links":{"self":[{"href":"https:\/\/zaharascents.me\/me\/wp-json\/wp\/v2\/product\/2055","targetHints":{"allow":["GET"]}}],"collection":[{"href":"https:\/\/zaharascents.me\/me\/wp-json\/wp\/v2\/product"}],"about":[{"href":"https:\/\/zaharascents.me\/me\/wp-json\/wp\/v2\/types\/product"}],"wp:featuredmedia":[{"embeddable":true,"href":"https:\/\/zaharascents.me\/me\/wp-json\/wp\/v2\/media\/2056"}],"wp:attachment":[{"href":"https:\/\/zaharascents.me\/me\/wp-json\/wp\/v2\/media?parent=2055"}],"wp:term":[{"taxonomy":"product_brand","embeddable":true,"href":"https:\/\/zaharascents.me\/me\/wp-json\/wp\/v2\/product_brand?post=2055"},{"taxonomy":"product_cat","embeddable":true,"href":"https:\/\/zaharascents.me\/me\/wp-json\/wp\/v2\/product_cat?post=2055"},{"taxonomy":"product_tag","embeddable":true,"href":"https:\/\/zaharascents.me\/me\/wp-json\/wp\/v2\/product_tag?post=2055"}],"curies":[{"name":"wp","href":"https:\/\/api.w.org\/{rel}","templated":true}]}}