{"id":2063,"date":"2025-10-09T02:06:09","date_gmt":"2025-10-09T02:06:09","guid":{"rendered":"http:\/\/zaharascents.me\/?post_type=product&#038;p=2063"},"modified":"2026-04-20T18:06:30","modified_gmt":"2026-04-20T18:06:30","slug":"svicarski-arapski-mosus-74-puder","status":"publish","type":"product","link":"https:\/\/zaharascents.me\/me\/shop\/swiss-arabian-musk-74-poudre\/","title":{"rendered":"Swiss Arabian Musk 74 Poudr\u00e9"},"content":{"rendered":"<h5>Eteri\u010dni veo nebeske \u010distote<\/h5>\n<p class=\"translation-block\"><strong>Swiss Arabian Musk 74 Poudr\u00e9<\/strong> je blistavi dragulj iz presti\u017ene Heritage kolekcije, predstavljen kao visoko koncentrisani <em>Extrait de Parfum<\/em>. Ovaj parfem je poeti\u010dna posveta spokoju i eleganciji, hvataju\u0107i meku, prozra\u010dnu su\u0161tinu neba bez obla\u010dka. Kreiran je za osobu koja tra\u017ei \"second-skin\" mirisni pe\u010dat \u2013 parfem koji zra\u010di prefinjeno\u0161\u0107u, \u010disto\u0107om i bezvremenskom, puderastom sofisticirano\u0161\u0107u.<\/p>\n<h5>Mirisni profil i kompozicija<\/h5>\n<p>Parfem se otvara blistavim i kristalnim naletom aldehidnih nota, savr\u0161eno uskla\u0111enih sa \u010distim, eteri\u010dnim dahom bijelog mo\u0161usa. Egzoti\u010dna, kremasta slatko\u0107a ylang-ylanga provla\u010di se kroz ovaj blistavi uvod, stvaraju\u0107i trenutan osje\u0107aj topline i svjetlosti. Ovo briljantno otvaranje pru\u017ea momentalni nalet jasno\u0107e, postavljaju\u0107i spokojan ton za rasko\u0161no putovanje koje slijedi.<\/p>\n<p>U svom srcu, Musk 74 Poudr\u00e9 otkriva veli\u010danstven i bar\u0161unast cvjetni buket. Elegantna, puderasta privla\u010dnost irisa i heliotropa besprekorno je isprepletena sa delikatnim rasprskavanjem bijelog cvije\u0107a. Ova sofisticirana srednja faza obavija onoga ko ga nosi poput mekog ogrta\u010da od \u0161ifona, evociraju\u0107i osje\u0107aj veli\u010danstvenog sjaja i hvataju\u0107i pulsiraju\u0107e srce \u010diste, cvjetne kraljevske elegancije.<\/p>\n<p>U svojim zavr\u0161nim fazama, kompozicija prelazi u izuzetno umiruju\u0107u, toplu i beskrajno postojanu bazu. Kaskada kremaste vanile majstorski se stapa sa prahom prefinjenog puderastog mo\u0161usa, dok bogati balzami\u010dni akordi dodaju suptilnu, smolastu dubinu. Ovaj luksuzni zavr\u0161etak ostavlja dugotrajan, o\u010daravaju\u0107i trag koji se urezuje u sje\u0107anje \u2013 pe\u010dat apsolutne njege i blistave ljepote koja traje satima.<\/p>","protected":false},"excerpt":{"rendered":"<p><strong>HERITAGE KOLEKCIJA<\/strong><\/p>\n<p><strong>Unisex \/ Extrait De Parfum \/ 50ml<\/strong><\/p>\n<p><strong>Mirisni profil: <\/strong>Cvjetni, Mo\u0161usni, Puderasti<\/p>\n<p><strong>Gornje note: <\/strong>Aldehidi, Mo\u0161us, Ylang-Ylang<br \/>\n<strong>Srednje note: <\/strong>Iris, Bijeli mo\u0161us, Heliotrop, Bijelo cvije\u0107e<br \/>\n<strong>Bazne note: <\/strong>Vanila, Puderaste note, Mo\u0161us, Balzami\u010dni akordi<\/p>","protected":false},"featured_media":2064,"template":"","meta":[],"product_brand":[84],"product_cat":[91,85,105],"product_tag":[89,87],"class_list":{"0":"post-2063","1":"product","2":"type-product","3":"status-publish","4":"has-post-thumbnail","6":"product_brand-swiss-arabian","7":"product_cat-extrait-de-parfum","8":"product_cat-perfumes","9":"product_cat-unisex","10":"product_tag-heritage-collection","11":"product_tag-swiss-arabian","13":"first","14":"instock","15":"taxable","16":"shipping-taxable","17":"purchasable","18":"product-type-variable"},"_links":{"self":[{"href":"https:\/\/zaharascents.me\/me\/wp-json\/wp\/v2\/product\/2063","targetHints":{"allow":["GET"]}}],"collection":[{"href":"https:\/\/zaharascents.me\/me\/wp-json\/wp\/v2\/product"}],"about":[{"href":"https:\/\/zaharascents.me\/me\/wp-json\/wp\/v2\/types\/product"}],"wp:featuredmedia":[{"embeddable":true,"href":"https:\/\/zaharascents.me\/me\/wp-json\/wp\/v2\/media\/2064"}],"wp:attachment":[{"href":"https:\/\/zaharascents.me\/me\/wp-json\/wp\/v2\/media?parent=2063"}],"wp:term":[{"taxonomy":"product_brand","embeddable":true,"href":"https:\/\/zaharascents.me\/me\/wp-json\/wp\/v2\/product_brand?post=2063"},{"taxonomy":"product_cat","embeddable":true,"href":"https:\/\/zaharascents.me\/me\/wp-json\/wp\/v2\/product_cat?post=2063"},{"taxonomy":"product_tag","embeddable":true,"href":"https:\/\/zaharascents.me\/me\/wp-json\/wp\/v2\/product_tag?post=2063"}],"curies":[{"name":"wp","href":"https:\/\/api.w.org\/{rel}","templated":true}]}}