{"id":2071,"date":"2025-10-09T02:05:56","date_gmt":"2025-10-09T02:05:56","guid":{"rendered":"http:\/\/zaharascents.me\/?post_type=product&#038;p=2071"},"modified":"2026-04-20T18:06:48","modified_gmt":"2026-04-20T18:06:48","slug":"swiss-arabian-ruza-01","status":"publish","type":"product","link":"https:\/\/zaharascents.me\/me\/shop\/swiss-arabian-rose-01\/","title":{"rendered":"Swiss Arabian Rose 01"},"content":{"rendered":"<h5>Mitski vrt cvjetne fantazije<\/h5>\n<p class=\"translation-block\"><strong>Swiss Arabian Rose 01<\/strong> je zadivljuju\u0107e remek-djelo iz presti\u017ene Heritage kolekcije, predstavljeno kao visoko koncentrisani <em>Extrait de Parfum<\/em>. Ovaj parfem je poeti\u010dna cvjetna fantazija koja \u010dula vodi u mitski vrt, gdje svaki povjetarac nosi miris romantike i svjetlosti. Kreiran je za osobu koja tra\u017ei mirisni pe\u010dat apsolutne ljepote \u2013 miris koji zra\u010di veli\u010danstvenom elegancijom i mekom sofisticirano\u0161\u0107u okupanom suncem.<\/p>\n<h5>Mirisni profil i kompozicija<\/h5>\n<p>Parfem se otvara blistavim i neodoljivim naletom suncem okupanog li\u010dija i iskri\u010davog italijanskog bergamota. Energi\u010dna toplina ru\u017ei\u010dastog bibera provla\u010di se kroz ovaj vibrantni uvod, dodaju\u0107i dinami\u010dnu i naelektrisanu iskru koja budi \u010dula. Ovo blistavo otvaranje pru\u017ea trenutan nalet energije, postavljaju\u0107i briljantan i radostan ton za rasko\u0161no putovanje koje slijedi.<\/p>\n<p>U svom srcu, Rose 01 otkriva veli\u010danstvenu i romanti\u010dnu cvjetnu krunu. Bezvremenska, medena elegancija bugarske ru\u017ee prelijepo je slojevita sa delikatnom, prozra\u010dnom slatko\u0107om rozih bo\u017eura i suptilnim, za\u010dinskim nagovje\u0161tajem mu\u0161katnog ora\u0161\u010di\u0107a. Ova sofisticirana srednja faza je majstorski strukturirana blagim drvenastim nijansama, stvaraju\u0107i o\u010daravaju\u0107i kontrast izme\u0111u cvjetne delikatnosti i mo\u0107nog, kraljevskog prisustva koje zasljepljuje du\u0161u.<\/p>\n<p>In its final stages, the composition descends into a profoundly warm, sensual, and everlasting foundation. The creamy sweetness of golden vanilla and clean white musk is masterfully enveloped in a \u201cvelvet cloak\u201d of precious cashmere wood. This luxurious dry-down leaves an enduring, sophisticated trail on the skin, radiating a sense of impeccable luxury and a mythical, sun-kissed charm that lasts for hours.<\/p>","protected":false},"excerpt":{"rendered":"<p><strong>HERITAGE KOLEKCIJA<\/strong><\/p>\n<p><strong>Unisex \/ Extrait De Parfum \/ 50ml<\/strong><\/p>\n<p><strong>Mirisni profil: <\/strong>Cvjetni, Vo\u0107ni, Drveni<\/p>\n<p><strong>Gornje note: <\/strong>Li\u010di, Italijanski bergamot, Ru\u017ei\u010dasti biber<br \/>\n<strong>Srednje note: <\/strong>Bugarska ru\u017ea, Rozi bo\u017eur, Mu\u0161katni ora\u0161\u010di\u0107<br \/>\n<strong>Bazne note: <\/strong>Vanila, Bijeli mo\u0161us, Ka\u0161mir drvo<\/p>","protected":false},"featured_media":2072,"template":"","meta":[],"product_brand":[84],"product_cat":[91,85,105],"product_tag":[89,87],"class_list":{"0":"post-2071","1":"product","2":"type-product","3":"status-publish","4":"has-post-thumbnail","6":"product_brand-swiss-arabian","7":"product_cat-extrait-de-parfum","8":"product_cat-perfumes","9":"product_cat-unisex","10":"product_tag-heritage-collection","11":"product_tag-swiss-arabian","13":"first","14":"instock","15":"taxable","16":"shipping-taxable","17":"purchasable","18":"product-type-variable"},"_links":{"self":[{"href":"https:\/\/zaharascents.me\/me\/wp-json\/wp\/v2\/product\/2071","targetHints":{"allow":["GET"]}}],"collection":[{"href":"https:\/\/zaharascents.me\/me\/wp-json\/wp\/v2\/product"}],"about":[{"href":"https:\/\/zaharascents.me\/me\/wp-json\/wp\/v2\/types\/product"}],"wp:featuredmedia":[{"embeddable":true,"href":"https:\/\/zaharascents.me\/me\/wp-json\/wp\/v2\/media\/2072"}],"wp:attachment":[{"href":"https:\/\/zaharascents.me\/me\/wp-json\/wp\/v2\/media?parent=2071"}],"wp:term":[{"taxonomy":"product_brand","embeddable":true,"href":"https:\/\/zaharascents.me\/me\/wp-json\/wp\/v2\/product_brand?post=2071"},{"taxonomy":"product_cat","embeddable":true,"href":"https:\/\/zaharascents.me\/me\/wp-json\/wp\/v2\/product_cat?post=2071"},{"taxonomy":"product_tag","embeddable":true,"href":"https:\/\/zaharascents.me\/me\/wp-json\/wp\/v2\/product_tag?post=2071"}],"curies":[{"name":"wp","href":"https:\/\/api.w.org\/{rel}","templated":true}]}}