{"id":2079,"date":"2025-10-09T02:02:33","date_gmt":"2025-10-09T02:02:33","guid":{"rendered":"http:\/\/zaharascents.me\/?post_type=product&#038;p=2079"},"modified":"2026-04-20T18:07:40","modified_gmt":"2026-04-20T18:07:40","slug":"swiss-arabian-musk-07","status":"publish","type":"product","link":"https:\/\/zaharascents.me\/me\/shop\/swiss-arabian-musk-07\/","title":{"rendered":"Swiss Arabian Musk 07"},"content":{"rendered":"<h5>Blistava simfonija crvenog vo\u0107a i mo\u0161usa<\/h5>\n<p class=\"translation-block\"><strong>Swiss Arabian Musk 07<\/strong> je zadivljuju\u0107i dragulj presti\u017ene Heritage kolekcije, predstavljen kao visoko koncentrisani <em>Extrait de Parfum<\/em>. Ovaj parfem je proslava so\u010dne rasko\u0161i, stapaju\u0107i duboku, privla\u010dnu misteriju mo\u0161usa sa vibrantnom eksplozijom vo\u0107a okupanog suncem. Kreiran za osobu koja tra\u017ei mirisni pe\u010dat blistave ljepote, nudi sofisticiranu auru koja je istovremeno neodoljiva i besprekorno prefinjena.<\/p>\n<h5>Mirisni profil i kompozicija<\/h5>\n<p>Parfem se otvara blistavim i primamljivim naletom crvenog vo\u0107a. O\u0161tra, iskri\u010dava energija nara majstorski je uparena sa dubokom, so\u010dnom slatko\u0107om crne ribizle. Ovaj blistavi uvod pru\u017ea trenutan osje\u0107aj energije i boje, stvaraju\u0107i zadivljuju\u0107i prvi utisak koji je istovremeno razigran i duboko luksuzan.<\/p>\n<p>As the initial fruitiness evolves upon the skin, the heart reveals a magnificent and romantic floral core. The timeless elegance of blooming roses is beautifully intertwined with the delicate, airy sweetness of lily of the valley. This sophisticated middle stage acts as a bridge between the vibrant top notes and the deeper base, creating a \u201ccaptivating bouquet\u201d that radiates grace and modern femininity.<\/p>\n<p>In its final stages, the composition descends into a profoundly warm, earthy, and everlasting foundation. A generous layer of clean, velvety musk is masterfully anchored by the rich, slightly herbal depth of patchouli. This magnificent dry-down ensures an unforgettable trail\u2014a \u201cmemorable signature\u201d that clings to the skin with incredible longevity, leaving an impression of impeccable grooming and effortless charm.<\/p>","protected":false},"excerpt":{"rendered":"<p><strong>HERITAGE KOLEKCIJA<\/strong><\/p>\n<p><strong>Unisex \/ Extrait De Parfum \/ 50ml<\/strong><\/p>\n<p><strong>Mirisni profil: <\/strong>Mo\u0161usni, Vo\u0107ni, Cvjetni<\/p>\n<p><strong>Gornje note: <\/strong>Nar, Crna ribizla<br \/>\n<strong>Srednje note: <\/strong>Ru\u017ea, \u0110ur\u0111evak<br \/>\n<strong>Bazne note: <\/strong>Pa\u010duli, Mo\u0161us<\/p>","protected":false},"featured_media":2080,"template":"","meta":[],"product_brand":[84],"product_cat":[91,85,105],"product_tag":[89,87],"class_list":{"0":"post-2079","1":"product","2":"type-product","3":"status-publish","4":"has-post-thumbnail","6":"product_brand-swiss-arabian","7":"product_cat-extrait-de-parfum","8":"product_cat-perfumes","9":"product_cat-unisex","10":"product_tag-heritage-collection","11":"product_tag-swiss-arabian","13":"first","14":"instock","15":"taxable","16":"shipping-taxable","17":"purchasable","18":"product-type-variable"},"_links":{"self":[{"href":"https:\/\/zaharascents.me\/me\/wp-json\/wp\/v2\/product\/2079","targetHints":{"allow":["GET"]}}],"collection":[{"href":"https:\/\/zaharascents.me\/me\/wp-json\/wp\/v2\/product"}],"about":[{"href":"https:\/\/zaharascents.me\/me\/wp-json\/wp\/v2\/types\/product"}],"wp:featuredmedia":[{"embeddable":true,"href":"https:\/\/zaharascents.me\/me\/wp-json\/wp\/v2\/media\/2080"}],"wp:attachment":[{"href":"https:\/\/zaharascents.me\/me\/wp-json\/wp\/v2\/media?parent=2079"}],"wp:term":[{"taxonomy":"product_brand","embeddable":true,"href":"https:\/\/zaharascents.me\/me\/wp-json\/wp\/v2\/product_brand?post=2079"},{"taxonomy":"product_cat","embeddable":true,"href":"https:\/\/zaharascents.me\/me\/wp-json\/wp\/v2\/product_cat?post=2079"},{"taxonomy":"product_tag","embeddable":true,"href":"https:\/\/zaharascents.me\/me\/wp-json\/wp\/v2\/product_tag?post=2079"}],"curies":[{"name":"wp","href":"https:\/\/api.w.org\/{rel}","templated":true}]}}