{"id":2087,"date":"2025-10-09T02:07:33","date_gmt":"2025-10-09T02:07:33","guid":{"rendered":"http:\/\/zaharascents.me\/?post_type=product&#038;p=2087"},"modified":"2026-04-20T18:06:13","modified_gmt":"2026-04-20T18:06:13","slug":"svicarski-arapski-duhan-01","status":"publish","type":"product","link":"https:\/\/zaharascents.me\/me\/shop\/swiss-arabian-tobacco-01\/","title":{"rendered":"Swiss Arabian duhan 01"},"content":{"rendered":"<h5>A Masterpiece of Honeyed Smoke and Ambery Mistery<\/h5>\n<p class=\"translation-block\"><strong>Swiss Arabian Tobacco 01<\/strong> je krunsko dostignu\u0107e unutar presti\u017ene Heritage kolekcije, predstavljeno kao visoko koncentrisani <em>Extrait de Parfum<\/em>. Ovaj miris je hrabra i moderna reinterpretacija klasi\u010dne note duvana, pro\u017eeta tamnom slatko\u0107om i orijentalnom misterijom. Kreiran je za osobu koja osvaja prostor kroz uro\u0111eni \u0161arm i eleganciju, ostavljaju\u0107i za sobom trag koji je istovremeno duboko mo\u0107an i neodoljivo topao.<\/p>\n<h5>Mirisni profil i kompozicija<\/h5>\n<p>Parfem se otvara provokativnom i so\u010dnom eksplozijom tamne \u0161ljive i hrskave jabuke, majstorski za\u010dinjenom o\u0161trim, energi\u010dnim iskrama ru\u017ei\u010dastog bibera, kumina i sladi\u0107a. Ovaj intenzivan i kompleksan uvod pru\u017ea trenutan osje\u0107aj dubine i karaktera, postavljaju\u0107i veli\u010danstvenu scenu za rasko\u0161no mirisno putovanje koje slijedi.<\/p>\n<p>U svom srcu, Tobacco 01 otkriva svoju egzoti\u010dnu i senzualnu prirodu. Bogati, smolasti labdanum i topli amber formiraju u\u017earenu sr\u017e, dok cvjetna elegancija ylang-ylanga i zemljana dubina pa\u010dulija dodaju misterioznu, atmosfersku auru. Ova srednja faza stvara savr\u0161en balans izme\u0111u drevne orijentalne tradicije i savremene niche sofisticiranosti.<\/p>\n<p>In its final stages, the composition descends into a profoundly deep, creamy, and everlasting foundation. The star note of tobacco is masterfully enveloped in the indulgent richness of golden honey and Bourbon vanilla, while sandalwood, musk, and soft cashmere provide a velvety, \u201csecond-skin\u201d finish. This magnificent dry-down ensures a mesmerizing sillage that radiates authority and impeccable taste for hours on end.<\/p>","protected":false},"excerpt":{"rendered":"<p><strong>HERITAGE KOLEKCIJA<\/strong><\/p>\n<p><strong>Unisex \/ Extrait De Parfum \/ 50ml<\/strong><\/p>\n<p><strong>Mirisni profil: <\/strong>Drveni, Za\u010dinski, Amberni<\/p>\n<p><strong>Gornje note: <\/strong>\u0160ljiva, Jabuka, Ru\u017ei\u010dasti biber, Kumin, Sladi\u0107<br \/>\n<strong>Srednje note: <\/strong>Labdanum, Amber, Ylang-Ylang, Pa\u010duli<br \/>\n<strong>Bazne note: <\/strong>Duvan, Med, Vanila, Sandalovina, Mo\u0161us, Ka\u0161mir<\/p>","protected":false},"featured_media":2088,"template":"","meta":[],"product_brand":[84],"product_cat":[91,85,105],"product_tag":[89,87],"class_list":{"0":"post-2087","1":"product","2":"type-product","3":"status-publish","4":"has-post-thumbnail","6":"product_brand-swiss-arabian","7":"product_cat-extrait-de-parfum","8":"product_cat-perfumes","9":"product_cat-unisex","10":"product_tag-heritage-collection","11":"product_tag-swiss-arabian","13":"first","14":"instock","15":"featured","16":"taxable","17":"shipping-taxable","18":"purchasable","19":"product-type-variable"},"_links":{"self":[{"href":"https:\/\/zaharascents.me\/me\/wp-json\/wp\/v2\/product\/2087","targetHints":{"allow":["GET"]}}],"collection":[{"href":"https:\/\/zaharascents.me\/me\/wp-json\/wp\/v2\/product"}],"about":[{"href":"https:\/\/zaharascents.me\/me\/wp-json\/wp\/v2\/types\/product"}],"wp:featuredmedia":[{"embeddable":true,"href":"https:\/\/zaharascents.me\/me\/wp-json\/wp\/v2\/media\/2088"}],"wp:attachment":[{"href":"https:\/\/zaharascents.me\/me\/wp-json\/wp\/v2\/media?parent=2087"}],"wp:term":[{"taxonomy":"product_brand","embeddable":true,"href":"https:\/\/zaharascents.me\/me\/wp-json\/wp\/v2\/product_brand?post=2087"},{"taxonomy":"product_cat","embeddable":true,"href":"https:\/\/zaharascents.me\/me\/wp-json\/wp\/v2\/product_cat?post=2087"},{"taxonomy":"product_tag","embeddable":true,"href":"https:\/\/zaharascents.me\/me\/wp-json\/wp\/v2\/product_tag?post=2087"}],"curies":[{"name":"wp","href":"https:\/\/api.w.org\/{rel}","templated":true}]}}