{"id":2096,"date":"2025-10-09T02:08:26","date_gmt":"2025-10-09T02:08:26","guid":{"rendered":"http:\/\/zaharascents.me\/?post_type=product&#038;p=2096"},"modified":"2026-04-20T18:05:54","modified_gmt":"2026-04-20T18:05:54","slug":"svicarski-arapski-tamjan-01","status":"publish","type":"product","link":"https:\/\/zaharascents.me\/me\/shop\/swiss-arabian-incense-01\/","title":{"rendered":"\u0160vicarski Arapski Tamjan 01"},"content":{"rendered":"<h5>Sveti odjek vanvremenske misterije<\/h5>\n<p class=\"translation-block\"><strong>Swiss Arabian Incense 01<\/strong> je veli\u010danstveni <em>Extrait de Parfum<\/em> iz presti\u017ene Heritage kolekcije koji redefini\u0161e drevnu privla\u010dnost dima i smole. Ovaj parfem je duboko mirisno putovanje koje premo\u0161\u0107ava jaz izme\u0111u svetog i rasko\u0161nog, obavijaju\u0107i onoga ko ga nosi aurom tihe mo\u0107i i prefinjene mistike. Kreiran je za moderne vizionare koji cijene miris koji je istovremeno istorijski utemeljen i zapanjuju\u0107e savremen.<\/p>\n<h5>Mirisni profil i kompozicija<\/h5>\n<p>Parfem se otvara upe\u010datljivim i sofisticiranim naletom dimljenog tamjana i o\u0161tre topline odle\u017ealog ruma. Ovaj intenzivan uvod je majstorski osvijetljen iskri\u010davom energijom italijanskog bergamota i hrskavim, aromati\u010dnim tonom kleke. To je otvaranje koje momentalno komanduje pa\u017enjom, stvaraju\u0107i atmosferu koja je istovremeno o\u0161tra i privla\u010dno topla.<\/p>\n<p>Kako po\u010detni dim po\u010dinje da se sti\u0161ava, srce otkriva neo\u010dekivan i primamljiv karakter. Kremasta, zelena slatko\u0107a zrele smokve i delikatni cvjetni dah \u0111ur\u0111evka besprekorno su isprepleteni sa bogatom, zaraznom sr\u017ei pr\u017eenog badema i lje\u0161nika. Ova jedinstvena ora\u0161asto-cvjetna faza dodaje luksuznu, teksturalnu dubinu kompoziciji, transformi\u0161u\u0107i tamjan u masterklas moderne gurmanske elegancije.<\/p>\n<p>U svojim zavr\u0161nim fazama, kompozicija prelazi u izuzetno duboku, zemljanu i beskrajno postojanu bazu. Strukturna snaga kedrovine i kremasta toplina sandalovine pru\u017eaju \u010dvrst oslonac, dok taman, bar\u0161unast akord gorke \u010dokolade i burbon vanile dodaje senzualnu, dugotrajnu slatko\u0107u. Zavr\u0161ni veo mahovine i povratak svetog tamjana osiguravaju nezaboravan mirisni trag koji zra\u010di drevnom mudro\u0161\u0107u i beskompromisnim luksuzom.<\/p>","protected":false},"excerpt":{"rendered":"<p><strong>HERITAGE KOLEKCIJA<\/strong><\/p>\n<p><strong>Unisex \/ Extrait De Parfum \/ 50ml<\/strong><\/p>\n<p><strong>Mirisni profil: <\/strong>Drvenasti, Amberni, Gurmanski<\/p>\n<p><strong>Gornje note: <\/strong>Tamjan, Rum, Bergamot, Kleka<br \/>\n<strong>Srednje note: <\/strong>Smokva, \u0110ur\u0111evak, Pr\u017eeni badem, Lje\u0161nik<br \/>\n<strong>Bazne note: <\/strong>Tamjan, Kedar, Sandalovina, Crna \u010dokolada, Vanila, Mahovina<\/p>","protected":false},"featured_media":2097,"template":"","meta":[],"product_brand":[84],"product_cat":[91,85,105],"product_tag":[89,87],"class_list":{"0":"post-2096","1":"product","2":"type-product","3":"status-publish","4":"has-post-thumbnail","6":"product_brand-swiss-arabian","7":"product_cat-extrait-de-parfum","8":"product_cat-perfumes","9":"product_cat-unisex","10":"product_tag-heritage-collection","11":"product_tag-swiss-arabian","13":"first","14":"outofstock","15":"taxable","16":"shipping-taxable","17":"purchasable","18":"product-type-variable"},"_links":{"self":[{"href":"https:\/\/zaharascents.me\/me\/wp-json\/wp\/v2\/product\/2096","targetHints":{"allow":["GET"]}}],"collection":[{"href":"https:\/\/zaharascents.me\/me\/wp-json\/wp\/v2\/product"}],"about":[{"href":"https:\/\/zaharascents.me\/me\/wp-json\/wp\/v2\/types\/product"}],"wp:featuredmedia":[{"embeddable":true,"href":"https:\/\/zaharascents.me\/me\/wp-json\/wp\/v2\/media\/2097"}],"wp:attachment":[{"href":"https:\/\/zaharascents.me\/me\/wp-json\/wp\/v2\/media?parent=2096"}],"wp:term":[{"taxonomy":"product_brand","embeddable":true,"href":"https:\/\/zaharascents.me\/me\/wp-json\/wp\/v2\/product_brand?post=2096"},{"taxonomy":"product_cat","embeddable":true,"href":"https:\/\/zaharascents.me\/me\/wp-json\/wp\/v2\/product_cat?post=2096"},{"taxonomy":"product_tag","embeddable":true,"href":"https:\/\/zaharascents.me\/me\/wp-json\/wp\/v2\/product_tag?post=2096"}],"curies":[{"name":"wp","href":"https:\/\/api.w.org\/{rel}","templated":true}]}}